{"id":28760,"date":"2021-10-25T16:38:48","date_gmt":"2021-10-25T13:38:48","guid":{"rendered":"https:\/\/hookahshop.lt\/?post_type=product&#038;p=28760"},"modified":"2026-04-15T12:28:56","modified_gmt":"2026-04-15T09:28:56","slug":"kaljanas-maklaud-dzen-f-skull-k","status":"publish","type":"product","link":"https:\/\/hookahshop.lt\/lv\/produkt\/udenspipe-maklaud-dzen-f-skull-k\/","title":{"rendered":"\u016adensp\u012bpe MAKLAUD Dzen F Skull K"},"content":{"rendered":"<h2>\u016adensp\u012bpe MAKLAUD Dzen F Skull K<\/h2>\n<p>T\u0101 ir \u016bdensp\u012bpe, kas neatst\u0101s j\u016bs vienaldz\u012bgu. T\u0101 ir \u016bdensp\u012bpe, kas patiks gan pieredz\u0113ju\u0161am, gan ies\u0101c\u0113jam. Maklaud \u016bdensp\u012bpes ir slavenas ar savu ori\u0123in\u0101lo dizainu un ekstravagantaj\u0101m deta\u013c\u0101m. Maklaud dizains ir izstr\u0101d\u0101ts l\u012bdz s\u012bk\u0101m deta\u013c\u0101m, kas atst\u0101j neizdz\u0113\u0161amu iespaidu. \u0160\u012b \u016bdensp\u012bpe ir izgatavota no iztur\u012bgiem un iztur\u012bgiem materi\u0101liem, lai kalpotu ilgi un nezaud\u0113tu savu s\u0101kotn\u0113jo \u0161armu.<\/p>\n<p><strong>Specifik\u0101cijas:<\/strong><br \/>\nV\u0101rpstas materi\u0101ls: ner\u016bs\u0113jo\u0161ais t\u0113rauds AISI 304<br \/>\nSvars: 1 kg<br \/>\nMateri\u0101ls: misi\u0146\u0161<br \/>\nPamata materi\u0101ls: ner\u016bs\u0113jo\u0161ais t\u0113rauds AISI 304<br \/>\nKolbas savienojums: ner\u016bs\u0113jo\u0161ais t\u0113rauds AISI 304<br \/>\n\u0160\u013c\u016btenes savienojums: ner\u016bs\u0113jo\u0161ais t\u0113rauds AISI 304<br \/>\nV\u0101rpstas augstums: 48,5 cm<br \/>\nV\u0101rsts: \u0101r\u0113jais<br \/>\nMont\u0101\u017eas sist\u0113ma: starpposma<br \/>\nDifuzors: neregul\u0113jams<br \/>\nKolbas iek\u0161\u0113jais diametrs: 14 mm<\/p>\n<p><strong>Apr\u012bkojums:<\/strong><br \/>\nV\u0101rpsta<br \/>\nPlate<br \/>\nKolbas bl\u012bve<br \/>\nRezerves v\u0101rsta bumbi\u0146a<br \/>\nMaklaud firmas kaste<\/p>\n<p><img decoding=\"async\" loading=\"lazy\" class=\"alignnone size-medium wp-image-38602\" src=\"https:\/\/hookahshop.lt\/wp-content\/uploads\/2021\/08\/tik-stiebas-1-300x273.jpg\" alt=\"- hookahshop.lt\" width=\"300\" height=\"273\" srcset=\"https:\/\/hookahshop.lt\/wp-content\/uploads\/2021\/08\/tik-stiebas-1-300x273.jpg 300w, https:\/\/hookahshop.lt\/wp-content\/uploads\/2021\/08\/tik-stiebas-1-13x12.jpg 13w, https:\/\/hookahshop.lt\/wp-content\/uploads\/2021\/08\/tik-stiebas-1-64x58.jpg 64w, https:\/\/hookahshop.lt\/wp-content\/uploads\/2021\/08\/tik-stiebas-1.jpg 420w\" sizes=\"(max-width: 300px) 100vw, 300px\" title=\"\"><\/p>\n<p>Vai jums ir k\u0101di jaut\u0101jumi? Sazinies ar mums <a href=\"https:\/\/hookahshop.lt\/lv\/kontaktiem\/\">kontaktu lapa<\/a>\u00a0vai rakstiet mums pa e-pastu\u00a0<a href=\"https:\/\/facebook.com\/HookahShop.lt\/\" target=\"_blank\" rel=\"noopener noreferrer\">Facebook konts<\/a>\u00a0un m\u0113s atbild\u0113sim uz j\u016bsu piepras\u012bjumu taj\u0101 pa\u0161\u0101 dien\u0101.<\/p>","protected":false},"excerpt":{"rendered":"<p>\u016adensp\u012bpe MAKLAUD Dzen F Skull K \u0160\u012b ir \u016bdensp\u012bpe, kas neatst\u0101s j\u016bs vienaldz\u012bgu. \u0160\u012b ir \u016bdensp\u012bpe, kas patiks gan pieredz\u0113ju\u0161am, gan ies\u0101c\u0113jam. Maklaud \u016bdensp\u012bpes ir slavenas ar savu ori\u0123in\u0101lo dizainu un ekstravagantaj\u0101m deta\u013c\u0101m. Maklaud dizains ir izstr\u0101d\u0101ts l\u012bdz maz\u0101kaj\u0101m deta\u013c\u0101m, kas atst\u0101j neizdz\u0113\u0161amu iespaidu. \u0160\u012b \u016bdensp\u012bpe ir izgatavota no iztur\u012bgiem un iztur\u012bgiem materi\u0101liem, lai kalpotu ilgu laiku un nezaud\u0113tu savu s\u0101kotn\u0113jo [\u2026]<\/p>","protected":false},"featured_media":28761,"comment_status":"open","ping_status":"closed","template":"","meta":[],"_links":{"self":[{"href":"https:\/\/hookahshop.lt\/lv\/wp-json\/wp\/v2\/product\/28760"}],"collection":[{"href":"https:\/\/hookahshop.lt\/lv\/wp-json\/wp\/v2\/product"}],"about":[{"href":"https:\/\/hookahshop.lt\/lv\/wp-json\/wp\/v2\/types\/product"}],"replies":[{"embeddable":true,"href":"https:\/\/hookahshop.lt\/lv\/wp-json\/wp\/v2\/comments?post=28760"}],"version-history":[{"count":7,"href":"https:\/\/hookahshop.lt\/lv\/wp-json\/wp\/v2\/product\/28760\/revisions"}],"predecessor-version":[{"id":38608,"href":"https:\/\/hookahshop.lt\/lv\/wp-json\/wp\/v2\/product\/28760\/revisions\/38608"}],"wp:featuredmedia":[{"embeddable":true,"href":"https:\/\/hookahshop.lt\/lv\/wp-json\/wp\/v2\/media\/28761"}],"wp:attachment":[{"href":"https:\/\/hookahshop.lt\/lv\/wp-json\/wp\/v2\/media?parent=28760"}],"curies":[{"name":"wp","href":"https:\/\/api.w.org\/{rel}","templated":true}]}}