{"id":28764,"date":"2021-10-25T17:25:19","date_gmt":"2021-10-25T14:25:19","guid":{"rendered":"https:\/\/hookahshop.lt\/?post_type=product&#038;p=28764"},"modified":"2026-04-16T10:21:04","modified_gmt":"2026-04-16T07:21:04","slug":"kandiklis-kaljanui-maklaud-bear","status":"publish","type":"product","link":"https:\/\/hookahshop.lt\/lv\/produkt\/iemuti-for-udenspipei-maklada-lacim\/","title":{"rendered":"\u0100\u0137is \u016bdensp\u012bpei MAKLAUD L\u0101cis"},"content":{"rendered":"<h2>\u0100\u0137is \u016bdensp\u012bpei MAKLAUD L\u0101cis<\/h2>\n<p>Ekskluz\u012bvs augstas kvalit\u0101tes ori\u0123in\u0101lais iemutnis Maklaud meln\u0101 kr\u0101s\u0101. Piem\u0113rots vis\u0101m silikona \u0161\u013c\u016bten\u0113m ar iek\u0161\u0113jo diametru 10-11mm. Piem\u0113rots da\u017e\u0101da veida vienreizlietojamiem iemutiem.<\/p>\n<p><strong>Raksturojums:<\/strong><br \/>\nMateri\u0101ls: alum\u012bnijs (misi\u0146a ieliktnis)<br \/>\nIemutes garums: 403 mm<br \/>\nIemu\u013ca iek\u0161\u0113jais diametrs: 10 mm<br \/>\nSvars: apm\u0113ram 205 g<\/p>\n<p>Izcelsmes valsts: Krievija<\/p>\n<p>Vai jums ir k\u0101di jaut\u0101jumi? Sazinies ar mums <a href=\"https:\/\/hookahshop.lt\/lv\/kontaktiem\/\">kontaktu lapa<\/a>\u00a0vai rakstiet mums pa e-pastu\u00a0<a href=\"https:\/\/facebook.com\/HookahShop.lt\/\" target=\"_blank\" rel=\"noopener noreferrer\">Facebook konts<\/a>\u00a0un m\u0113s atbild\u0113sim uz j\u016bsu piepras\u012bjumu taj\u0101 pa\u0161\u0101 dien\u0101.<\/p>\n<p>&nbsp;<\/p>","protected":false},"excerpt":{"rendered":"<p>M\u016b\u0137is \u016bdensp\u012bpei MAKLAUD Bear Ekskluz\u012bvs augstas kvalit\u0101tes ori\u0123in\u0101lais iemutis Maklaud meln\u0101 kr\u0101s\u0101. Piem\u0113rots vis\u0101m silikona \u0161\u013c\u016bten\u0113m ar iek\u0161\u0113jo diametru 10-11mm. Piem\u0113rots da\u017e\u0101da veida vienreizlietojamiem iemutiem. Raksturojums: Materi\u0101ls: Alum\u012bnijs (misi\u0146a ieliktnis) Izp\u016bt\u0113ja garums: 403 mm Izp\u016bt\u0113ja iek\u0161\u0113jais diametrs: 10 mm Svars: aptuveni 205 g Izcelsmes valsts: Krievija Vai ir k\u0101di jaut\u0101jumi? Sazinieties ar mums kontaktu lap\u0101 vai rakstiet [\u2026]<\/p>","protected":false},"featured_media":28810,"comment_status":"open","ping_status":"closed","template":"","meta":[],"_links":{"self":[{"href":"https:\/\/hookahshop.lt\/lv\/wp-json\/wp\/v2\/product\/28764"}],"collection":[{"href":"https:\/\/hookahshop.lt\/lv\/wp-json\/wp\/v2\/product"}],"about":[{"href":"https:\/\/hookahshop.lt\/lv\/wp-json\/wp\/v2\/types\/product"}],"replies":[{"embeddable":true,"href":"https:\/\/hookahshop.lt\/lv\/wp-json\/wp\/v2\/comments?post=28764"}],"version-history":[{"count":5,"href":"https:\/\/hookahshop.lt\/lv\/wp-json\/wp\/v2\/product\/28764\/revisions"}],"predecessor-version":[{"id":32797,"href":"https:\/\/hookahshop.lt\/lv\/wp-json\/wp\/v2\/product\/28764\/revisions\/32797"}],"wp:featuredmedia":[{"embeddable":true,"href":"https:\/\/hookahshop.lt\/lv\/wp-json\/wp\/v2\/media\/28810"}],"wp:attachment":[{"href":"https:\/\/hookahshop.lt\/lv\/wp-json\/wp\/v2\/media?parent=28764"}],"curies":[{"name":"wp","href":"https:\/\/api.w.org\/{rel}","templated":true}]}}