{"id":28770,"date":"2021-10-25T17:29:55","date_gmt":"2021-10-25T14:29:55","guid":{"rendered":"https:\/\/hookahshop.lt\/?post_type=product&#038;p=28770"},"modified":"2026-04-16T10:20:45","modified_gmt":"2026-04-16T07:20:45","slug":"difuzorius-embery-2-0-mono-minimono-black","status":"publish","type":"product","link":"https:\/\/hookahshop.lt\/lv\/produkt\/difuzors-embery-2-0-mono-minimono-melns\/","title":{"rendered":"Difuzors EMBERY 2.0 Mono \/ MiniMono Black"},"content":{"rendered":"<h2>Difuzors EMBERY 2.0 Mono \/ MiniMono Black<\/h2>\n<p>Plastmasas difuzors regul\u0113 \u016bdensp\u012bpes gaisa pl\u016bsmu un to apklusina. Darb\u012bba ir l\u012bdz\u012bga filtram, jo tas sadala gaisa burbu\u013cus, kas pace\u013cas kolb\u0101. Tas atdzes\u0113 d\u016bmus kolb\u0101. Tas ar\u012b nedaudz apklusina \u016bdensp\u012bpes burbu\u013co\u0161anas ska\u0146u, lai rad\u012btu klus\u0101ku vidi, piem. skatoties filmu vai sazinoties ar citiem.<\/p>\n<p>Lieto\u0161ana:<br \/>\nDifuzors ir uzst\u0101d\u012bts uz \u016bdensp\u012bpes \u0101\u0137a (stumbra) gala.<\/p>\n<p>Specifik\u0101cijas:<br \/>\nMateri\u0101ls: Plastmasa<\/p>\n<p><strong>Piem\u0113rots tikai \u016bdensp\u012bp\u0113m: EMBERY Mono \/ MiniMono<\/strong><\/p>\n<p>Vai jums ir k\u0101di jaut\u0101jumi? Sazinies ar mums <a href=\"https:\/\/hookahshop.lt\/lv\/kontaktiem\/\">kontaktu lapa<\/a>\u00a0vai rakstiet mums pa e-pastu\u00a0<a href=\"https:\/\/facebook.com\/HookahShop.lt\/\" target=\"_blank\" rel=\"noopener noreferrer\">Facebook konts<\/a>\u00a0un m\u0113s atbild\u0113sim uz j\u016bsu piepras\u012bjumu taj\u0101 pa\u0161\u0101 dien\u0101.<\/p>\n<p>&nbsp;<\/p>","protected":false},"excerpt":{"rendered":"<p>Difuzors EMBERY 2.0 Mono\/MiniMono Black Plastmasas difuzors regul\u0113 \u016bdensp\u012bpes gaisa pl\u016bsmu un apklusina to. Darba process ir l\u012bdz\u012bgs filtram, jo tas sadala gaisa burbu\u013cus, kas pace\u013cas kolb\u0101. T\u0101d\u0101 veid\u0101 d\u016bmi kolb\u0101 tiek atdzes\u0113ti. Tas ar\u012b nedaudz sl\u0101p\u0113 \u016bdensp\u012bpes burbu\u013cojo\u0161o ska\u0146u, klus\u0101kai videi piem. skatoties filmu vai mijiedarbojoties ar citiem. Lieto\u0161ana: difuzors tiek novietots uz \u016bdensp\u012bpes v\u0101rpstas (k\u0101ta) [...]<\/p>","protected":false},"featured_media":28771,"comment_status":"open","ping_status":"closed","template":"","meta":[],"_links":{"self":[{"href":"https:\/\/hookahshop.lt\/lv\/wp-json\/wp\/v2\/product\/28770"}],"collection":[{"href":"https:\/\/hookahshop.lt\/lv\/wp-json\/wp\/v2\/product"}],"about":[{"href":"https:\/\/hookahshop.lt\/lv\/wp-json\/wp\/v2\/types\/product"}],"replies":[{"embeddable":true,"href":"https:\/\/hookahshop.lt\/lv\/wp-json\/wp\/v2\/comments?post=28770"}],"version-history":[{"count":9,"href":"https:\/\/hookahshop.lt\/lv\/wp-json\/wp\/v2\/product\/28770\/revisions"}],"predecessor-version":[{"id":43101,"href":"https:\/\/hookahshop.lt\/lv\/wp-json\/wp\/v2\/product\/28770\/revisions\/43101"}],"wp:featuredmedia":[{"embeddable":true,"href":"https:\/\/hookahshop.lt\/lv\/wp-json\/wp\/v2\/media\/28771"}],"wp:attachment":[{"href":"https:\/\/hookahshop.lt\/lv\/wp-json\/wp\/v2\/media?parent=28770"}],"curies":[{"name":"wp","href":"https:\/\/api.w.org\/{rel}","templated":true}]}}