{"id":28780,"date":"2021-10-25T17:39:52","date_gmt":"2021-10-25T14:39:52","guid":{"rendered":"https:\/\/hookahshop.lt\/?post_type=product&#038;p=28780"},"modified":"2026-04-15T23:29:18","modified_gmt":"2026-04-15T20:29:18","slug":"znyples-kaljano-anglims-embery-mini-black","status":"publish","type":"product","link":"https:\/\/hookahshop.lt\/lv\/produkt\/udenspipe-udenspipe-ogles-embery-mini-melns\/","title":{"rendered":"\u016adensp\u012bpes og\u013cu knaibles EMBERY Mini Black"},"content":{"rendered":"<h2>\u016adensp\u012bpes og\u013cu knaibles EMBERY Mini Black<\/h2>\n<p>Minim\u0101lisma dizaina knaibles no augstas kvalit\u0101tes materi\u0101liem. \u0160\u012bs knaibles ir \u013coti \u0113rtas p\u0113c izm\u0113ra un neliecas, kad t\u0101s tiek lietotas. T\u0101 kompaktuma d\u0113\u013c lieliski piem\u0113rota ce\u013cojumu \u016bdensp\u012bp\u0113m.<\/p>\n<p><strong>Specifik\u0101cija:<\/strong><br \/>\nMateri\u0101ls: ner\u016bs\u0113jo\u0161ais t\u0113rauds<br \/>\nSvars: 62 g<br \/>\nGarums - 16 cm<br \/>\nKr\u0101sa melna<br \/>\nIzcelsmes valsts: Ukraina<\/p>\n<p>Vai jums ir k\u0101di jaut\u0101jumi? Sazinies ar mums <a href=\"https:\/\/hookahshop.lt\/lv\/kontaktiem\/\">kontaktu lapa<\/a>\u00a0vai rakstiet mums pa e-pastu\u00a0<a href=\"https:\/\/facebook.com\/HookahShop.lt\/\" target=\"_blank\" rel=\"noopener noreferrer\">Facebook konts<\/a>\u00a0un m\u0113s atbild\u0113sim uz j\u016bsu piepras\u012bjumu taj\u0101 pa\u0161\u0101 dien\u0101.<\/p>","protected":false},"excerpt":{"rendered":"<p>Knaibles \u016bdensp\u012bpes ogl\u0113m EMBERY Mini Black Minim\u0101lisma dizaina knaibles, izgatavotas no augstas kvalit\u0101tes materi\u0101liem. \u0160\u012bs knaibles ir \u013coti \u0113rta izm\u0113ra un nesabr\u016bk lieto\u0161anas laik\u0101. T\u0101 kompaktuma d\u0113\u013c lieliski piem\u0113rota ce\u013cojumu \u016bdensp\u012bp\u0113m. Specifik\u0101cija: Materi\u0101ls: ner\u016bs\u0113jo\u0161ais t\u0113rauds Svars: 62 g Garums - 16 cm Kr\u0101sa - melna Izcelsmes valsts: Ukraina Vai ir k\u0101di jaut\u0101jumi? Sazinieties ar mums kontaktu lap\u0101 vai rakstiet [\u2026]<\/p>","protected":false},"featured_media":28781,"comment_status":"open","ping_status":"closed","template":"","meta":[],"_links":{"self":[{"href":"https:\/\/hookahshop.lt\/lv\/wp-json\/wp\/v2\/product\/28780"}],"collection":[{"href":"https:\/\/hookahshop.lt\/lv\/wp-json\/wp\/v2\/product"}],"about":[{"href":"https:\/\/hookahshop.lt\/lv\/wp-json\/wp\/v2\/types\/product"}],"replies":[{"embeddable":true,"href":"https:\/\/hookahshop.lt\/lv\/wp-json\/wp\/v2\/comments?post=28780"}],"version-history":[{"count":9,"href":"https:\/\/hookahshop.lt\/lv\/wp-json\/wp\/v2\/product\/28780\/revisions"}],"predecessor-version":[{"id":45715,"href":"https:\/\/hookahshop.lt\/lv\/wp-json\/wp\/v2\/product\/28780\/revisions\/45715"}],"wp:featuredmedia":[{"embeddable":true,"href":"https:\/\/hookahshop.lt\/lv\/wp-json\/wp\/v2\/media\/28781"}],"wp:attachment":[{"href":"https:\/\/hookahshop.lt\/lv\/wp-json\/wp\/v2\/media?parent=28780"}],"curies":[{"name":"wp","href":"https:\/\/api.w.org\/{rel}","templated":true}]}}