{"id":28785,"date":"2021-10-25T18:06:29","date_gmt":"2021-10-25T15:06:29","guid":{"rendered":"https:\/\/hookahshop.lt\/?post_type=product&#038;p=28785"},"modified":"2026-04-18T23:28:53","modified_gmt":"2026-04-18T20:28:53","slug":"karscio-kamera-hoob-pyro-classic-2","status":"publish","type":"product","link":"https:\/\/hookahshop.lt\/lv\/produkt\/siltuma-kamera-hob-pyro-classic-2\/","title":{"rendered":"Siltuma kamera Hoob Pyro Classic 2"},"content":{"rendered":"<h2>Siltuma kamera Hoob Pyro Classic 2<\/h2>\n<p>Uz kr\u016bz\u012btes folijas viet\u0101 izmantojam siltuma kameru<br \/>\nIzgatavots no alum\u012bnija ar gumijas aizsardz\u012bbu<br \/>\nAtvieglota drud\u017ea kontrole<br \/>\n(Piem\u0113rots ori\u0123in\u0101laj\u0101m apa\u013caj\u0101m kr\u016bz\u012bt\u0113m)<\/p>\n<p>T\u0101pat k\u0101 folija, ar\u012b Pyra Classic 2 Heat Chamber ir izgatavota no alum\u012bnija, un t\u0101p\u0113c tai ir t\u0101das pa\u0161as siltuma p\u0101rneses \u012bpa\u0161\u012bbas. Siltuma kameras mal\u0101s ir novietots gumijas aizsargs, lai pasarg\u0101tu j\u016bs no apdegumiem.<br \/>\nKatru reizi, kad izmantojat \u0161o siltuma kameru, j\u016bs ieg\u016bsit izcilu sm\u0113\u0137\u0113\u0161anas kvalit\u0101ti un maksim\u0101lu baud\u012bjumu.<\/p>\n<p>Vai jums ir k\u0101di jaut\u0101jumi? Sazinies ar mums <a href=\"https:\/\/hookahshop.lt\/lv\/kontaktiem\/\">kontaktu lapa<\/a>\u00a0vai rakstiet mums pa e-pastu\u00a0<a href=\"https:\/\/facebook.com\/HookahShop.lt\/\" target=\"_blank\" rel=\"noopener noreferrer\">Facebook konts<\/a>\u00a0un m\u0113s atbild\u0113sim uz j\u016bsu piepras\u012bjumu taj\u0101 pa\u0161\u0101 dien\u0101.<\/p>","protected":false},"excerpt":{"rendered":"<p>Siltuma kamera Hoob Pyro Classic 2 Siltuma kamera izmanto\u0161anai folijas viet\u0101 uz kr\u016bzes Izgatavota no alum\u012bnija ar gumijas aizsardz\u012bbu Vienk\u0101r\u0161a temperat\u016bras kontrole (piem\u0113rota ori\u0123in\u0101laj\u0101m apa\u013caj\u0101m kr\u016bz\u0113m) T\u0101pat k\u0101 folija, ar\u012b Pyra Classic 2 siltuma kamera ir izgatavota no alum\u012bnija, t\u0101p\u0113c tai ir t\u0101das pa\u0161as siltuma p\u0101rneses \u012bpa\u0161\u012bbas. Siltuma kameras mal\u0101s ir gumijas aizsargs, kas j\u016bs pasarg\u0101s [\u2026]<\/p>","protected":false},"featured_media":28786,"comment_status":"open","ping_status":"closed","template":"","meta":[],"_links":{"self":[{"href":"https:\/\/hookahshop.lt\/lv\/wp-json\/wp\/v2\/product\/28785"}],"collection":[{"href":"https:\/\/hookahshop.lt\/lv\/wp-json\/wp\/v2\/product"}],"about":[{"href":"https:\/\/hookahshop.lt\/lv\/wp-json\/wp\/v2\/types\/product"}],"replies":[{"embeddable":true,"href":"https:\/\/hookahshop.lt\/lv\/wp-json\/wp\/v2\/comments?post=28785"}],"version-history":[{"count":5,"href":"https:\/\/hookahshop.lt\/lv\/wp-json\/wp\/v2\/product\/28785\/revisions"}],"predecessor-version":[{"id":39338,"href":"https:\/\/hookahshop.lt\/lv\/wp-json\/wp\/v2\/product\/28785\/revisions\/39338"}],"wp:featuredmedia":[{"embeddable":true,"href":"https:\/\/hookahshop.lt\/lv\/wp-json\/wp\/v2\/media\/28786"}],"wp:attachment":[{"href":"https:\/\/hookahshop.lt\/lv\/wp-json\/wp\/v2\/media?parent=28785"}],"curies":[{"name":"wp","href":"https:\/\/api.w.org\/{rel}","templated":true}]}}