{"id":29017,"date":"2021-11-02T18:00:05","date_gmt":"2021-11-02T16:00:05","guid":{"rendered":"https:\/\/hookahshop.lt\/?post_type=product&#038;p=29017"},"modified":"2026-04-16T23:29:30","modified_gmt":"2026-04-16T20:29:30","slug":"tarpine-kaljano-kolbai-v1-black","status":"publish","type":"product","link":"https:\/\/hookahshop.lt\/lv\/produkt\/starpposms-udenspipe-kolba-v1-melns\/","title":{"rendered":"Bl\u012bve \u016bdensp\u012bpes kolbai V1 Melna"},"content":{"rendered":"<h2>Bl\u012bve \u016bdensp\u012bpes kolbai V1 Melna<\/h2>\n<p>Ide\u0101ls izm\u0113rs, lai ietilptu liel\u0101kajai da\u013cai \u016bdensp\u012bpe. P\u0101rkl\u0101juma d\u0113\u013c tie nesl\u012bd un nenokr\u012bt. Augstas kvalit\u0101tes silikons un ra\u017eo\u0161ana ietekm\u0113 \u0161o bl\u012bvju iztur\u012bbu. Tie ir ra\u017eoti klasisk\u0101 meln\u0101 kr\u0101s\u0101, kas no\u0146em dzeltenumu.<\/p>\n<p><strong>Specifik\u0101cijas:<\/strong><br \/>\n\u0100r\u0113jais diametrs: 39 mm<br \/>\nIek\u0161\u0113jais diametrs: 34 mm<br \/>\nSvars: apm\u0113ram 15 g.<\/p>\n<p>Vai jums ir k\u0101di jaut\u0101jumi? Sazinies ar mums\u00a0<a href=\"https:\/\/hookahshop.lt\/lv\/kontaktiem\/\">kontaktu lapa<\/a>\u00a0vai rakstiet mums pa e-pastu\u00a0<a href=\"https:\/\/facebook.com\/HookahShop.lt\/\" target=\"_blank\" rel=\"noopener noreferrer\">Facebook konts<\/a>\u00a0un m\u0113s atbild\u0113sim uz j\u016bsu piepras\u012bjumu taj\u0101 pa\u0161\u0101 dien\u0101.<\/p>","protected":false},"excerpt":{"rendered":"<p>Shisha Flask Spacer V1 Black Ide\u0101ls izm\u0113rs, lai der\u0113tu liel\u0101kajai da\u013cai \u016bdensp\u012bpju. Pateicoties p\u0101rkl\u0101jumam, tie nesl\u012bd un nenokr\u012bt. Augstas kvalit\u0101tes silikons un izgatavo\u0161ana veicina \u0161o starpliku ilgm\u016b\u017e\u012bbu. Tie ir ra\u017eoti klasisk\u0101 meln\u0101 kr\u0101s\u0101, kas nov\u0113r\u0161 dzeltenumu. Specifik\u0101cijas: \u0100r\u0113jais diametrs: 39mm Iek\u0161\u0113jais diametrs: 34mm Svars: apm\u0113ram 15g. Vai jums ir k\u0101di jaut\u0101jumi? Sazinieties ar mums kontaktu lap\u0101 vai rakstiet mums Facebook [\u2026]<\/p>","protected":false},"featured_media":29022,"comment_status":"open","ping_status":"closed","template":"","meta":[],"_links":{"self":[{"href":"https:\/\/hookahshop.lt\/lv\/wp-json\/wp\/v2\/product\/29017"}],"collection":[{"href":"https:\/\/hookahshop.lt\/lv\/wp-json\/wp\/v2\/product"}],"about":[{"href":"https:\/\/hookahshop.lt\/lv\/wp-json\/wp\/v2\/types\/product"}],"replies":[{"embeddable":true,"href":"https:\/\/hookahshop.lt\/lv\/wp-json\/wp\/v2\/comments?post=29017"}],"version-history":[{"count":4,"href":"https:\/\/hookahshop.lt\/lv\/wp-json\/wp\/v2\/product\/29017\/revisions"}],"predecessor-version":[{"id":29293,"href":"https:\/\/hookahshop.lt\/lv\/wp-json\/wp\/v2\/product\/29017\/revisions\/29293"}],"wp:featuredmedia":[{"embeddable":true,"href":"https:\/\/hookahshop.lt\/lv\/wp-json\/wp\/v2\/media\/29022"}],"wp:attachment":[{"href":"https:\/\/hookahshop.lt\/lv\/wp-json\/wp\/v2\/media?parent=29017"}],"curies":[{"name":"wp","href":"https:\/\/api.w.org\/{rel}","templated":true}]}}