{"id":29045,"date":"2021-11-02T19:34:17","date_gmt":"2021-11-02T17:34:17","guid":{"rendered":"https:\/\/hookahshop.lt\/?post_type=product&#038;p=29045"},"modified":"2026-04-19T23:29:15","modified_gmt":"2026-04-19T20:29:15","slug":"sirupo-gaudykle-blade-hookah-silver","status":"publish","type":"product","link":"https:\/\/hookahshop.lt\/lv\/produkt\/sirups-lamatas-lapstina-udenspipe-sudrabs\/","title":{"rendered":"S\u012brupa slazds BLADE HOOKAH Sudrabs"},"content":{"rendered":"<h2>S\u012brupa slazds BLADE HOOKAH Sudrabs<\/h2>\n<p>Tas ir neaizst\u0101jams aksesu\u0101rs jebkurai \u016bdensp\u012bpei. Ne\u013cauj tabakas lap\u0101m un s\u012brupam iek\u013c\u016bt kolb\u0101 un \u016bdensp\u012bpes k\u0101t\u0101. Pasarg\u0101 no dzeltenuma kolb\u0101, kas ir \u012bpa\u0161i svar\u012bgi, pasniedzot \u016bdensp\u012bpi uz galda. Tagad, mainot kr\u016bz\u012bti, nav nepiecie\u0161ams katru reizi mazg\u0101t \u016bdensp\u012bpi, lai no\u0146emtu s\u012brupu un tabakas lapas apak\u0161\u0101. Iek\u0161\u0113jais kan\u0101ls ir izgatavots no alum\u012bnija, neuzs\u016bc smakas un nesaraujas, at\u0161\u0137ir\u012bb\u0101 no silikona.<\/p>\n<p><strong>Specifik\u0101cijas:<\/strong><br \/>\nAugstums: 70 mm<br \/>\nDiametrs (\u0101r\u0113jais): 50 mm<br \/>\nDiametrs (iek\u0161\u0113jais): 23 mm<br \/>\nSvars: apm\u0113ram 100 g<\/p>\n<p>Vai jums ir k\u0101di jaut\u0101jumi? Sazinies ar mums\u00a0<a href=\"https:\/\/hookahshop.lt\/lv\/kontaktiem\/\">kontaktu lapa<\/a>\u00a0vai rakstiet mums pa e-pastu\u00a0<a href=\"https:\/\/facebook.com\/HookahShop.lt\/\" target=\"_blank\" rel=\"noopener noreferrer\">Facebook konts<\/a>\u00a0un m\u0113s atbild\u0113sim uz j\u016bsu piepras\u012bjumu taj\u0101 pa\u0161\u0101 dien\u0101.<\/p>","protected":false},"excerpt":{"rendered":"<p>S\u012brupa slazds BLADE HOOKAH Sudrabs \u0160is ir neaizst\u0101jams aksesu\u0101rs jebkurai \u016bdensp\u012bpei. Ne\u013cauj tabakas lap\u0101m un s\u012brupam iek\u013c\u016bt kolb\u0101 un \u016bdensp\u012bpes k\u0101t\u0101. Nov\u0113r\u0161 dzeltenumu kolb\u0101, kas ir \u012bpa\u0161i svar\u012bgi, pasniedzot \u016bdensp\u012bpi \u016bdensp\u012bp\u0113 uz galda. Tagad jums nav j\u0101mazg\u0101 \u016bdensp\u012bpe katru reizi, mainot kr\u016bzi, lai no\u0146emtu s\u012brupu un tabakas lapas apak\u0161\u0101. Iek\u0161\u0113jais kan\u0101ls ir izgatavots no [...]<\/p>","protected":false},"featured_media":29046,"comment_status":"open","ping_status":"closed","template":"","meta":[],"_links":{"self":[{"href":"https:\/\/hookahshop.lt\/lv\/wp-json\/wp\/v2\/product\/29045"}],"collection":[{"href":"https:\/\/hookahshop.lt\/lv\/wp-json\/wp\/v2\/product"}],"about":[{"href":"https:\/\/hookahshop.lt\/lv\/wp-json\/wp\/v2\/types\/product"}],"replies":[{"embeddable":true,"href":"https:\/\/hookahshop.lt\/lv\/wp-json\/wp\/v2\/comments?post=29045"}],"version-history":[{"count":3,"href":"https:\/\/hookahshop.lt\/lv\/wp-json\/wp\/v2\/product\/29045\/revisions"}],"predecessor-version":[{"id":30023,"href":"https:\/\/hookahshop.lt\/lv\/wp-json\/wp\/v2\/product\/29045\/revisions\/30023"}],"wp:featuredmedia":[{"embeddable":true,"href":"https:\/\/hookahshop.lt\/lv\/wp-json\/wp\/v2\/media\/29046"}],"wp:attachment":[{"href":"https:\/\/hookahshop.lt\/lv\/wp-json\/wp\/v2\/media?parent=29045"}],"curies":[{"name":"wp","href":"https:\/\/api.w.org\/{rel}","templated":true}]}}