{"id":29104,"date":"2021-11-09T17:24:03","date_gmt":"2021-11-09T15:24:03","guid":{"rendered":"https:\/\/hookahshop.lt\/?post_type=product&#038;p=29104"},"modified":"2026-05-13T23:29:09","modified_gmt":"2026-05-13T20:29:09","slug":"kaljanas-tortuga-brig","status":"publish","type":"product","link":"https:\/\/hookahshop.lt\/lv\/produkt\/udenspipe-tortuga-brig\/","title":{"rendered":"\u016adensp\u012bpe TORTUGA brig"},"content":{"rendered":"<h2>\u016adensp\u012bpe TORTUGA brig<\/h2>\n<p>Minim\u0101listisks dizains klasiskai sa\u0137erei un papildus komplekt\u0101 ar difuzora O veida gredzenu tiem, kas v\u0113las viegl\u0101ku sa\u0137eri. \u016adensp\u012bpes k\u0101ts ir izgatavots no ner\u016bs\u0113jo\u0161\u0101 t\u0113rauda, un \u016bdensp\u012bpes pl\u0101ksne ir izgatavota no anod\u0113ta met\u0101la. D\u016bmu izvad\u012b\u0161ana no v\u0101rsta apak\u0161as uz aug\u0161u.<\/p>\n<p><strong>Specifik\u0101cijas:<\/strong><br \/>\nAugstums: ~ 28 cm (no kolbas l\u012bdz kr\u016bzes bl\u012bvei)<br \/>\nAugstums: ~ 21,7 cm (apak\u0161\u0113j\u0101 v\u0101rpsta (v\u0101rpsta) ar difuzoru)<br \/>\nDiametrs: 1,4\u00a0cm (aug\u0161\u0113jais k\u0101ts (v\u0101rpsta)), 1,3\u00a0cm (apak\u0161\u0113jais k\u0101ts (v\u0101rpsta))<br \/>\nPl\u0101ksnes diametrs: 19,5 cm<br \/>\nMutes garums: 29 cm<br \/>\nMateri\u0101ls: ner\u016bs\u0113jo\u0161ais t\u0113rauds (\u016bdensp\u012bpe) un anod\u0113ts met\u0101ls (pl\u0101ksne)<br \/>\n\u016adensp\u012bpes svars: 400g.<br \/>\nIzcelsmes valsts: Krievija<\/p>\n<p><strong>Apr\u012bkojums:<\/strong><br \/>\n\u016adensp\u012bpe, iemutnis, silikona \u0161\u013c\u016btene, difuzors un bl\u012bves.<\/p>\n<p>Vai jums ir k\u0101di jaut\u0101jumi? Sazinies ar mums\u00a0<a href=\"https:\/\/hookahshop.lt\/lv\/kontaktiem\/\">kontaktu lapa<\/a>\u00a0vai rakstiet mums pa e-pastu\u00a0<a href=\"https:\/\/facebook.com\/HookahShop.lt\/\" target=\"_blank\" rel=\"noopener noreferrer\">Facebook konts<\/a>\u00a0un m\u0113s atbild\u0113sim uz j\u016bsu piepras\u012bjumu taj\u0101 pa\u0161\u0101 dien\u0101.<\/p>\n<p>&nbsp;<\/p>","protected":false},"excerpt":{"rendered":"<p>\u016adensp\u012bpe TORTUGA Brig Minim\u0101listisks dizains, klasiskas vilkmes un papildus apr\u012bkots ar difuzora O-gredzenu, tiem, kas v\u0113las viegl\u0101ku vilk\u0161anu. \u016adensp\u012bpes k\u0101ts ir izgatavots no ner\u016bs\u0113jo\u0161\u0101 t\u0113rauda, un \u016bdensp\u012bpes pl\u0101ksne ir izgatavota no anod\u0113ta met\u0101la. P\u016b\u0161 d\u016bmus no v\u0101rsta apak\u0161as uz aug\u0161u. Specifik\u0101cijas: Augstums: ~28 cm (kolbas l\u012bdz kr\u016bzes bl\u012bvei) Augstums: ~21,7 cm (apak\u0161\u0113jais k\u0101ts (ass) ar difuzoru) [\u2026]<\/p>","protected":false},"featured_media":29106,"comment_status":"open","ping_status":"closed","template":"","meta":[],"_links":{"self":[{"href":"https:\/\/hookahshop.lt\/lv\/wp-json\/wp\/v2\/product\/29104"}],"collection":[{"href":"https:\/\/hookahshop.lt\/lv\/wp-json\/wp\/v2\/product"}],"about":[{"href":"https:\/\/hookahshop.lt\/lv\/wp-json\/wp\/v2\/types\/product"}],"replies":[{"embeddable":true,"href":"https:\/\/hookahshop.lt\/lv\/wp-json\/wp\/v2\/comments?post=29104"}],"version-history":[{"count":4,"href":"https:\/\/hookahshop.lt\/lv\/wp-json\/wp\/v2\/product\/29104\/revisions"}],"predecessor-version":[{"id":32389,"href":"https:\/\/hookahshop.lt\/lv\/wp-json\/wp\/v2\/product\/29104\/revisions\/32389"}],"wp:featuredmedia":[{"embeddable":true,"href":"https:\/\/hookahshop.lt\/lv\/wp-json\/wp\/v2\/media\/29106"}],"wp:attachment":[{"href":"https:\/\/hookahshop.lt\/lv\/wp-json\/wp\/v2\/media?parent=29104"}],"curies":[{"name":"wp","href":"https:\/\/api.w.org\/{rel}","templated":true}]}}