{"id":29152,"date":"2021-11-15T21:42:59","date_gmt":"2021-11-15T19:42:59","guid":{"rendered":"https:\/\/hookahshop.lt\/?post_type=product&#038;p=29152"},"modified":"2026-04-18T23:28:48","modified_gmt":"2026-04-18T20:28:48","slug":"kaljanas-shadows-evolution","status":"publish","type":"product","link":"https:\/\/hookahshop.lt\/lv\/produkt\/udenspipe-enas-evolucija\/","title":{"rendered":"\u016adensp\u012bpes \u0112nas Evolution"},"content":{"rendered":"<h2>\u016adensp\u012bpes \u0112nas Evolution<\/h2>\n<p>Stil\u012bgs un funkcion\u0101ls, kas izgatavots no ner\u016bs\u0113jo\u0161\u0101 t\u0113rauda, polikarbon\u0101ta un dekor\u0101cij\u0101m un oglek\u013ca.\u0160\u012b ra\u017eot\u0101ja \u016bdensp\u012bpes unikalit\u0101te ir pl\u0101ksnes savienojums, kas ar magn\u0113ta pal\u012bdz\u012bbu tiek piestiprin\u0101ts pie \u016bdensp\u012bpes k\u0101ta (k\u0101ta).<br \/>\n\u0160\u012bs sist\u0113mas v\u0113rt\u012bba ir iesp\u0113ja jebkur\u0101 laik\u0101 viegli no\u0146emt \u016bdensp\u012bpes pl\u0101ksni un nokrat\u012bt uzkr\u0101tos pelnus.<\/p>\n<p><strong>Raksturojums:<\/strong><br \/>\n\u016adensp\u012bpes svars: 1,56 kg<br \/>\n\u0100\u0137a augstums: 500 mm.<br \/>\nV\u0101rpstas diametrs: apak\u0161\u0113jais (11 mm), aug\u0161\u0113jais (12 mm).<br \/>\nV\u0101rpstas materi\u0101ls: ner\u016bs\u0113jo\u0161ais t\u0113rauds AISI 304.<br \/>\nPamata materi\u0101ls: poliacet\u0101ls.<br \/>\n\u0160\u013c\u016btenes savienot\u0101js: magn\u0113tisks.<br \/>\nDifuzors: no\u0146emams, v\u012bt\u0146ots, ner\u016bs\u0113jo\u0161ais t\u0113rauds.<br \/>\nIemute: ner\u016bs\u0113jo\u0161ais t\u0113rauds un oglek\u013ca imit\u0101cija.<br \/>\nIemutes garums: 330 mm.<br \/>\n\u0160\u013c\u016btene: m\u012bksts piesk\u0101riens.<br \/>\n\u0160\u013c\u016btenes garums: 1500 mm.<\/p>\n<p><strong>Apr\u012bkojums:<\/strong><br \/>\nV\u0101rpsta, pl\u0101ksne, iemutis, silikona \u0161\u013c\u016btene, difuzors, \u0161\u013c\u016btenes savienojums, starpatspere.<\/p>\n<p><img decoding=\"async\" loading=\"lazy\" class=\"alignnone size-medium wp-image-38521\" src=\"https:\/\/hookahshop.lt\/wp-content\/uploads\/2020\/09\/stiebas-zarna-kandiklis-1-300x273.jpg\" alt=\"- hookahshop.lt\" width=\"300\" height=\"273\" srcset=\"https:\/\/hookahshop.lt\/wp-content\/uploads\/2020\/09\/stiebas-zarna-kandiklis-1-300x273.jpg 300w, https:\/\/hookahshop.lt\/wp-content\/uploads\/2020\/09\/stiebas-zarna-kandiklis-1-13x12.jpg 13w, https:\/\/hookahshop.lt\/wp-content\/uploads\/2020\/09\/stiebas-zarna-kandiklis-1-64x58.jpg 64w, https:\/\/hookahshop.lt\/wp-content\/uploads\/2020\/09\/stiebas-zarna-kandiklis-1.jpg 420w\" sizes=\"(max-width: 300px) 100vw, 300px\" title=\"\"><\/p>\n<p>Vai jums ir k\u0101di jaut\u0101jumi? Sazinies ar mums\u00a0<a href=\"https:\/\/hookahshop.lt\/lv\/kontaktiem\/\">kontaktu lapa<\/a>\u00a0vai rakstiet mums pa e-pastu\u00a0<a href=\"https:\/\/facebook.com\/HookahShop.lt\/\" target=\"_blank\" rel=\"noopener noreferrer\">Facebook konts<\/a>\u00a0un m\u0113s atbild\u0113sim uz j\u016bsu piepras\u012bjumu taj\u0101 pa\u0161\u0101 dien\u0101.<\/p>\n<p>&nbsp;<\/p>","protected":false},"excerpt":{"rendered":"<p>\u016adensp\u012bpe SHADOWS Evolution Stil\u012bga un funkcion\u0101la, izgatavota no ner\u016bs\u0113jo\u0161\u0101 t\u0113rauda, poliakrilnitrila un dekor\u0113ta ar ogli. \u0160\u012b ra\u017eot\u0101ja \u016bdensp\u012bpju unikalit\u0101te ir pl\u0101ksn\u012btes savienojums, kas ar magn\u0113ta pal\u012bdz\u012bbu tiek piestiprin\u0101ts pie \u016bdensp\u012bpes k\u0101ta. \u0160\u012bs sist\u0113mas v\u0113rt\u012bba izpau\u017eas sp\u0113j\u0101 jebkur\u0101 laik\u0101 viegli no\u0146emt \u016bdensp\u012bpes pl\u0101ksn\u012bti un nokrat\u012bt no t\u0101s uzkr\u0101ju\u0161os pelnus. Raksturojums: \u016adensp\u012bpes svars: 1,56 kg \u016adensp\u012bpes augstums: 500 mm. [\u2026]<\/p>","protected":false},"featured_media":29154,"comment_status":"open","ping_status":"closed","template":"","meta":[],"_links":{"self":[{"href":"https:\/\/hookahshop.lt\/lv\/wp-json\/wp\/v2\/product\/29152"}],"collection":[{"href":"https:\/\/hookahshop.lt\/lv\/wp-json\/wp\/v2\/product"}],"about":[{"href":"https:\/\/hookahshop.lt\/lv\/wp-json\/wp\/v2\/types\/product"}],"replies":[{"embeddable":true,"href":"https:\/\/hookahshop.lt\/lv\/wp-json\/wp\/v2\/comments?post=29152"}],"version-history":[{"count":6,"href":"https:\/\/hookahshop.lt\/lv\/wp-json\/wp\/v2\/product\/29152\/revisions"}],"predecessor-version":[{"id":30417,"href":"https:\/\/hookahshop.lt\/lv\/wp-json\/wp\/v2\/product\/29152\/revisions\/30417"}],"wp:featuredmedia":[{"embeddable":true,"href":"https:\/\/hookahshop.lt\/lv\/wp-json\/wp\/v2\/media\/29154"}],"wp:attachment":[{"href":"https:\/\/hookahshop.lt\/lv\/wp-json\/wp\/v2\/media?parent=29152"}],"curies":[{"name":"wp","href":"https:\/\/api.w.org\/{rel}","templated":true}]}}