{"id":29168,"date":"2021-11-17T15:36:24","date_gmt":"2021-11-17T13:36:24","guid":{"rendered":"https:\/\/hookahshop.lt\/?post_type=product&#038;p=29168"},"modified":"2026-04-26T23:28:55","modified_gmt":"2026-04-26T20:28:55","slug":"dovanu-deze-s-juoda","status":"publish","type":"product","link":"https:\/\/hookahshop.lt\/lv\/produkt\/davana-deze-s-melns\/","title":{"rendered":"D\u0101vanu kast\u012bte S Melna"},"content":{"rendered":"<h2>D\u0101vanu kast\u012bte S Melna<\/h2>\n<p>\u0100tri aizveram\u0101 kaste ir izgatavota no 1,3 mm bieza mikro gofr\u0113t\u0101 kartona. \u012apa\u0161\u0101 konstrukcija nodro\u0161ina \u0101tru kastes mont\u0101\u017eu un aizv\u0113r\u0161anu, dro\u0161u priek\u0161metu transport\u0113\u0161anu un lieliski piem\u0113rota d\u0101vanu iesai\u0146o\u0161anai.<\/p>\n<p><strong>Raksturojums:<\/strong><br \/>\nIzm\u0113ri: 35 x 20 x 9 cm<br \/>\nKr\u0101sa melna<\/p>\n<p><strong>PAPILDUS: izv\u0113loties d\u0101vanu, ir iesp\u0113ja papildus ieg\u0101d\u0101ties pap\u012bra skaidas vai salve\u0161u pap\u012bru, k\u0101 ar\u012b lent\u012bti un lent\u012bti dekor\u0113\u0161anai.\u00a0<\/strong><\/p>\n<p>Vai jums ir k\u0101di jaut\u0101jumi? Sazinies ar mums\u00a0<a href=\"https:\/\/hookahshop.lt\/lv\/kontaktiem\/\">kontaktu lapa<\/a>\u00a0vai rakstiet mums pa e-pastu\u00a0<a href=\"https:\/\/facebook.com\/HookahShop.lt\/\" target=\"_blank\" rel=\"noopener noreferrer\">Facebook konts<\/a>\u00a0un m\u0113s atbild\u0113sim uz j\u016bsu piepras\u012bjumu taj\u0101 pa\u0161\u0101 dien\u0101.<\/p>","protected":false},"excerpt":{"rendered":"<p>D\u0101vanu kast\u012bte S Melna \u0100tri aizveram\u0101 kast\u012bte ir izgatavota no 1,3 mm bieza mikrogofr\u0113t\u0101 kartona. \u012apa\u0161ais dizains nodro\u0161ina \u0101tru kastes salik\u0161anu un aizv\u0113r\u0161anu, dro\u0161u priek\u0161metu transport\u0113\u0161anu un lieliski piem\u0113rots d\u0101vanu iesai\u0146o\u0161anai. Paz\u012bmes: Izm\u0113ri: 35 x 20 x 9 cm Kr\u0101sa: melna PAPILDUS: izv\u0113loties d\u0101vanu, ir iesp\u0113ja papildus ieg\u0101d\u0101ties - pap\u012bra skaidas vai salve\u0161u pap\u012bru, un dekor\u0101cijas [...]<\/p>","protected":false},"featured_media":29169,"comment_status":"open","ping_status":"closed","template":"","meta":[],"_links":{"self":[{"href":"https:\/\/hookahshop.lt\/lv\/wp-json\/wp\/v2\/product\/29168"}],"collection":[{"href":"https:\/\/hookahshop.lt\/lv\/wp-json\/wp\/v2\/product"}],"about":[{"href":"https:\/\/hookahshop.lt\/lv\/wp-json\/wp\/v2\/types\/product"}],"replies":[{"embeddable":true,"href":"https:\/\/hookahshop.lt\/lv\/wp-json\/wp\/v2\/comments?post=29168"}],"version-history":[{"count":4,"href":"https:\/\/hookahshop.lt\/lv\/wp-json\/wp\/v2\/product\/29168\/revisions"}],"predecessor-version":[{"id":32741,"href":"https:\/\/hookahshop.lt\/lv\/wp-json\/wp\/v2\/product\/29168\/revisions\/32741"}],"wp:featuredmedia":[{"embeddable":true,"href":"https:\/\/hookahshop.lt\/lv\/wp-json\/wp\/v2\/media\/29169"}],"wp:attachment":[{"href":"https:\/\/hookahshop.lt\/lv\/wp-json\/wp\/v2\/media?parent=29168"}],"curies":[{"name":"wp","href":"https:\/\/api.w.org\/{rel}","templated":true}]}}