{"id":29179,"date":"2021-11-17T16:20:06","date_gmt":"2021-11-17T14:20:06","guid":{"rendered":"https:\/\/hookahshop.lt\/?post_type=product&#038;p=29179"},"modified":"2026-04-16T10:20:45","modified_gmt":"2026-04-16T07:20:45","slug":"dovanu-deze-magneto-l-juoda","status":"publish","type":"product","link":"https:\/\/hookahshop.lt\/lv\/produkt\/davana-deze-magneto-l-black\/","title":{"rendered":"D\u0101vanu kast\u012bte MAGNETO L Melna"},"content":{"rendered":"<h2>D\u0101vanu kast\u012bte MAGNETO L Melna<\/h2>\n<p>Magn\u0113tiska, \u0101tri saliekama d\u0101vanu kast\u012bte no \u012bpa\u0161i iztur\u012bga kartona. Kaste ir aizv\u0113rta ar integr\u0113tiem magn\u0113tiem. \u012apa\u0161\u0101 konstrukcija nodro\u0161ina \u0101tru kastes mont\u0101\u017eu un aizv\u0113r\u0161anu, dro\u0161u priek\u0161metu transport\u0113\u0161anu un lieliski piem\u0113rota d\u0101vanu iesai\u0146o\u0161anai.<\/p>\n<p><strong>Raksturojums:<\/strong><br \/>\nIzm\u0113ri: 33 x 22 x 10 cm<br \/>\nKr\u0101sa melna<\/p>\n<p><strong>PAPILDUS: izv\u0113loties d\u0101vanu, ir iesp\u0113ja papildus ieg\u0101d\u0101ties pap\u012bra skaidas vai salve\u0161u pap\u012bru, k\u0101 ar\u012b lent\u012bti un lent\u012bti dekor\u0113\u0161anai.\u00a0<\/strong><\/p>\n<p>Vai jums ir k\u0101di jaut\u0101jumi? Sazinies ar mums\u00a0<a href=\"https:\/\/hookahshop.lt\/lv\/kontaktiem\/\">kontaktu lapa<\/a>\u00a0vai rakstiet mums pa e-pastu\u00a0<a href=\"https:\/\/facebook.com\/HookahShop.lt\/\" target=\"_blank\" rel=\"noopener noreferrer\">Facebook konts<\/a>\u00a0un m\u0113s atbild\u0113sim uz j\u016bsu piepras\u012bjumu taj\u0101 pa\u0161\u0101 dien\u0101.<\/p>","protected":false},"excerpt":{"rendered":"<p>D\u0101vanu kast\u012bte MAGNETO L Black Magn\u0113tiska, \u0101tri saliekama d\u0101vanu kast\u012bte no \u012bpa\u0161i iztur\u012bga kartona. Kaste aizveras ar integr\u0113tiem magn\u0113tiem. \u012apa\u0161ais dizains nodro\u0161ina \u0101tru kastes mont\u0101\u017eu un aizv\u0113r\u0161anu, dro\u0161u priek\u0161metu transport\u0113\u0161anu un lieliski piem\u0113rots d\u0101vanu iesai\u0146o\u0161anai. Paz\u012bmes: Izm\u0113ri: 33 x 22 x 10 cm Kr\u0101sa: melna PAPILDUS: izv\u0113loties d\u0101vanu, ir iesp\u0113ja papildus ieg\u0101d\u0101ties - pap\u012bra l\u016b\u017e\u0146us [...]<\/p>","protected":false},"featured_media":29180,"comment_status":"open","ping_status":"closed","template":"","meta":[],"_links":{"self":[{"href":"https:\/\/hookahshop.lt\/lv\/wp-json\/wp\/v2\/product\/29179"}],"collection":[{"href":"https:\/\/hookahshop.lt\/lv\/wp-json\/wp\/v2\/product"}],"about":[{"href":"https:\/\/hookahshop.lt\/lv\/wp-json\/wp\/v2\/types\/product"}],"replies":[{"embeddable":true,"href":"https:\/\/hookahshop.lt\/lv\/wp-json\/wp\/v2\/comments?post=29179"}],"version-history":[{"count":3,"href":"https:\/\/hookahshop.lt\/lv\/wp-json\/wp\/v2\/product\/29179\/revisions"}],"predecessor-version":[{"id":40488,"href":"https:\/\/hookahshop.lt\/lv\/wp-json\/wp\/v2\/product\/29179\/revisions\/40488"}],"wp:featuredmedia":[{"embeddable":true,"href":"https:\/\/hookahshop.lt\/lv\/wp-json\/wp\/v2\/media\/29180"}],"wp:attachment":[{"href":"https:\/\/hookahshop.lt\/lv\/wp-json\/wp\/v2\/media?parent=29179"}],"curies":[{"name":"wp","href":"https:\/\/api.w.org\/{rel}","templated":true}]}}