{"id":29189,"date":"2021-11-17T18:12:00","date_gmt":"2021-11-17T16:12:00","guid":{"rendered":"https:\/\/hookahshop.lt\/?post_type=product&#038;p=29189"},"modified":"2026-04-13T23:28:46","modified_gmt":"2026-04-13T20:28:46","slug":"dovanu-popierius-silkas-juodas","status":"publish","type":"product","link":"https:\/\/hookahshop.lt\/lv\/produkt\/dodu-papirs-zids-melns\/","title":{"rendered":"D\u0101vanu iesai\u0146ojums SILK Black"},"content":{"rendered":"<h2>D\u0101vanu iesai\u0146ojums SILK Black<\/h2>\n<p>Salonpap\u012brs d\u0101vanu iesai\u0146o\u0161anai ir stil\u012bga izv\u0113le. Atkar\u012bb\u0101 no izv\u0113l\u0113t\u0101s d\u0101vanas ir iesp\u0113ja d\u0101vanu iesai\u0146ot pap\u012br\u0101 vai ielikt pap\u012bru ar d\u0101vanu kast\u012bt\u0113. \u0160aj\u0101 pap\u012br\u0101 iet\u012btie priek\u0161meti izskat\u0101s neticami skaisti un grezni.<\/p>\n<p><strong>Raksturojums:<\/strong><br \/>\nKr\u0101sa melna<br \/>\nLoksnes izm\u0113rs: 50 x 76 cm, 21 g \/ m\u00b2<br \/>\nMitrumiztur\u012bgs, nekr\u0101sojas.<\/p>\n<p>Vai jums ir k\u0101di jaut\u0101jumi? Sazinies ar mums\u00a0<a href=\"https:\/\/hookahshop.lt\/lv\/kontaktiem\/\">kontaktu lapa<\/a>\u00a0vai rakstiet mums pa e-pastu\u00a0<a href=\"https:\/\/facebook.com\/HookahShop.lt\/\" target=\"_blank\" rel=\"noopener noreferrer\">Facebook konts<\/a>\u00a0un m\u0113s atbild\u0113sim uz j\u016bsu piepras\u012bjumu taj\u0101 pa\u0161\u0101 dien\u0101.<\/p>","protected":false},"excerpt":{"rendered":"<p>D\u0101vanu pap\u012brs SILK Black Z\u012bda pap\u012brs d\u0101vanu iesai\u0146o\u0161anai - stil\u012bga izv\u0113le. Atkar\u012bb\u0101 no izv\u0113l\u0113t\u0101s d\u0101vanas ir iesp\u0113ja d\u0101vanu iesai\u0146ot pap\u012br\u0101 vai ielikt pap\u012bru ar d\u0101vanu kast\u012bt\u0113. \u0160aj\u0101 pap\u012br\u0101 iet\u012btie priek\u0161meti izskat\u0101s \u0101rk\u0101rt\u012bgi eleganti un grezni. Paz\u012bmes: Kr\u0101sa: melna Loksnes izm\u0113rs: 50 x 76 cm, 21 g\/m\u00b2 Iztur\u012bgs pret mitrumu, nekr\u0101so. Vai jums ir k\u0101di jaut\u0101jumi? Sazinieties ar [\u2026]<\/p>","protected":false},"featured_media":29192,"comment_status":"open","ping_status":"closed","template":"","meta":[],"_links":{"self":[{"href":"https:\/\/hookahshop.lt\/lv\/wp-json\/wp\/v2\/product\/29189"}],"collection":[{"href":"https:\/\/hookahshop.lt\/lv\/wp-json\/wp\/v2\/product"}],"about":[{"href":"https:\/\/hookahshop.lt\/lv\/wp-json\/wp\/v2\/types\/product"}],"replies":[{"embeddable":true,"href":"https:\/\/hookahshop.lt\/lv\/wp-json\/wp\/v2\/comments?post=29189"}],"version-history":[{"count":6,"href":"https:\/\/hookahshop.lt\/lv\/wp-json\/wp\/v2\/product\/29189\/revisions"}],"predecessor-version":[{"id":44740,"href":"https:\/\/hookahshop.lt\/lv\/wp-json\/wp\/v2\/product\/29189\/revisions\/44740"}],"wp:featuredmedia":[{"embeddable":true,"href":"https:\/\/hookahshop.lt\/lv\/wp-json\/wp\/v2\/media\/29192"}],"wp:attachment":[{"href":"https:\/\/hookahshop.lt\/lv\/wp-json\/wp\/v2\/media?parent=29189"}],"curies":[{"name":"wp","href":"https:\/\/api.w.org\/{rel}","templated":true}]}}