{"id":29199,"date":"2021-11-17T18:48:52","date_gmt":"2021-11-17T16:48:52","guid":{"rendered":"https:\/\/hookahshop.lt\/?post_type=product&#038;p=29199"},"modified":"2026-04-13T23:29:12","modified_gmt":"2026-04-13T20:29:12","slug":"popieriaus-drozles-juodos","status":"publish","type":"product","link":"https:\/\/hookahshop.lt\/lv\/produkt\/papirs-drozles-melns\/","title":{"rendered":"Pap\u012bra skaidas melnas"},"content":{"rendered":"<h2>Pap\u012bra skaidas melnas<\/h2>\n<p>Pap\u012bra skaidas ir izgatavotas no grezna, augstas kvalit\u0101tes pap\u012bra. \u0160os \u010dipsus var izmantot: d\u0101vanu iesai\u0146o\u0161anai un kast\u012b\u0161u pild\u012b\u0161anai.<\/p>\n<p><strong>Raksturojums:<\/strong><br \/>\nKr\u0101sa melna<br \/>\nTilpums: ~ 50g.<\/p>\n<p>Vai jums ir k\u0101di jaut\u0101jumi? Sazinies ar mums\u00a0<a href=\"https:\/\/hookahshop.lt\/lv\/kontaktiem\/\">kontaktu lapa<\/a>\u00a0vai rakstiet mums pa e-pastu\u00a0<a href=\"https:\/\/facebook.com\/HookahShop.lt\/\" target=\"_blank\" rel=\"noopener noreferrer\">Facebook konts<\/a>\u00a0un m\u0113s atbild\u0113sim uz j\u016bsu piepras\u012bjumu taj\u0101 pa\u0161\u0101 dien\u0101.<\/p>","protected":false},"excerpt":{"rendered":"<p>Pap\u012bra atgriezumi Black Pap\u012bra atgriezumi ir izgatavoti no grezna, augstas kvalit\u0101tes pap\u012bra. \u0160os \u010dipsus var izmantot: d\u0101vanu iesai\u0146o\u0161anai un kast\u012b\u0161u tilpuma pild\u012b\u0161anai. Paz\u012bmes: Kr\u0101sa: melna Tilpums: ~50g. Vai jums ir k\u0101di jaut\u0101jumi? Sazinieties ar mums kontaktu lap\u0101 vai rakstiet mums uz m\u016bsu Facebook kontu un m\u0113s atbild\u0113sim uz j\u016bsu piepras\u012bjumu taj\u0101 pa\u0161\u0101 dien\u0101.<\/p>","protected":false},"featured_media":29200,"comment_status":"open","ping_status":"closed","template":"","meta":[],"_links":{"self":[{"href":"https:\/\/hookahshop.lt\/lv\/wp-json\/wp\/v2\/product\/29199"}],"collection":[{"href":"https:\/\/hookahshop.lt\/lv\/wp-json\/wp\/v2\/product"}],"about":[{"href":"https:\/\/hookahshop.lt\/lv\/wp-json\/wp\/v2\/types\/product"}],"replies":[{"embeddable":true,"href":"https:\/\/hookahshop.lt\/lv\/wp-json\/wp\/v2\/comments?post=29199"}],"version-history":[{"count":3,"href":"https:\/\/hookahshop.lt\/lv\/wp-json\/wp\/v2\/product\/29199\/revisions"}],"predecessor-version":[{"id":29336,"href":"https:\/\/hookahshop.lt\/lv\/wp-json\/wp\/v2\/product\/29199\/revisions\/29336"}],"wp:featuredmedia":[{"embeddable":true,"href":"https:\/\/hookahshop.lt\/lv\/wp-json\/wp\/v2\/media\/29200"}],"wp:attachment":[{"href":"https:\/\/hookahshop.lt\/lv\/wp-json\/wp\/v2\/media?parent=29199"}],"curies":[{"name":"wp","href":"https:\/\/api.w.org\/{rel}","templated":true}]}}