{"id":29214,"date":"2021-11-17T21:22:18","date_gmt":"2021-11-17T19:22:18","guid":{"rendered":"https:\/\/hookahshop.lt\/?post_type=product&#038;p=29214"},"modified":"2026-04-19T23:28:49","modified_gmt":"2026-04-19T20:28:49","slug":"juostele-dekoratyvine-ivairiu-spalvu","status":"publish","type":"product","link":"https:\/\/hookahshop.lt\/lv\/produkt\/lente-dekorativa-dazadas-krasas\/","title":{"rendered":"Dekorat\u012bv\u0101 lente Da\u017e\u0101das kr\u0101sas"},"content":{"rendered":"<h2>Dekorat\u012bv\u0101 lente Da\u017e\u0101das kr\u0101sas<\/h2>\n<p>D\u0101vanu iesai\u0146o\u0161anai un dekor\u0113\u0161anai.<\/p>\n<p><strong>Raksturojums:<\/strong><br \/>\nKr\u0101sas: sarkans, sarkans-zelts, zelts.<br \/>\nGarums: 1m<br \/>\nPlatums: 1 cm<\/p>\n<p><strong>PIEZ\u012aME: Pas\u016bt\u012bjum\u0101 nor\u0101diet v\u0113lamo kr\u0101su.<\/strong><\/p>\n<p>Vai jums ir k\u0101di jaut\u0101jumi? Sazinies ar mums\u00a0<a href=\"https:\/\/hookahshop.lt\/lv\/kontaktiem\/\">kontaktu lapa<\/a>\u00a0vai rakstiet mums pa e-pastu\u00a0<a href=\"https:\/\/facebook.com\/HookahShop.lt\/\" target=\"_blank\" rel=\"noopener noreferrer\">Facebook konts<\/a>\u00a0un m\u0113s atbild\u0113sim uz j\u016bsu piepras\u012bjumu taj\u0101 pa\u0161\u0101 dien\u0101.<\/p>\n<p>&nbsp;<\/p>","protected":false},"excerpt":{"rendered":"<p>Dekorat\u012bv\u0101 lente Da\u017e\u0101das kr\u0101sas Paredz\u0113ta d\u0101vanu iesai\u0146o\u0161anai un dekor\u0113\u0161anai. Raksturojums: Kr\u0101sas: sarkans, sarkans-zelts, zelts. Garums: 1m Platums: 1cm PIEZ\u012aME: Pas\u016bt\u012bjum\u0101 nor\u0101diet v\u0113lamo kr\u0101su. Vai jums ir k\u0101di jaut\u0101jumi? Sazinieties ar mums kontaktu lap\u0101 vai rakstiet mums uz m\u016bsu Facebook kontu un m\u0113s atbild\u0113sim uz j\u016bsu piepras\u012bjumu taj\u0101 pa\u0161\u0101 dien\u0101. &nbsp;<\/p>","protected":false},"featured_media":29215,"comment_status":"open","ping_status":"closed","template":"","meta":[],"_links":{"self":[{"href":"https:\/\/hookahshop.lt\/lv\/wp-json\/wp\/v2\/product\/29214"}],"collection":[{"href":"https:\/\/hookahshop.lt\/lv\/wp-json\/wp\/v2\/product"}],"about":[{"href":"https:\/\/hookahshop.lt\/lv\/wp-json\/wp\/v2\/types\/product"}],"replies":[{"embeddable":true,"href":"https:\/\/hookahshop.lt\/lv\/wp-json\/wp\/v2\/comments?post=29214"}],"version-history":[{"count":3,"href":"https:\/\/hookahshop.lt\/lv\/wp-json\/wp\/v2\/product\/29214\/revisions"}],"predecessor-version":[{"id":33280,"href":"https:\/\/hookahshop.lt\/lv\/wp-json\/wp\/v2\/product\/29214\/revisions\/33280"}],"wp:featuredmedia":[{"embeddable":true,"href":"https:\/\/hookahshop.lt\/lv\/wp-json\/wp\/v2\/media\/29215"}],"wp:attachment":[{"href":"https:\/\/hookahshop.lt\/lv\/wp-json\/wp\/v2\/media?parent=29214"}],"curies":[{"name":"wp","href":"https:\/\/api.w.org\/{rel}","templated":true}]}}