{"id":29836,"date":"2021-12-06T22:33:55","date_gmt":"2021-12-06T20:33:55","guid":{"rendered":"https:\/\/hookahshop.lt\/?post_type=product&#038;p=29836"},"modified":"2026-04-15T23:29:19","modified_gmt":"2026-04-15T20:29:19","slug":"kolba-kaljanui-bigmaks-rainbow-gray-shine","status":"publish","type":"product","link":"https:\/\/hookahshop.lt\/lv\/produkt\/kolba-for-udenspipe-bigmaks-varaviksnes-peleks-spid\/","title":{"rendered":"Kolba \u016bdensp\u012bpei BIGMAKS Rainbow Grey Shine"},"content":{"rendered":"<h2>Kolba \u016bdensp\u012bpei BIGMAKS Rainbow Grey Shine<\/h2>\n<p>Kolba ir piram\u012bdas form\u0101, kas ir viena no popul\u0101r\u0101kaj\u0101m. BIGMAKS Rainbow Grey Shine kolbai ir skaists varav\u012bksnes nokr\u0101sa, t\u0101 ir caursp\u012bd\u012bgi pel\u0113ka un ar viegli paman\u0101mu \u016bdens l\u012bmeni.<\/p>\n<p><strong><span title=\"\">Specifik\u0101cijas:<\/span><\/strong><br \/>\nAugstums: ~ 258 mm<br \/>\nSvars: ~ 1790 g<br \/>\nKakla iek\u0161\u0113jais diametrs: apm\u0113ram 71 mm<br \/>\nKakla \u0101r\u0113jais diametrs: apm\u0113ram 47 mm<br \/>\nMateri\u0101ls: stikls<\/p>\n<p>Vai jums ir k\u0101di jaut\u0101jumi? Sazinies ar mums\u00a0<a href=\"https:\/\/hookahshop.lt\/lv\/kontaktiem\/\">kontaktu lapa<\/a>\u00a0vai rakstiet mums pa e-pastu\u00a0<a href=\"https:\/\/facebook.com\/HookahShop.lt\/\" target=\"_blank\" rel=\"noopener noreferrer\">Facebook konts<\/a>\u00a0un m\u0113s atbild\u0113sim uz j\u016bsu piepras\u012bjumu taj\u0101 pa\u0161\u0101 dien\u0101.<\/p>\n<p>&nbsp;<\/p>","protected":false},"excerpt":{"rendered":"<p>\u016adensp\u012bpes kolba BIGMAKS Rainbow Grey Shine Kolbai ir piram\u012bdas forma, kas ir viena no popul\u0101r\u0101kaj\u0101m. Kolbai BIGMAKS Rainbow Grey Shine ir skaists varav\u012bksnes tonis, t\u0101 ir caursp\u012bd\u012bgi pel\u0113k\u0101 kr\u0101s\u0101 un \u016bdens l\u012bmenis ir labi redzams. Specifik\u0101cijas: Augstums: ~ 258 mm Svars: ~ 1790 g Kakla iek\u0161\u0113jais diametrs: aptuveni 71 mm Kakla \u0101r\u0113jais diametrs: aptuveni 47 mm Materi\u0101ls: stikls.<\/p>","protected":false},"featured_media":29843,"comment_status":"open","ping_status":"closed","template":"","meta":[],"_links":{"self":[{"href":"https:\/\/hookahshop.lt\/lv\/wp-json\/wp\/v2\/product\/29836"}],"collection":[{"href":"https:\/\/hookahshop.lt\/lv\/wp-json\/wp\/v2\/product"}],"about":[{"href":"https:\/\/hookahshop.lt\/lv\/wp-json\/wp\/v2\/types\/product"}],"replies":[{"embeddable":true,"href":"https:\/\/hookahshop.lt\/lv\/wp-json\/wp\/v2\/comments?post=29836"}],"version-history":[{"count":5,"href":"https:\/\/hookahshop.lt\/lv\/wp-json\/wp\/v2\/product\/29836\/revisions"}],"predecessor-version":[{"id":43072,"href":"https:\/\/hookahshop.lt\/lv\/wp-json\/wp\/v2\/product\/29836\/revisions\/43072"}],"wp:featuredmedia":[{"embeddable":true,"href":"https:\/\/hookahshop.lt\/lv\/wp-json\/wp\/v2\/media\/29843"}],"wp:attachment":[{"href":"https:\/\/hookahshop.lt\/lv\/wp-json\/wp\/v2\/media?parent=29836"}],"curies":[{"name":"wp","href":"https:\/\/api.w.org\/{rel}","templated":true}]}}