{"id":29907,"date":"2021-12-09T11:37:38","date_gmt":"2021-12-09T09:37:38","guid":{"rendered":"https:\/\/hookahshop.lt\/?post_type=product&#038;p=29907"},"modified":"2026-04-26T23:29:47","modified_gmt":"2026-04-26T20:29:47","slug":"kaljanas-ykap-killer-classic-blue","status":"publish","type":"product","link":"https:\/\/hookahshop.lt\/lv\/produkt\/hookah-ykap-killer-classic-blue\/","title":{"rendered":"\u016adensp\u012bpe YKAP Killer Classic Blue"},"content":{"rendered":"<h2>\u016adensp\u012bpe YKAP Killer Classic Blue<\/h2>\n<p>Paz\u012bstama ra\u017eot\u0101ja no Krievijas \u2013 YKAP jaun\u0101 \u016bdensp\u012bpe &quot;YKAP Classic Blue&quot;. T\u0101 ir maza izm\u0113ra un kvalitat\u012bva \u016bdensp\u012bpe, kas garant\u0113s pat\u012bkamu seansu. \u016adensp\u012bpe ir izgatavota, izmantojot augst\u0101k\u0101s kvalit\u0101tes materi\u0101lus, kas nodro\u0161in\u0101s \u016bdensp\u012bpes ilgu kalpo\u0161anas laiku. Klasisk\u0101 \u016bdensp\u012bpe.<\/p>\n<p><strong>Apr\u012bkojums:<\/strong><br \/>\n\u016adensp\u012bpe (mana)<br \/>\nNer\u016bs\u0113jo\u0161ais t\u0113rauds ar koka deta\u013c\u0101m.<br \/>\nSilikona \u0161\u013c\u016btene (O veida gredzens)<\/p>\n<p><img decoding=\"async\" loading=\"lazy\" class=\"alignnone size-medium wp-image-38521\" src=\"https:\/\/hookahshop.lt\/wp-content\/uploads\/2020\/09\/stiebas-zarna-kandiklis-1-300x273.jpg\" alt=\"- hookahshop.lt\" width=\"300\" height=\"273\" srcset=\"https:\/\/hookahshop.lt\/wp-content\/uploads\/2020\/09\/stiebas-zarna-kandiklis-1-300x273.jpg 300w, https:\/\/hookahshop.lt\/wp-content\/uploads\/2020\/09\/stiebas-zarna-kandiklis-1-13x12.jpg 13w, https:\/\/hookahshop.lt\/wp-content\/uploads\/2020\/09\/stiebas-zarna-kandiklis-1-64x58.jpg 64w, https:\/\/hookahshop.lt\/wp-content\/uploads\/2020\/09\/stiebas-zarna-kandiklis-1.jpg 420w\" sizes=\"(max-width: 300px) 100vw, 300px\" title=\"\"><\/p>\n<p><strong>Specifik\u0101cija:<\/strong><br \/>\nAugstums: 54 cm<br \/>\nIzcelsmes valsts: Krievija<\/p>\n<p>Vai jums ir k\u0101di jaut\u0101jumi? Sazinies ar mums <a href=\"https:\/\/hookahshop.lt\/lv\/kontaktiem\/\">kontaktu lapa<\/a>\u00a0vai rakstiet mums pa e-pastu\u00a0<a href=\"https:\/\/facebook.com\/HookahShop.lt\/\" target=\"_blank\" rel=\"noopener noreferrer\">Facebook konts<\/a>\u00a0un m\u0113s atbild\u0113sim uz j\u016bsu piepras\u012bjumu taj\u0101 pa\u0161\u0101 dien\u0101.<\/p>","protected":false},"excerpt":{"rendered":"<p>\u016adensp\u012bpe YKAP Killer Classic Blue Paz\u012bstam\u0101 Krievijas ra\u017eot\u0101ja - YKAP jaun\u0101 \u016bdensp\u012bpe &quot;YKAP Classic Blue&quot;. T\u0101 ir maza izm\u0113ra un kvalitat\u012bva \u016bdensp\u012bpe, kas garant\u0113s pat\u012bkamu seansu. \u016adensp\u012bpe ir izgatavota, izmantojot augst\u0101k\u0101s kvalit\u0101tes materi\u0101lus, kas nodro\u0161in\u0101s \u016bdensp\u012bpes ilgu kalpo\u0161anas laiku. Klasisk\u0101 pievilc\u012bbas \u016bdensp\u012bpe. Pilns komplekts: \u016adensp\u012bpe (v\u0101rpsta) Ner\u016bs\u0113jo\u0161ais t\u0113rauds ar koka deta\u013cu. Silikona \u0161\u013c\u016btene (O veida gredzens) Specifik\u0101cija: Augstums: [\u2026]<\/p>","protected":false},"featured_media":29960,"comment_status":"open","ping_status":"closed","template":"","meta":[],"_links":{"self":[{"href":"https:\/\/hookahshop.lt\/lv\/wp-json\/wp\/v2\/product\/29907"}],"collection":[{"href":"https:\/\/hookahshop.lt\/lv\/wp-json\/wp\/v2\/product"}],"about":[{"href":"https:\/\/hookahshop.lt\/lv\/wp-json\/wp\/v2\/types\/product"}],"replies":[{"embeddable":true,"href":"https:\/\/hookahshop.lt\/lv\/wp-json\/wp\/v2\/comments?post=29907"}],"version-history":[{"count":7,"href":"https:\/\/hookahshop.lt\/lv\/wp-json\/wp\/v2\/product\/29907\/revisions"}],"predecessor-version":[{"id":30003,"href":"https:\/\/hookahshop.lt\/lv\/wp-json\/wp\/v2\/product\/29907\/revisions\/30003"}],"wp:featuredmedia":[{"embeddable":true,"href":"https:\/\/hookahshop.lt\/lv\/wp-json\/wp\/v2\/media\/29960"}],"wp:attachment":[{"href":"https:\/\/hookahshop.lt\/lv\/wp-json\/wp\/v2\/media?parent=29907"}],"curies":[{"name":"wp","href":"https:\/\/api.w.org\/{rel}","templated":true}]}}