{"id":29911,"date":"2021-12-09T11:40:04","date_gmt":"2021-12-09T09:40:04","guid":{"rendered":"https:\/\/hookahshop.lt\/?post_type=product&#038;p=29911"},"modified":"2026-04-29T10:31:56","modified_gmt":"2026-04-29T07:31:56","slug":"kaljanas-ykap-killer-classic-green","status":"publish","type":"product","link":"https:\/\/hookahshop.lt\/lv\/produkt\/hookah-ykap-killer-classic-green\/","title":{"rendered":"\u016adensp\u012bpe YKAP Killer Classic Green"},"content":{"rendered":"<h2>\u016adensp\u012bpe YKAP Killer Classic Green<\/h2>\n<p>Paz\u012bstama ra\u017eot\u0101ja no Krievijas \u2013 YKAP jaun\u0101 \u016bdensp\u012bpe &quot;YKAP Classic Green&quot;. T\u0101 ir maza izm\u0113ra un kvalitat\u012bva \u016bdensp\u012bpe, kas garant\u0113s pat\u012bkamu seansu. \u016adensp\u012bpe ir izgatavota, izmantojot augst\u0101k\u0101s kvalit\u0101tes materi\u0101lus, kas nodro\u0161in\u0101s \u016bdensp\u012bpes ilgu kalpo\u0161anas laiku. Klasisk\u0101 \u016bdensp\u012bpe.<\/p>\n<p><strong>Apr\u012bkojums:<\/strong><br \/>\n\u016adensp\u012bpe (mana)<br \/>\nNer\u016bs\u0113jo\u0161ais t\u0113rauds ar koka deta\u013c\u0101m.<br \/>\nSilikona \u0161\u013c\u016btene (O veida gredzens)<\/p>\n<p><strong>Specifik\u0101cija:<\/strong><br \/>\nAugstums: 54 cm<br \/>\nIzcelsmes valsts: Krievija<\/p>\n<p>Vai jums ir k\u0101di jaut\u0101jumi? Sazinies ar mums <a href=\"https:\/\/hookahshop.lt\/lv\/kontaktiem\/\">kontaktu lapa<\/a>\u00a0vai rakstiet mums pa e-pastu\u00a0<a href=\"https:\/\/facebook.com\/HookahShop.lt\/\" target=\"_blank\" rel=\"noopener noreferrer\">Facebook konts<\/a>\u00a0un m\u0113s atbild\u0113sim uz j\u016bsu piepras\u012bjumu taj\u0101 pa\u0161\u0101 dien\u0101.<\/p>","protected":false},"excerpt":{"rendered":"<p>\u016adensp\u012bpe YKAP Killer Classic Green Jaun\u0101 \u016bdensp\u012bpe &quot;YKAP Classic Green&quot; no paz\u012bstam\u0101 ra\u017eot\u0101ja no Krievijas - YKAP. \u0160\u012b ir maza izm\u0113ra un augstas kvalit\u0101tes \u016bdensp\u012bpe, kas garant\u0113s pat\u012bkamu p\u0113r\u0161an\u0101s sesiju. \u016adensp\u012bpe ir izgatavota, izmantojot augst\u0101k\u0101s kvalit\u0101tes materi\u0101lus, kas nodro\u0161in\u0101s ilgu \u016bdensp\u012bpes kalpo\u0161anas laiku. Klasiska \u016bdensp\u012bpe ar iegremd\u0113jamu ventilatoru. Komplekts: \u016adensp\u012bpe (v\u0101rpsta) Ner\u016bs\u0113jo\u0161ais t\u0113rauds ar koka deta\u013c\u0101m. Silikona \u0161\u013c\u016btene (O veida gredzens) Specifik\u0101cija: Augstums: [\u2026]<\/p>","protected":false},"featured_media":29957,"comment_status":"open","ping_status":"closed","template":"","meta":[],"_links":{"self":[{"href":"https:\/\/hookahshop.lt\/lv\/wp-json\/wp\/v2\/product\/29911"}],"collection":[{"href":"https:\/\/hookahshop.lt\/lv\/wp-json\/wp\/v2\/product"}],"about":[{"href":"https:\/\/hookahshop.lt\/lv\/wp-json\/wp\/v2\/types\/product"}],"replies":[{"embeddable":true,"href":"https:\/\/hookahshop.lt\/lv\/wp-json\/wp\/v2\/comments?post=29911"}],"version-history":[{"count":6,"href":"https:\/\/hookahshop.lt\/lv\/wp-json\/wp\/v2\/product\/29911\/revisions"}],"predecessor-version":[{"id":33740,"href":"https:\/\/hookahshop.lt\/lv\/wp-json\/wp\/v2\/product\/29911\/revisions\/33740"}],"wp:featuredmedia":[{"embeddable":true,"href":"https:\/\/hookahshop.lt\/lv\/wp-json\/wp\/v2\/media\/29957"}],"wp:attachment":[{"href":"https:\/\/hookahshop.lt\/lv\/wp-json\/wp\/v2\/media?parent=29911"}],"curies":[{"name":"wp","href":"https:\/\/api.w.org\/{rel}","templated":true}]}}