{"id":29917,"date":"2021-12-09T11:44:39","date_gmt":"2021-12-09T09:44:39","guid":{"rendered":"https:\/\/hookahshop.lt\/?post_type=product&#038;p=29917"},"modified":"2026-04-26T23:29:47","modified_gmt":"2026-04-26T20:29:47","slug":"kaljanas-ykap-killer-wave-brown","status":"publish","type":"product","link":"https:\/\/hookahshop.lt\/lv\/produkt\/udenspipe-ykap-killer-wave-bruns\/","title":{"rendered":"\u016adensp\u012bpe YKAP Killer Wave Brown"},"content":{"rendered":"<h2>\u016adensp\u012bpe YKAP Killer Wave Brown<\/h2>\n<p>Jaun\u0101 \u016bdensp\u012bpe &quot;YKAP Classic Brown&quot; paz\u012bstama ra\u017eot\u0101ja no Krievijas - YKAP. T\u0101 ir maza izm\u0113ra un kvalitat\u012bva \u016bdensp\u012bpe, kas garant\u0113s pat\u012bkamu seansu. \u016adensp\u012bpe ir izgatavota, izmantojot augst\u0101k\u0101s kvalit\u0101tes materi\u0101lus, kas nodro\u0161in\u0101s \u016bdensp\u012bpes ilgu kalpo\u0161anas laiku. Klasisk\u0101 \u016bdensp\u012bpe.<\/p>\n<p><strong>Apr\u012bkojums:<\/strong><br \/>\n\u0100\u0137is (ner\u016bs\u0113jo\u0161ais t\u0113rauds) ar koka deta\u013cu.<br \/>\nSilikona \u0161\u013c\u016btene (O veida gredzens)<br \/>\nDifuzors: nav (klasisk\u0101 caurpl\u016bde)<\/p>\n<p><img decoding=\"async\" loading=\"lazy\" class=\"alignnone size-medium wp-image-38521\" src=\"https:\/\/hookahshop.lt\/wp-content\/uploads\/2020\/09\/stiebas-zarna-kandiklis-1-300x273.jpg\" alt=\"- hookahshop.lt\" width=\"300\" height=\"273\" srcset=\"https:\/\/hookahshop.lt\/wp-content\/uploads\/2020\/09\/stiebas-zarna-kandiklis-1-300x273.jpg 300w, https:\/\/hookahshop.lt\/wp-content\/uploads\/2020\/09\/stiebas-zarna-kandiklis-1-13x12.jpg 13w, https:\/\/hookahshop.lt\/wp-content\/uploads\/2020\/09\/stiebas-zarna-kandiklis-1-64x58.jpg 64w, https:\/\/hookahshop.lt\/wp-content\/uploads\/2020\/09\/stiebas-zarna-kandiklis-1.jpg 420w\" sizes=\"(max-width: 300px) 100vw, 300px\" title=\"\"><\/p>\n<p><strong>Specifik\u0101cija:<\/strong><br \/>\nAugstums: 54 cm<br \/>\nIzcelsmes valsts: Krievija<\/p>\n<p>Vai jums ir k\u0101di jaut\u0101jumi? Sazinies ar mums <a href=\"https:\/\/hookahshop.lt\/lv\/kontaktiem\/\">kontaktu lapa<\/a>\u00a0vai rakstiet mums pa e-pastu\u00a0<a href=\"https:\/\/facebook.com\/HookahShop.lt\/\" target=\"_blank\" rel=\"noopener noreferrer\">Facebook konts<\/a>\u00a0un m\u0113s atbild\u0113sim uz j\u016bsu piepras\u012bjumu taj\u0101 pa\u0161\u0101 dien\u0101.<\/p>","protected":false},"excerpt":{"rendered":"<p>Kaljanas YKAP Killer Wave Brown \u017dinomo gamintojo i\u0161 Rusijos &#8211; YKAP naujasis kaljanas &#8222;YKAP Classic Brown&#8221;. Tai ma\u017eo dyd\u017eio ir auk\u0161tos kokyb\u0117s kaljanas, kuris garantuos malon\u0173 seans\u0105. Kaljanas pagamintas naudojant auk\u0161\u010diausios kokyb\u0117s med\u017eiagas, tai u\u017etikrins kaljano ilg\u0105 tarnavimo laik\u0105. Klasikin\u0117s traukos kaljanas. Komplektacija: Kaljanas (\u0161achta) Ner\u016bdijan\u010dio plieno su medienos detale. Silikonin\u0117 \u017earna (O-ring) Difuzorius: n\u0117ra [&hellip;]<\/p>","protected":false},"featured_media":29958,"comment_status":"open","ping_status":"closed","template":"","meta":[],"_links":{"self":[{"href":"https:\/\/hookahshop.lt\/lv\/wp-json\/wp\/v2\/product\/29917"}],"collection":[{"href":"https:\/\/hookahshop.lt\/lv\/wp-json\/wp\/v2\/product"}],"about":[{"href":"https:\/\/hookahshop.lt\/lv\/wp-json\/wp\/v2\/types\/product"}],"replies":[{"embeddable":true,"href":"https:\/\/hookahshop.lt\/lv\/wp-json\/wp\/v2\/comments?post=29917"}],"version-history":[{"count":10,"href":"https:\/\/hookahshop.lt\/lv\/wp-json\/wp\/v2\/product\/29917\/revisions"}],"predecessor-version":[{"id":44258,"href":"https:\/\/hookahshop.lt\/lv\/wp-json\/wp\/v2\/product\/29917\/revisions\/44258"}],"wp:featuredmedia":[{"embeddable":true,"href":"https:\/\/hookahshop.lt\/lv\/wp-json\/wp\/v2\/media\/29958"}],"wp:attachment":[{"href":"https:\/\/hookahshop.lt\/lv\/wp-json\/wp\/v2\/media?parent=29917"}],"curies":[{"name":"wp","href":"https:\/\/api.w.org\/{rel}","templated":true}]}}