{"id":30087,"date":"2021-12-14T16:13:59","date_gmt":"2021-12-14T14:13:59","guid":{"rendered":"https:\/\/hookahshop.lt\/?post_type=product&#038;p=30087"},"modified":"2026-04-14T23:29:25","modified_gmt":"2026-04-14T20:29:25","slug":"znyples-kaljano-anglims-kaya-dagger","status":"publish","type":"product","link":"https:\/\/hookahshop.lt\/lv\/produkt\/knaibles-udenspipe-ogles-kaja-duncis\/","title":{"rendered":"\u0100\u0137i \u016bdensp\u012bpei KAYA Dagger"},"content":{"rendered":"<h2>\u0100\u0137i \u016bdensp\u012bpei KAYA Dagger<\/h2>\n<p>Paredz\u0113ts karstu og\u013cu ievieto\u0161anai siltuma kamer\u0101 un \u0113rtai transport\u0113\u0161anai no siltuma kameras uz v\u0113lamo vietu. Knaibles ori\u0123in\u0101laj\u0101 kast\u012bt\u0113, t\u0101p\u0113c lieliski der p\u0113rkot d\u0101van\u0101.<\/p>\n<p><strong>Specifik\u0101cijas:<\/strong><br \/>\nGarums: 23 cm<br \/>\nMateri\u0101ls: ner\u016bs\u0113jo\u0161ais t\u0113rauds<br \/>\nRa\u017eo\u0161anas valsts: V\u0101cija<\/p>\n<p>&nbsp;<\/p>\n<p>Vai jums ir k\u0101di jaut\u0101jumi? Sazinies ar mums\u00a0<a href=\"https:\/\/hookahshop.lt\/lv\/kontaktiem\/\">kontaktu lapa<\/a>\u00a0vai rakstiet mums pa e-pastu\u00a0<a href=\"https:\/\/facebook.com\/HookahShop.lt\/\" target=\"_blank\" rel=\"noopener noreferrer\">Facebook konts<\/a>\u00a0un m\u0113s atbild\u0113sim uz j\u016bsu piepras\u012bjumu taj\u0101 pa\u0161\u0101 dien\u0101.<\/p>","protected":false},"excerpt":{"rendered":"<p>\u016adensp\u012bpes og\u013cu knaibles KAYA Dagger Paredz\u0113tas karstu og\u013cu ievieto\u0161anai sild\u012b\u0161anas kamer\u0101 un \u0113rtai to transport\u0113\u0161anai no sild\u012b\u0161anas kameras uz v\u0113lamo vietu. Knaibles tiek pieg\u0101d\u0101tas ori\u0123in\u0101laj\u0101 kast\u012bt\u0113, t\u0101p\u0113c t\u0101s ir lieliski piem\u0113rotas d\u0101vin\u0101\u0161anai. Specifik\u0101cijas: Garums: 23 cm Materi\u0101ls: Ner\u016bs\u0113jo\u0161ais t\u0113rauds Ra\u017eot\u0101jvalsts: V\u0101cija Vai jums ir k\u0101di jaut\u0101jumi? Sazinieties ar mums kontaktlap\u0101 vai rakstiet mums Facebook, un m\u0113s atbild\u0113sim uz j\u016bsu [\u2026]<\/p>","protected":false},"featured_media":30092,"comment_status":"open","ping_status":"closed","template":"","meta":[],"_links":{"self":[{"href":"https:\/\/hookahshop.lt\/lv\/wp-json\/wp\/v2\/product\/30087"}],"collection":[{"href":"https:\/\/hookahshop.lt\/lv\/wp-json\/wp\/v2\/product"}],"about":[{"href":"https:\/\/hookahshop.lt\/lv\/wp-json\/wp\/v2\/types\/product"}],"replies":[{"embeddable":true,"href":"https:\/\/hookahshop.lt\/lv\/wp-json\/wp\/v2\/comments?post=30087"}],"version-history":[{"count":5,"href":"https:\/\/hookahshop.lt\/lv\/wp-json\/wp\/v2\/product\/30087\/revisions"}],"predecessor-version":[{"id":42969,"href":"https:\/\/hookahshop.lt\/lv\/wp-json\/wp\/v2\/product\/30087\/revisions\/42969"}],"wp:featuredmedia":[{"embeddable":true,"href":"https:\/\/hookahshop.lt\/lv\/wp-json\/wp\/v2\/media\/30092"}],"wp:attachment":[{"href":"https:\/\/hookahshop.lt\/lv\/wp-json\/wp\/v2\/media?parent=30087"}],"curies":[{"name":"wp","href":"https:\/\/api.w.org\/{rel}","templated":true}]}}