{"id":30155,"date":"2021-12-17T15:50:27","date_gmt":"2021-12-17T13:50:27","guid":{"rendered":"https:\/\/hookahshop.lt\/?post_type=product&#038;p=30155"},"modified":"2026-04-17T23:29:43","modified_gmt":"2026-04-17T20:29:43","slug":"lekste-kaljanui-aladin-stainless","status":"publish","type":"product","link":"https:\/\/hookahshop.lt\/lv\/produkt\/lekste-udenspipe-aladin-nerusejosais\/","title":{"rendered":"\u0160\u0137\u012bvis \u016bdensp\u012bpei ALADIN Ner\u016bs\u0113jo\u0161ais"},"content":{"rendered":"<h2>\u0160\u0137\u012bvis \u016bdensp\u012bpei ALADIN Ner\u016bs\u0113jo\u0161ais<\/h2>\n<p>Eleganta ner\u016bs\u0113jo\u0161\u0101 t\u0113rauda pl\u0101ksne \u016bdensp\u012bpei. Pirms \u016bdensp\u012bpes izstr\u0101d\u0101juma ieg\u0101des p\u0101rbaudiet, vai \u016bdensp\u012bpes specifik\u0101cijas atbilst \u0161\u012b produkta specifik\u0101cij\u0101m.<\/p>\n<p>Specifik\u0101cijas:<br \/>\nDiametrs: apm\u0113ram 20,8 cm<br \/>\nCauruma diametrs: apm\u0113ram 1,6 cm<br \/>\nMateri\u0101ls: ner\u016bs\u0113jo\u0161ais t\u0113rauds<\/p>\n<p>Vai jums ir k\u0101di jaut\u0101jumi? Sazinies ar mums\u00a0<a href=\"https:\/\/hookahshop.lt\/lv\/kontaktiem\/\">kontaktu lapa<\/a>\u00a0vai rakstiet mums pa e-pastu\u00a0<a href=\"https:\/\/facebook.com\/HookahShop.lt\/\" target=\"_blank\" rel=\"noopener noreferrer\">Facebook konts<\/a>\u00a0un m\u0113s atbild\u0113sim uz j\u016bsu piepras\u012bjumu taj\u0101 pa\u0161\u0101 dien\u0101.<\/p>\n<p>&nbsp;<\/p>","protected":false},"excerpt":{"rendered":"<p>Pl\u0101ksne \u016bdensp\u012bpei ALADIN Stainless Elegant ner\u016bs\u0113jo\u0161\u0101 t\u0113rauda pl\u0101ksne \u016bdensp\u012bpei. Pirms \u016bdensp\u012bpes pl\u0101k\u0161\u0146u izstr\u0101d\u0101juma ieg\u0101des p\u0101rbaudiet, vai \u016bdensp\u012bpes specifik\u0101cijas atbilst \u0161\u012b izstr\u0101d\u0101juma specifik\u0101cij\u0101m. Specifik\u0101cijas: Diametrs: apm\u0113ram 20,8 cm, Cauruma diametrs: apm\u0113ram 1,6 cm Materi\u0101ls: ner\u016bs\u0113jo\u0161ais t\u0113rauds Jaut\u0101jumi? Sazinieties ar mums kontaktu lap\u0101 vai rakstiet mums uz m\u016bsu Facebook kontu un m\u0113s atbild\u0113sim uz j\u016bsu piepras\u012bjumu taj\u0101 pa\u0161\u0101 dien\u0101. &nbsp;<\/p>","protected":false},"featured_media":30166,"comment_status":"open","ping_status":"closed","template":"","meta":[],"_links":{"self":[{"href":"https:\/\/hookahshop.lt\/lv\/wp-json\/wp\/v2\/product\/30155"}],"collection":[{"href":"https:\/\/hookahshop.lt\/lv\/wp-json\/wp\/v2\/product"}],"about":[{"href":"https:\/\/hookahshop.lt\/lv\/wp-json\/wp\/v2\/types\/product"}],"replies":[{"embeddable":true,"href":"https:\/\/hookahshop.lt\/lv\/wp-json\/wp\/v2\/comments?post=30155"}],"version-history":[{"count":4,"href":"https:\/\/hookahshop.lt\/lv\/wp-json\/wp\/v2\/product\/30155\/revisions"}],"predecessor-version":[{"id":42992,"href":"https:\/\/hookahshop.lt\/lv\/wp-json\/wp\/v2\/product\/30155\/revisions\/42992"}],"wp:featuredmedia":[{"embeddable":true,"href":"https:\/\/hookahshop.lt\/lv\/wp-json\/wp\/v2\/media\/30166"}],"wp:attachment":[{"href":"https:\/\/hookahshop.lt\/lv\/wp-json\/wp\/v2\/media?parent=30155"}],"curies":[{"name":"wp","href":"https:\/\/api.w.org\/{rel}","templated":true}]}}