{"id":30171,"date":"2021-12-17T21:46:57","date_gmt":"2021-12-17T19:46:57","guid":{"rendered":"https:\/\/hookahshop.lt\/?post_type=product&#038;p=30171"},"modified":"2026-04-17T16:33:29","modified_gmt":"2026-04-17T13:33:29","slug":"kolba-kaljanui-su-sriegiu-aladin-mvp550-black","status":"publish","type":"product","link":"https:\/\/hookahshop.lt\/lv\/produkt\/kolba-for-udenspipe-ar-diegu-aladin-mvp550-melns\/","title":{"rendered":"Kolba ar \u0101\u0137i ALADIN MVP550 Melna"},"content":{"rendered":"<h2>Kolba ar \u0101\u0137i ALADIN MVP550 Melna<\/h2>\n<p>V\u012bt\u0146ot\u0101 kolba ir paredz\u0113ta tikai ALADIN MVP550 \u016bdensp\u012bpei.<\/p>\n<p><strong><span title=\"\">Specifik\u0101cijas:<\/span><\/strong><br \/>\nKr\u0101sa - caursp\u012bd\u012bga melna.<br \/>\nAugstums: 27cm<\/p>\n<p>Vai jums ir k\u0101di jaut\u0101jumi? Sazinies ar mums\u00a0<a href=\"https:\/\/hookahshop.lt\/lv\/kontaktiem\/\">kontaktu lapa<\/a>\u00a0vai rakstiet mums pa e-pastu\u00a0<a href=\"https:\/\/facebook.com\/HookahShop.lt\/\" target=\"_blank\" rel=\"noopener noreferrer\">Facebook konts<\/a>\u00a0un m\u0113s atbild\u0113sim uz j\u016bsu piepras\u012bjumu taj\u0101 pa\u0161\u0101 dien\u0101.<\/p>","protected":false},"excerpt":{"rendered":"<p>Kolba kaljanui su sriegiu ALADIN MVP550 Black Kolba su sriegiu skirta tik ALADIN MVP550\u00a0 kaljanui. Specifikacijos: Spalva \u2013 skaidriai juoda. Auk\u0161tis: 27cm Turite klausim\u0173? Susisiekite su mumis\u00a0kontakt\u0173 puslapyje\u00a0arba para\u0161ykite mums \u012f\u00a0Facebook paskyr\u0105\u00a0ir atsakysime \u012f j\u016bs\u0173 u\u017eklaus\u0105 dar t\u0105 pa\u010di\u0105 dien\u0105.<\/p>","protected":false},"featured_media":30176,"comment_status":"open","ping_status":"closed","template":"","meta":[],"_links":{"self":[{"href":"https:\/\/hookahshop.lt\/lv\/wp-json\/wp\/v2\/product\/30171"}],"collection":[{"href":"https:\/\/hookahshop.lt\/lv\/wp-json\/wp\/v2\/product"}],"about":[{"href":"https:\/\/hookahshop.lt\/lv\/wp-json\/wp\/v2\/types\/product"}],"replies":[{"embeddable":true,"href":"https:\/\/hookahshop.lt\/lv\/wp-json\/wp\/v2\/comments?post=30171"}],"version-history":[{"count":6,"href":"https:\/\/hookahshop.lt\/lv\/wp-json\/wp\/v2\/product\/30171\/revisions"}],"predecessor-version":[{"id":42980,"href":"https:\/\/hookahshop.lt\/lv\/wp-json\/wp\/v2\/product\/30171\/revisions\/42980"}],"wp:featuredmedia":[{"embeddable":true,"href":"https:\/\/hookahshop.lt\/lv\/wp-json\/wp\/v2\/media\/30176"}],"wp:attachment":[{"href":"https:\/\/hookahshop.lt\/lv\/wp-json\/wp\/v2\/media?parent=30171"}],"curies":[{"name":"wp","href":"https:\/\/api.w.org\/{rel}","templated":true}]}}