{"id":30177,"date":"2021-12-17T22:20:10","date_gmt":"2021-12-17T20:20:10","guid":{"rendered":"https:\/\/hookahshop.lt\/?post_type=product&#038;p=30177"},"modified":"2026-02-17T14:42:56","modified_gmt":"2026-02-17T12:42:56","slug":"kolba-kaljanui-su-sriegiu-aladin-mvp550","status":"publish","type":"product","link":"https:\/\/hookahshop.lt\/lv\/produkt\/kolba-for-udenspipe-ar-diegu-aladin-mvp550\/","title":{"rendered":"\u0100\u0137is v\u012btnei ar v\u012btni ALADIN MVP550 Clear"},"content":{"rendered":"<h2>\u0100\u0137is v\u012btnei ar v\u012btni ALADIN MVP550 Clear<\/h2>\n<p>V\u012bt\u0146ot\u0101 kolba ir paredz\u0113ta tikai ALADIN MVP550 \u016bdensp\u012bpei.<\/p>\n<p><strong><span title=\"\">Specifik\u0101cijas:<\/span><\/strong><br \/>\nKr\u0101sa - da\u017e\u0101das kr\u0101sas.<br \/>\nAugstums: 27cm<\/p>\n<p>&nbsp;<\/p>\n<p>Vai jums ir k\u0101di jaut\u0101jumi? Sazinies ar mums\u00a0<a href=\"https:\/\/hookahshop.lt\/lv\/kontaktiem\/\">kontaktu lapa<\/a>\u00a0vai rakstiet mums pa e-pastu\u00a0<a href=\"https:\/\/facebook.com\/HookahShop.lt\/\" target=\"_blank\" rel=\"noopener noreferrer\">Facebook konts<\/a>\u00a0un m\u0113s atbild\u0113sim uz j\u016bsu piepras\u012bjumu taj\u0101 pa\u0161\u0101 dien\u0101.<\/p>","protected":false},"excerpt":{"rendered":"<p>Kolba kaljanui su sriegiu ALADIN MVP550 Clear Kolba su sriegiu skirta tik ALADIN MVP550 kaljanui. Specifikacijos: Spalva \u2013 \u012fvairi\u0173 spalv\u0173. Auk\u0161tis: 27cm &nbsp; Turite klausim\u0173? Susisiekite su mumis\u00a0kontakt\u0173 puslapyje\u00a0arba para\u0161ykite mums \u012f\u00a0Facebook paskyr\u0105\u00a0ir atsakysime \u012f j\u016bs\u0173 u\u017eklaus\u0105 dar t\u0105 pa\u010di\u0105 dien\u0105.<\/p>","protected":false},"featured_media":30180,"comment_status":"open","ping_status":"closed","template":"","meta":[],"_links":{"self":[{"href":"https:\/\/hookahshop.lt\/lv\/wp-json\/wp\/v2\/product\/30177"}],"collection":[{"href":"https:\/\/hookahshop.lt\/lv\/wp-json\/wp\/v2\/product"}],"about":[{"href":"https:\/\/hookahshop.lt\/lv\/wp-json\/wp\/v2\/types\/product"}],"replies":[{"embeddable":true,"href":"https:\/\/hookahshop.lt\/lv\/wp-json\/wp\/v2\/comments?post=30177"}],"version-history":[{"count":7,"href":"https:\/\/hookahshop.lt\/lv\/wp-json\/wp\/v2\/product\/30177\/revisions"}],"predecessor-version":[{"id":45037,"href":"https:\/\/hookahshop.lt\/lv\/wp-json\/wp\/v2\/product\/30177\/revisions\/45037"}],"wp:featuredmedia":[{"embeddable":true,"href":"https:\/\/hookahshop.lt\/lv\/wp-json\/wp\/v2\/media\/30180"}],"wp:attachment":[{"href":"https:\/\/hookahshop.lt\/lv\/wp-json\/wp\/v2\/media?parent=30177"}],"curies":[{"name":"wp","href":"https:\/\/api.w.org\/{rel}","templated":true}]}}