{"id":30183,"date":"2021-12-17T22:42:53","date_gmt":"2021-12-17T20:42:53","guid":{"rendered":"https:\/\/hookahshop.lt\/?post_type=product&#038;p=30183"},"modified":"2026-04-15T23:29:19","modified_gmt":"2026-04-15T20:29:19","slug":"anglys-kaljanui-tom-coco-diamond-26mm-1kg","status":"publish","type":"product","link":"https:\/\/hookahshop.lt\/lv\/produkt\/ogles-for-udenspipe-tom-koko-dimants-26mm-1kg\/","title":{"rendered":"Kokogles \u016bdensp\u012bpei TOM COCO Diamond 26mm 1kg"},"content":{"rendered":"<h2>Kokogles \u016bdensp\u012bpei TOM COCO Diamond 26mm 1kg<\/h2>\n<p>100% dab\u012bg\u0101 ogle, kas izgatavota no Taizemes kokosriekstu \u010daumalas.<br \/>\nMaz\u0101k pelnu, vair\u0101k siltuma.<br \/>\nViena oglek\u013ca izm\u0113ri: 26x26x26mm<br \/>\nKast\u012bte satur 64 ogles<br \/>\nLai dedzin\u0101tu ogles, ir nepiecie\u0161ama elektrisk\u0101 pl\u012bts \u016bdensp\u012bpe, t\u016bristu g\u0101zes pl\u012bts vai taml\u012bdz\u012bgi.<br \/>\nIzcelsmes valsts: Indon\u0113zija<\/p>\n<p>Vai jums ir k\u0101di jaut\u0101jumi? Sazinies ar mums\u00a0<a href=\"https:\/\/hookahshop.lt\/lv\/kontaktiem\/\">kontaktu lapa<\/a>\u00a0vai rakstiet mums pa e-pastu\u00a0<a href=\"https:\/\/facebook.com\/HookahShop.lt\/\" target=\"_blank\" rel=\"noopener noreferrer\">Facebook konts<\/a>\u00a0un m\u0113s atbild\u0113sim uz j\u016bsu piepras\u012bjumu taj\u0101 pa\u0161\u0101 dien\u0101.<\/p>","protected":false},"excerpt":{"rendered":"<p>Kokogles \u016bdensp\u012bpei TOM COCO Diamond 26mm 1kg 100% dab\u012bgas kokogles, kas izgatavotas no Taizemes kokosriekstu \u010daumalas. Maz\u0101k pelnu, vair\u0101k siltuma. Vienas ogles izm\u0113ri: 26x26x26mm Kast\u0113 ir 64 ogles Lai aizdedzin\u0101tu ogles, nepiecie\u0161ama elektrisk\u0101 pl\u012bts \u016bdensp\u012bpei, t\u016bristu g\u0101zes pl\u012bts vai taml\u012bdz\u012bgi. Izcelsmes valsts: Indon\u0113zija Vai jums ir jaut\u0101jumi? Sazinieties ar mums kontaktu lap\u0101 vai rakstiet mums uz m\u016bsu Facebook kontu un m\u0113s atbild\u0113sim uz j\u016bsu [\u2026]<\/p>","protected":false},"featured_media":30188,"comment_status":"open","ping_status":"closed","template":"","meta":[],"_links":{"self":[{"href":"https:\/\/hookahshop.lt\/lv\/wp-json\/wp\/v2\/product\/30183"}],"collection":[{"href":"https:\/\/hookahshop.lt\/lv\/wp-json\/wp\/v2\/product"}],"about":[{"href":"https:\/\/hookahshop.lt\/lv\/wp-json\/wp\/v2\/types\/product"}],"replies":[{"embeddable":true,"href":"https:\/\/hookahshop.lt\/lv\/wp-json\/wp\/v2\/comments?post=30183"}],"version-history":[{"count":5,"href":"https:\/\/hookahshop.lt\/lv\/wp-json\/wp\/v2\/product\/30183\/revisions"}],"predecessor-version":[{"id":30943,"href":"https:\/\/hookahshop.lt\/lv\/wp-json\/wp\/v2\/product\/30183\/revisions\/30943"}],"wp:featuredmedia":[{"embeddable":true,"href":"https:\/\/hookahshop.lt\/lv\/wp-json\/wp\/v2\/media\/30188"}],"wp:attachment":[{"href":"https:\/\/hookahshop.lt\/lv\/wp-json\/wp\/v2\/media?parent=30183"}],"curies":[{"name":"wp","href":"https:\/\/api.w.org\/{rel}","templated":true}]}}