{"id":30189,"date":"2021-12-17T23:02:14","date_gmt":"2021-12-17T21:02:14","guid":{"rendered":"https:\/\/hookahshop.lt\/?post_type=product&#038;p=30189"},"modified":"2026-05-03T23:30:09","modified_gmt":"2026-05-03T20:30:09","slug":"taurele-kaljanui-oblako-phunnel-l-basic","status":"publish","type":"product","link":"https:\/\/hookahshop.lt\/lv\/produkt\/kauss-udenspipe-makonis-piltuve-l-pamata\/","title":{"rendered":"Kauss \u016bdensp\u012bpei OBLAKO Phunnel L Basic"},"content":{"rendered":"<h2>Kauss \u016bdensp\u012bpei OBLAKO Phunnel L Basic<\/h2>\n<p>Kr\u016bz\u012bte ir paredz\u0113ta ikdienas sm\u0113\u0137\u0113\u0161anai, lieliski piem\u0113rota vieglai un smagai tabakai.<br \/>\nTabakas pat\u0113ri\u0146\u0161 23-28 grami.<\/p>\n<p>Raksturojums:<br \/>\nAugstums: 120 mm.<br \/>\nDiametrs (\u0101r\u0113jais): 79 mm.<br \/>\nDiametrs (iek\u0161\u0113jais): 72 mm.<br \/>\nDzi\u013cums: 14mm.<br \/>\nCaurumu skaits: 1 gab.<br \/>\nSvars: apm\u0113ram 180 g.<\/p>\n<p>Vai jums ir k\u0101di jaut\u0101jumi? Sazinies ar mums\u00a0<a href=\"https:\/\/hookahshop.lt\/lv\/kontaktiem\/\">kontaktu lapa<\/a>\u00a0vai rakstiet mums pa e-pastu\u00a0<a href=\"https:\/\/facebook.com\/HookahShop.lt\/\" target=\"_blank\" rel=\"noopener noreferrer\">Facebook konts<\/a>\u00a0un m\u0113s atbild\u0113sim uz j\u016bsu piepras\u012bjumu taj\u0101 pa\u0161\u0101 dien\u0101.<\/p>","protected":false},"excerpt":{"rendered":"<p>\u016adensp\u012bpes kr\u016bz\u012bte OBLAKO Phunnel L Basic Kr\u016bz\u012bte ir paredz\u0113ta ikdienas sm\u0113\u0137\u0113\u0161anai, ide\u0101li piem\u0113rota vieglai un smagai tabakai. Tabakas pat\u0113ri\u0146\u0161 23\u201328 grami. Raksturojums: Augstums: 120 mm. Diametrs (\u0101r\u0113jais): 79 mm. Diametrs (iek\u0161\u0113jais): 72 mm. Dzi\u013cums: 14 mm. Caurumu skaits: 1 gab. Svars: aptuveni 180 g. Vai jums ir k\u0101di jaut\u0101jumi? Sazinieties ar mums kontaktlap\u0101 vai rakstiet mums Facebook, un m\u0113s atbild\u0113sim uz j\u016bsu piepras\u012bjumu [\u2026]<\/p>","protected":false},"featured_media":30198,"comment_status":"open","ping_status":"closed","template":"","meta":[],"_links":{"self":[{"href":"https:\/\/hookahshop.lt\/lv\/wp-json\/wp\/v2\/product\/30189"}],"collection":[{"href":"https:\/\/hookahshop.lt\/lv\/wp-json\/wp\/v2\/product"}],"about":[{"href":"https:\/\/hookahshop.lt\/lv\/wp-json\/wp\/v2\/types\/product"}],"replies":[{"embeddable":true,"href":"https:\/\/hookahshop.lt\/lv\/wp-json\/wp\/v2\/comments?post=30189"}],"version-history":[{"count":5,"href":"https:\/\/hookahshop.lt\/lv\/wp-json\/wp\/v2\/product\/30189\/revisions"}],"predecessor-version":[{"id":32443,"href":"https:\/\/hookahshop.lt\/lv\/wp-json\/wp\/v2\/product\/30189\/revisions\/32443"}],"wp:featuredmedia":[{"embeddable":true,"href":"https:\/\/hookahshop.lt\/lv\/wp-json\/wp\/v2\/media\/30198"}],"wp:attachment":[{"href":"https:\/\/hookahshop.lt\/lv\/wp-json\/wp\/v2\/media?parent=30189"}],"curies":[{"name":"wp","href":"https:\/\/api.w.org\/{rel}","templated":true}]}}