{"id":30286,"date":"2021-12-21T11:37:35","date_gmt":"2021-12-21T09:37:35","guid":{"rendered":"https:\/\/hookahshop.lt\/?post_type=product&#038;p=30286"},"modified":"2026-04-21T23:29:59","modified_gmt":"2026-04-21T20:29:59","slug":"kandiklis-kaljanui-mexanika-smoke-black","status":"publish","type":"product","link":"https:\/\/hookahshop.lt\/lv\/produkt\/iemuti-for-udenspipe-mexanika-dumu-melns\/","title":{"rendered":"\u016adensp\u012bpes \u0101\u0137is MEXANIKA Smoke Black"},"content":{"rendered":"<h2>\u016adensp\u012bpes \u0101\u0137is MEXANIKA Smoke Black<\/h2>\n<p>Izgatavots no ner\u016bs\u0113jo\u0161\u0101 t\u0113rauda un silikona Soft Touch dekor\u0101cijas. Piem\u0113rots vis\u0101m silikona \u0161\u013c\u016bten\u0113m ar iek\u0161\u0113jo diametru 10-11mm. Meh\u0101nika Smoke Black iemutnis sast\u0101v no div\u0101m da\u013c\u0101m ar v\u012bt\u0146otu savienojumu.<\/p>\n<p><strong>Specifik\u0101cija:<\/strong><br \/>\nGarums: 33,7 cm<br \/>\nIek\u0161\u0113jais diametrs: 9 cm<br \/>\nSvars: 150g.<br \/>\nMateri\u0101ls: Ner\u016bs\u0113jo\u0161ais t\u0113rauds ar silikona Soft Touch apdari.<\/p>\n<p>Vai jums ir k\u0101di jaut\u0101jumi? Sazinies ar mums\u00a0<a href=\"https:\/\/hookahshop.lt\/lv\/kontaktiem\/\">kontaktu lapa<\/a>\u00a0vai rakstiet mums pa e-pastu\u00a0<a href=\"https:\/\/facebook.com\/HookahShop.lt\/\" target=\"_blank\" rel=\"noopener noreferrer\">Facebook konts<\/a>\u00a0un m\u0113s atbild\u0113sim uz j\u016bsu piepras\u012bjumu taj\u0101 pa\u0161\u0101 dien\u0101.<\/p>","protected":false},"excerpt":{"rendered":"<p>Ietin \u016bdensp\u012bpei MEXANIKA Smoke Black Izgatavots no ner\u016bs\u0113jo\u0161\u0101 t\u0113rauda un silikona &quot;Soft Touch&quot; dekor\u0101cijas. Piem\u0113rots vis\u0101m silikona \u0161\u013c\u016bten\u0113m ar iek\u0161\u0113jo diametru 10-11mm. Meh\u0101nika Smoke Black iemutnis sast\u0101v no div\u0101m da\u013c\u0101m ar v\u012bt\u0146otu savienojumu. Specifik\u0101cija: Garums: 33,7cm Iek\u0161\u0113jais diametrs: 9cm Svars: 150g. Materi\u0101ls: Ner\u016bs\u0113jo\u0161ais t\u0113rauds ar silikona Soft Touch apdari. Vai jums ir k\u0101di jaut\u0101jumi? Sazinieties ar mums, izmantojot m\u016bsu kontaktinform\u0101ciju [\u2026]<\/p>","protected":false},"featured_media":30287,"comment_status":"open","ping_status":"closed","template":"","meta":[],"_links":{"self":[{"href":"https:\/\/hookahshop.lt\/lv\/wp-json\/wp\/v2\/product\/30286"}],"collection":[{"href":"https:\/\/hookahshop.lt\/lv\/wp-json\/wp\/v2\/product"}],"about":[{"href":"https:\/\/hookahshop.lt\/lv\/wp-json\/wp\/v2\/types\/product"}],"replies":[{"embeddable":true,"href":"https:\/\/hookahshop.lt\/lv\/wp-json\/wp\/v2\/comments?post=30286"}],"version-history":[{"count":3,"href":"https:\/\/hookahshop.lt\/lv\/wp-json\/wp\/v2\/product\/30286\/revisions"}],"predecessor-version":[{"id":30408,"href":"https:\/\/hookahshop.lt\/lv\/wp-json\/wp\/v2\/product\/30286\/revisions\/30408"}],"wp:featuredmedia":[{"embeddable":true,"href":"https:\/\/hookahshop.lt\/lv\/wp-json\/wp\/v2\/media\/30287"}],"wp:attachment":[{"href":"https:\/\/hookahshop.lt\/lv\/wp-json\/wp\/v2\/media?parent=30286"}],"curies":[{"name":"wp","href":"https:\/\/api.w.org\/{rel}","templated":true}]}}