{"id":30301,"date":"2021-12-21T23:18:41","date_gmt":"2021-12-21T21:18:41","guid":{"rendered":"https:\/\/hookahshop.lt\/?post_type=product&#038;p=30301"},"modified":"2026-04-21T23:29:59","modified_gmt":"2026-04-21T20:29:59","slug":"znyples-kaljano-anglims-mexanika-smoke","status":"publish","type":"product","link":"https:\/\/hookahshop.lt\/lv\/produkt\/znyples-udenspipe-ogles-mexanika-smoke\/","title":{"rendered":"\u016adensp\u012bpes og\u013cu knaibles MEXANIKA Smoke"},"content":{"rendered":"<h2>\u016adensp\u012bpes og\u013cu knaibles MEXANIKA Smoke<\/h2>\n<p>Piederums padar\u012bs j\u016bs par lielisku pal\u012bgu un kalpos jums ilgu laiku.<\/p>\n<p><strong>Specifik\u0101cijas:<\/strong><br \/>\nGarums: 21,5 cm<br \/>\nSvars: ~ 75g.<br \/>\nMateri\u0101ls: ner\u016bs\u0113jo\u0161ais t\u0113rauds<br \/>\nRa\u017eo\u0161anas valsts: Krievija<\/p>\n<p>Vai jums ir k\u0101di jaut\u0101jumi? Sazinies ar mums\u00a0<a href=\"https:\/\/hookahshop.lt\/lv\/kontaktiem\/\">kontaktu lapa<\/a>\u00a0vai rakstiet mums pa e-pastu\u00a0<a href=\"https:\/\/facebook.com\/HookahShop.lt\/\" target=\"_blank\" rel=\"noopener noreferrer\">Facebook konts<\/a>\u00a0un m\u0113s atbild\u0113sim uz j\u016bsu piepras\u012bjumu taj\u0101 pa\u0161\u0101 dien\u0101.<\/p>","protected":false},"excerpt":{"rendered":"<p>Knaibles \u016bdensp\u012bpes ogl\u0113m MEXANIKA Smoke Aksesu\u0101rs k\u013c\u016bs par j\u016bsu lielisku pal\u012bgu un kalpos jums ilgu laiku. Specifik\u0101cijas: Garums: 21,5 cm Svars: ~ 75g. Materi\u0101ls: Ner\u016bs\u0113jo\u0161ais t\u0113rauds Ra\u017eo\u0161anas valsts: Krievija Vai jums ir k\u0101di jaut\u0101jumi? Sazinieties ar mums kontaktu lap\u0101 vai rakstiet mums uz m\u016bsu Facebook kontu un m\u0113s atbild\u0113sim uz j\u016bsu piepras\u012bjumu taj\u0101 pa\u0161\u0101 dien\u0101.<\/p>","protected":false},"featured_media":30302,"comment_status":"open","ping_status":"closed","template":"","meta":[],"_links":{"self":[{"href":"https:\/\/hookahshop.lt\/lv\/wp-json\/wp\/v2\/product\/30301"}],"collection":[{"href":"https:\/\/hookahshop.lt\/lv\/wp-json\/wp\/v2\/product"}],"about":[{"href":"https:\/\/hookahshop.lt\/lv\/wp-json\/wp\/v2\/types\/product"}],"replies":[{"embeddable":true,"href":"https:\/\/hookahshop.lt\/lv\/wp-json\/wp\/v2\/comments?post=30301"}],"version-history":[{"count":2,"href":"https:\/\/hookahshop.lt\/lv\/wp-json\/wp\/v2\/product\/30301\/revisions"}],"predecessor-version":[{"id":30407,"href":"https:\/\/hookahshop.lt\/lv\/wp-json\/wp\/v2\/product\/30301\/revisions\/30407"}],"wp:featuredmedia":[{"embeddable":true,"href":"https:\/\/hookahshop.lt\/lv\/wp-json\/wp\/v2\/media\/30302"}],"wp:attachment":[{"href":"https:\/\/hookahshop.lt\/lv\/wp-json\/wp\/v2\/media?parent=30301"}],"curies":[{"name":"wp","href":"https:\/\/api.w.org\/{rel}","templated":true}]}}