{"id":30312,"date":"2021-12-21T23:58:02","date_gmt":"2021-12-21T21:58:02","guid":{"rendered":"https:\/\/hookahshop.lt\/?post_type=product&#038;p=30312"},"modified":"2026-04-15T23:29:20","modified_gmt":"2026-04-15T20:29:20","slug":"znyples-kaljano-anglims-nomad-king","status":"publish","type":"product","link":"https:\/\/hookahshop.lt\/lv\/produkt\/udenspipe-ogle-udenspipe-nomadu-karalis\/","title":{"rendered":"Og\u013cu knaibles NOMAD King"},"content":{"rendered":"<h2>Og\u013cu knaibles NOMAD King<\/h2>\n<p>Ori\u0123in\u0101la dizaina ner\u016bs\u0113jo\u0161\u0101 t\u0113rauda ASI430 ar platumu 1,5 mm. Katra no pincet\u0113m ir apstr\u0101d\u0101ta ar l\u0101zeru un sl\u012bp\u0113ta, lai atvieglotu lieto\u0161anu.<\/p>\n<p><strong>Specifik\u0101cijas:<\/strong><br \/>\nGarums: 23,5 cm<br \/>\nSvars: ~ 104 g.<br \/>\nMateri\u0101ls: ner\u016bs\u0113jo\u0161ais t\u0113rauds<br \/>\nRa\u017eo\u0161anas valsts: Krievija<\/p>\n<p>Vai jums ir k\u0101di jaut\u0101jumi? Sazinies ar mums\u00a0<a href=\"https:\/\/hookahshop.lt\/lv\/kontaktiem\/\">kontaktu lapa<\/a>\u00a0vai rakstiet mums pa e-pastu\u00a0<a href=\"https:\/\/facebook.com\/HookahShop.lt\/\" target=\"_blank\" rel=\"noopener noreferrer\">Facebook konts<\/a>\u00a0un m\u0113s atbild\u0113sim uz j\u016bsu piepras\u012bjumu taj\u0101 pa\u0161\u0101 dien\u0101.<\/p>","protected":false},"excerpt":{"rendered":"<p>\u016adensp\u012bpes og\u013cu knaibles NOMAD King Ori\u0123in\u0101ls dizains, izgatavotas no ner\u016bs\u0113jo\u0161\u0101 t\u0113rauda ASI430, 1,5 mm platas. Katras knaibles ir grieztas ar l\u0101zeru un pul\u0113tas \u0113rtai lieto\u0161anai. Specifik\u0101cijas: Garums: 23,5 cm Svars: ~ 104 g Materi\u0101ls: Ner\u016bs\u0113jo\u0161ais t\u0113rauds Ra\u017eot\u0101jvalsts: Krievija Vai jums ir k\u0101di jaut\u0101jumi? Sazinieties ar mums kontaktlap\u0101 vai rakstiet mums Facebook, un m\u0113s atbild\u0113sim uz j\u016bsu jaut\u0101jumu taj\u0101 pa\u0161\u0101 [\u2026]<\/p>","protected":false},"featured_media":30315,"comment_status":"open","ping_status":"closed","template":"","meta":[],"_links":{"self":[{"href":"https:\/\/hookahshop.lt\/lv\/wp-json\/wp\/v2\/product\/30312"}],"collection":[{"href":"https:\/\/hookahshop.lt\/lv\/wp-json\/wp\/v2\/product"}],"about":[{"href":"https:\/\/hookahshop.lt\/lv\/wp-json\/wp\/v2\/types\/product"}],"replies":[{"embeddable":true,"href":"https:\/\/hookahshop.lt\/lv\/wp-json\/wp\/v2\/comments?post=30312"}],"version-history":[{"count":3,"href":"https:\/\/hookahshop.lt\/lv\/wp-json\/wp\/v2\/product\/30312\/revisions"}],"predecessor-version":[{"id":30405,"href":"https:\/\/hookahshop.lt\/lv\/wp-json\/wp\/v2\/product\/30312\/revisions\/30405"}],"wp:featuredmedia":[{"embeddable":true,"href":"https:\/\/hookahshop.lt\/lv\/wp-json\/wp\/v2\/media\/30315"}],"wp:attachment":[{"href":"https:\/\/hookahshop.lt\/lv\/wp-json\/wp\/v2\/media?parent=30312"}],"curies":[{"name":"wp","href":"https:\/\/api.w.org\/{rel}","templated":true}]}}