{"id":30326,"date":"2021-12-22T00:29:17","date_gmt":"2021-12-21T22:29:17","guid":{"rendered":"https:\/\/hookahshop.lt\/?post_type=product&#038;p=30326"},"modified":"2026-04-15T23:29:20","modified_gmt":"2026-04-15T20:29:20","slug":"kaljanas-japona-hookah-shuriken-mini-yellow","status":"publish","type":"product","link":"https:\/\/hookahshop.lt\/lv\/produkt\/udenspipe-japan-udenspipe-suriken-mini-dzeltens\/","title":{"rendered":"Kaljanas JAPONA HOOKAH Shuriken Mini Yellow"},"content":{"rendered":"<h2>Kaljanas JAPONA HOOKAH Shuriken Mini Yellow<\/h2>\n<p>Jap\u0101nas \u016bdensp\u012bpe ir z\u012bmols, kas ir izpeln\u012bjies cie\u0146u to cilv\u0113ku sird\u012bs, kuri m\u012bl un ciena \u016bdensp\u012bpes sm\u0113\u0137\u0113\u0161anas kult\u016bru. Jap\u0101na specializ\u0113jas unik\u0101lu \u016bdensp\u012bpju ra\u017eo\u0161an\u0101. Sal\u012bdzino\u0161i nelieli tir\u0101\u017eas padara produktu par ekskluz\u012bvu un ekskluz\u012bvu \u0161\u0101da veida produktu. Ja jums pat\u012bk ori\u0123inalit\u0101te un stils, Jap\u0101nas \u016bdensp\u012bpe harmoniski ieder\u0113sies j\u016bsu interjer\u0101 un k\u013c\u016bs par j\u016bsu t\u0113la neat\u0146emamu sast\u0101vda\u013cu.<\/p>\n<p>\u016adensp\u012bpes v\u0101rpsta Shuriken mini ir atskr\u016bv\u0113jama un cieta 520 mm gar\u0161. V\u0101rpstas centr\u0101l\u0101 da\u013ca ir iztur\u012bga ner\u016bs\u0113jo\u0161\u0101 t\u0113rauda caurule ar iek\u0161\u0113jo diametru 13 mm, dekorat\u012bv\u0101 da\u013ca ir izgatavota no c\u0113lkoka, apstr\u0101d\u0101ta ar e\u013c\u013cu un izv\u0113l\u0113tu tekst\u016bru.<\/p>\n<p>Stikla kolba, 250 mm augsta, sienas biezums 6 mm, kakla iek\u0161\u0113jais diametrs 45 mm, ar met\u0101la v\u0101rpstas adapteri, kas uzsver \u016bdensp\u012bpes dizainu.<br \/>\n\u0100rk\u0101rtas tr\u012bsda\u013c\u012bgu pl\u0101k\u0161\u0146u dizains! Koka pl\u0101ksnes \u0101r\u0113jais diametrs ir 180 mm, met\u0101la pl\u0101ksne ir 150 mm, un aizsarg\u0101jo\u0161ais t\u0113rauda disks ir 120 mm. Koka tekst\u016bra atbilst v\u0101rpstas kr\u0101sai.<br \/>\nIemut\u0146a dekorat\u012bv\u0101 da\u013ca ir izgatavota no d\u0101rga koka, skaistas tekst\u016bras, saska\u0146ota ar v\u0101rpstas kr\u0101su. Tam ir divas aizsargsprauslas ar melnu cinkotu p\u0101rkl\u0101jumu un ner\u016bs\u0113jo\u0161\u0101 t\u0113rauda caurule ar 10 mm diametru.<\/p>\n<p>Savienot\u0101ja O gredzena iek\u0161\u0113jais diametrs 12 mm.<br \/>\nTuk\u0161o\u0161anas v\u0101rsts ar iek\u0161\u0113jo diametru 10 mm \u013cauj viegli izp\u016bst d\u016bmus kolb\u0101.<br \/>\nApzelt\u012btais Jap\u0101nas \u016bdensp\u012bpes logotips garant\u0113 \u0161\u012b \u016bdensp\u012bpes autentiskumu un apstiprina kampa\u0146as kvalit\u0101tes z\u012bmi.<\/p>\n<p>\u016adensp\u012bpe Japan Hookah Shuriken Mini Brown - Premium klases \u016bdensp\u012bpe neatst\u0101s j\u016bs vienaldz\u012bgus.<\/p>\n<p><strong>Raksturojums:<\/strong><br \/>\nKop\u0113jais \u016bdensp\u012bpes augstums ir 520 mm<br \/>\nKolbas augstums ir 260 mm<br \/>\nV\u0101rpstas diametrs ir 13 mm<br \/>\nIemu\u013ca diametrs ir 10 mm<\/p>\n<p><strong>Apr\u012bkojums:<\/strong><br \/>\nV\u0101rpsta, pl\u0101ksne, kolba, iemutis, silikona \u0161\u013c\u016btene (1,5 m), savienot\u0101js (O gredzena gredzeni), bl\u012bves.<\/p>\n<p><strong>Materi\u0101li:<\/strong><br \/>\nKoksne, ner\u016bs\u0113jo\u0161ais t\u0113rauds (p\u0101rtikas kategorija), alum\u012bnija sakaus\u0113jums (anod\u0113ts).<\/p>\n<p>Vai jums ir k\u0101di jaut\u0101jumi? Sazinies ar mums\u00a0<a href=\"https:\/\/hookahshop.lt\/lv\/kontaktiem\/\">kontaktu lapa<\/a>\u00a0vai rakstiet mums pa e-pastu\u00a0<a href=\"https:\/\/facebook.com\/HookahShop.lt\/\" target=\"_blank\" rel=\"noopener noreferrer\">Facebook konts<\/a>\u00a0un m\u0113s atbild\u0113sim uz j\u016bsu piepras\u012bjumu taj\u0101 pa\u0161\u0101 dien\u0101.<\/p>","protected":false},"excerpt":{"rendered":"<p>\u016adensp\u012bpe JAPAN HOOKAH Shuriken Mini Yellow Jap\u0101nas \u016bdensp\u012bpe ir z\u012bmols, kas ir izpeln\u012bjies cie\u0146u to cilv\u0113ku sird\u012bs, kuri m\u012bl un ciena \u016bdensp\u012bpes sm\u0113\u0137\u0113\u0161anas kult\u016bru. Jap\u0101na specializ\u0113jas unik\u0101lo \u016bdensp\u012bpju ra\u017eo\u0161an\u0101. Sal\u012bdzino\u0161i nelieli tir\u0101\u017eas padara produktu unik\u0101lu un ekskluz\u012bvu \u0161\u0101da veida produktu. Ja jums pat\u012bk ori\u0123inalit\u0101te un stils, \u016bdensp\u012bpe &quot;Japona&quot; harmoniski ieder\u0113sies j\u016bsu interjer\u0101 un k\u013c\u016bs par j\u016bsu t\u0113la neat\u0146emamu [...]<\/p>","protected":false},"featured_media":30328,"comment_status":"open","ping_status":"closed","template":"","meta":[],"_links":{"self":[{"href":"https:\/\/hookahshop.lt\/lv\/wp-json\/wp\/v2\/product\/30326"}],"collection":[{"href":"https:\/\/hookahshop.lt\/lv\/wp-json\/wp\/v2\/product"}],"about":[{"href":"https:\/\/hookahshop.lt\/lv\/wp-json\/wp\/v2\/types\/product"}],"replies":[{"embeddable":true,"href":"https:\/\/hookahshop.lt\/lv\/wp-json\/wp\/v2\/comments?post=30326"}],"version-history":[{"count":4,"href":"https:\/\/hookahshop.lt\/lv\/wp-json\/wp\/v2\/product\/30326\/revisions"}],"predecessor-version":[{"id":36458,"href":"https:\/\/hookahshop.lt\/lv\/wp-json\/wp\/v2\/product\/30326\/revisions\/36458"}],"wp:featuredmedia":[{"embeddable":true,"href":"https:\/\/hookahshop.lt\/lv\/wp-json\/wp\/v2\/media\/30328"}],"wp:attachment":[{"href":"https:\/\/hookahshop.lt\/lv\/wp-json\/wp\/v2\/media?parent=30326"}],"curies":[{"name":"wp","href":"https:\/\/api.w.org\/{rel}","templated":true}]}}