{"id":30331,"date":"2021-12-22T01:03:50","date_gmt":"2021-12-21T23:03:50","guid":{"rendered":"https:\/\/hookahshop.lt\/?post_type=product&#038;p=30331"},"modified":"2026-04-15T23:29:20","modified_gmt":"2026-04-15T20:29:20","slug":"individualus-kaljano-kandiklis-mexanika-smoke-classic","status":"publish","type":"product","link":"https:\/\/hookahshop.lt\/lv\/produkt\/individualais-udenspipes-iemutnis-mexanika-smoke-classic\/","title":{"rendered":"Individu\u0101ls \u0101\u0137a \u0101\u0137is MEXANIKA Smoke Classic"},"content":{"rendered":"<h2>Individu\u0101ls \u0101\u0137a \u0101\u0137is MEXANIKA Smoke Classic<\/h2>\n<p>Izgatavots no silikona Soft Touch un ner\u016bs\u0113jo\u0161\u0101 t\u0113rauda ASISI 30 ar iegrav\u0113tu uzrakstu &quot;Mexanika Smoke&quot;.<\/p>\n<p>Specifik\u0101cijas:<br \/>\nJostas garums: 890 mm<br \/>\nJostas materi\u0101ls: audums ar uzrakstu &quot;Mexanika Smoke&quot;<br \/>\nIemutes garums: 84 mm<br \/>\nMutes p\u0101rkl\u0101jums: ner\u016bs\u0113jo\u0161ais t\u0113rauds<br \/>\nSvars: apm\u0113ram 75 g<\/p>\n<p>Vai jums ir k\u0101di jaut\u0101jumi? Sazinies ar mums\u00a0<a href=\"https:\/\/hookahshop.lt\/lv\/kontaktiem\/\">kontaktu lapa<\/a>\u00a0vai rakstiet mums pa e-pastu\u00a0<a href=\"https:\/\/facebook.com\/HookahShop.lt\/\" target=\"_blank\" rel=\"noopener noreferrer\">Facebook konts<\/a>\u00a0un m\u0113s atbild\u0113sim uz j\u016bsu piepras\u012bjumu taj\u0101 pa\u0161\u0101 dien\u0101.<\/p>","protected":false},"excerpt":{"rendered":"<p>Individu\u0101ls \u016bdensp\u012bpes iemutnis MEXANIKA Smoke Classic Izgatavots no silikona Soft Touch un ner\u016bs\u0113jo\u0161\u0101 t\u0113rauda ASISI 30 ar iegrav\u0113tu uzrakstu &quot;Mexanika Smoke&quot;. Specifik\u0101cijas: Siksnas garums: 890mm Siksnas materi\u0101ls: Mexanika D\u016bmu audums Izp\u016bt\u0113ja garums: 84mm Izp\u016bt\u0113ja v\u0101ci\u0146\u0161: ner\u016bs\u0113jo\u0161ais t\u0113rauds Svars: apm\u0113ram 75g Jaut\u0101jumi? Sazinieties ar mums kontaktu lap\u0101 vai rakstiet mums uz m\u016bsu Facebook kontu un [\u2026]<\/p>","protected":false},"featured_media":30334,"comment_status":"open","ping_status":"closed","template":"","meta":[],"_links":{"self":[{"href":"https:\/\/hookahshop.lt\/lv\/wp-json\/wp\/v2\/product\/30331"}],"collection":[{"href":"https:\/\/hookahshop.lt\/lv\/wp-json\/wp\/v2\/product"}],"about":[{"href":"https:\/\/hookahshop.lt\/lv\/wp-json\/wp\/v2\/types\/product"}],"replies":[{"embeddable":true,"href":"https:\/\/hookahshop.lt\/lv\/wp-json\/wp\/v2\/comments?post=30331"}],"version-history":[{"count":4,"href":"https:\/\/hookahshop.lt\/lv\/wp-json\/wp\/v2\/product\/30331\/revisions"}],"predecessor-version":[{"id":30437,"href":"https:\/\/hookahshop.lt\/lv\/wp-json\/wp\/v2\/product\/30331\/revisions\/30437"}],"wp:featuredmedia":[{"embeddable":true,"href":"https:\/\/hookahshop.lt\/lv\/wp-json\/wp\/v2\/media\/30334"}],"wp:attachment":[{"href":"https:\/\/hookahshop.lt\/lv\/wp-json\/wp\/v2\/media?parent=30331"}],"curies":[{"name":"wp","href":"https:\/\/api.w.org\/{rel}","templated":true}]}}