{"id":30338,"date":"2021-12-22T01:12:47","date_gmt":"2021-12-21T23:12:47","guid":{"rendered":"https:\/\/hookahshop.lt\/?post_type=product&#038;p=30338"},"modified":"2026-04-18T23:29:13","modified_gmt":"2026-04-18T20:29:13","slug":"sirupo-gaudykle-es-silver","status":"publish","type":"product","link":"https:\/\/hookahshop.lt\/lv\/produkt\/sirups-trap-es-sudrabs\/","title":{"rendered":"S\u012brupa slazds EU Silver"},"content":{"rendered":"<h2>S\u012brupa slazds EU Silver<\/h2>\n<p>\u016adensp\u012bpes s\u012brupa slazds ir stil\u012bgs aksesu\u0101rs tabakas s\u012brupa \u0137er\u0161anai un sav\u0101k\u0161anai. Viegli atskr\u016bv\u0113t un t\u012br\u012bt.<br \/>\nNov\u0113rsiet tabakas lapu un s\u012brupa iek\u013c\u016b\u0161anu kolb\u0101 un \u016bdensp\u012bpes k\u0101t\u0101. S\u012brups un tabaka neuzkr\u0101jas \u0161aht\u0101, kas atvieglo mazg\u0101\u0161anu un pie\u0161\u0137ir t\u012br\u0101ku gar\u0161u. Aizsarg\u0101 pret dzeltenumu kolb\u0101. Tagad, mainot kr\u016bz\u012bti, nav nepiecie\u0161ams katru reizi mazg\u0101t \u016bdensp\u012bpi, lai no\u0146emtu s\u012brupu.<\/p>\n<p>Raksturojums:<br \/>\nKr\u0101sa: Sudraba<br \/>\nAugstums: 69 mm<br \/>\nDiametrs (\u0101r\u0113jais): 50 mm<br \/>\nDiametrs (iek\u0161\u0113jais): 22 mm<br \/>\nSvars: apm\u0113ram 105 g<\/p>\n<p>Vai jums ir k\u0101di jaut\u0101jumi? Sazinies ar mums\u00a0<a href=\"https:\/\/hookahshop.lt\/lv\/kontaktiem\/\">kontaktu lapa<\/a>\u00a0vai rakstiet mums pa e-pastu\u00a0<a href=\"https:\/\/facebook.com\/HookahShop.lt\/\" target=\"_blank\" rel=\"noopener noreferrer\">Facebook konts<\/a>\u00a0un m\u0113s atbild\u0113sim uz j\u016bsu piepras\u012bjumu taj\u0101 pa\u0161\u0101 dien\u0101.<\/p>","protected":false},"excerpt":{"rendered":"<p>S\u012brupa tv\u0113r\u0113js ES Silver Hookah Syrup Catcher ir stil\u012bgs aksesu\u0101rs tabakas s\u012brupa \u0137er\u0161anai un sav\u0101k\u0161anai. Viegli atskr\u016bv\u0113t un t\u012br\u012bt. Ne\u013cauj tabakas lap\u0101m un s\u012brupam iek\u013c\u016bt kolb\u0101 un \u016bdensp\u012bpes k\u0101t\u0101. K\u0101ti\u0146\u0101 neuzkr\u0101jas s\u012brups un tabaka, kas atvieglo mazg\u0101\u0161anu un pie\u0161\u0137ir t\u012br\u0101ku gar\u0161u. Nov\u0113r\u0161 dzeltenumu kolb\u0101. Tagad, mainot kr\u016bz\u012bti, nav nepiecie\u0161ams katru reizi mazg\u0101t [...]<\/p>","protected":false},"featured_media":30339,"comment_status":"open","ping_status":"closed","template":"","meta":[],"_links":{"self":[{"href":"https:\/\/hookahshop.lt\/lv\/wp-json\/wp\/v2\/product\/30338"}],"collection":[{"href":"https:\/\/hookahshop.lt\/lv\/wp-json\/wp\/v2\/product"}],"about":[{"href":"https:\/\/hookahshop.lt\/lv\/wp-json\/wp\/v2\/types\/product"}],"replies":[{"embeddable":true,"href":"https:\/\/hookahshop.lt\/lv\/wp-json\/wp\/v2\/comments?post=30338"}],"version-history":[{"count":3,"href":"https:\/\/hookahshop.lt\/lv\/wp-json\/wp\/v2\/product\/30338\/revisions"}],"predecessor-version":[{"id":30402,"href":"https:\/\/hookahshop.lt\/lv\/wp-json\/wp\/v2\/product\/30338\/revisions\/30402"}],"wp:featuredmedia":[{"embeddable":true,"href":"https:\/\/hookahshop.lt\/lv\/wp-json\/wp\/v2\/media\/30339"}],"wp:attachment":[{"href":"https:\/\/hookahshop.lt\/lv\/wp-json\/wp\/v2\/media?parent=30338"}],"curies":[{"name":"wp","href":"https:\/\/api.w.org\/{rel}","templated":true}]}}