{"id":30347,"date":"2021-12-22T07:15:56","date_gmt":"2021-12-22T05:15:56","guid":{"rendered":"https:\/\/hookahshop.lt\/?post_type=product&#038;p=30347"},"modified":"2026-04-18T23:29:13","modified_gmt":"2026-04-18T20:29:13","slug":"taurele-kaljanui-bigmaks-edge-glaze-black-gloss","status":"publish","type":"product","link":"https:\/\/hookahshop.lt\/lv\/produkt\/kauss-udenspipe-bigmaks-mala-glazura-melns-spidums\/","title":{"rendered":"\u016adensp\u012bpe BIGMAKS Edge Glaze Black Gloss"},"content":{"rendered":"<h2>\u016adensp\u012bpe BIGMAKS Edge Glaze Black Gloss<\/h2>\n<p>\u0160\u012b ir unik\u0101la BigMaks kr\u016bze, kas ir piln\u012bb\u0101 glaz\u0113ta un maksim\u0101li sp\u012bd\u012bga. \u0160\u012b kr\u016bze ir unik\u0101la, jo t\u0101 ir izgatavota picas veidn\u0113, kas ir pacelta un t\u0101d\u0113j\u0101di atdala sienas vienu no otras, lai \u016bdensp\u012bpes mais\u012bjuma s\u012brups var\u0113tu iepl\u016bst barotn\u0113. T\u0101d\u0101 veid\u0101 s\u012brups paliek \u016bdensp\u012bpes kaus\u0101 un neietilpst kolb\u0101. \u0160\u012b kr\u016bze ir paredz\u0113ta ilg\u0101kai sm\u0113\u0137\u0113\u0161anas sesijai un intens\u012bv\u0101kiem d\u016bmiem, jo \u016bdensp\u012bpes mais\u012bjums neiz\u017e\u016bst sal\u012bdzin\u0101jum\u0101 ar cit\u0101m kr\u016bz\u012bt\u0113m. Kr\u016bzes sieni\u0146u optim\u0101lais biezums ietekm\u0113 kr\u016bzes \u0101tru un vienm\u0113r\u012bgu uzsild\u012b\u0161anu. Tabakas tase satur 16\u201321 g.<\/p>\n<p><strong>Raksturojums:<\/strong><br \/>\nKr\u0101sa melna<br \/>\nAugstums: 9,9 cm<br \/>\n\u0100r\u0113jais diametrs: 7,3 cm<br \/>\nIek\u0161\u0113jais diametrs: 7 cm<br \/>\nDzi\u013cums: 1,2 cm<br \/>\nCaurumu skaits: 5gab.<br \/>\nSvars: 180g.<\/p>\n<p>Vai jums ir k\u0101di jaut\u0101jumi? Sazinies ar mums <a href=\"https:\/\/hookahshop.lt\/lv\/kontaktiem\/\">kontaktu lapa<\/a>\u00a0vai rakstiet mums pa e-pastu\u00a0<a href=\"https:\/\/facebook.com\/HookahShop.lt\/\" target=\"_blank\" rel=\"noopener\">Facebook konts<\/a>\u00a0un m\u0113s atbild\u0113sim uz j\u016bsu piepras\u012bjumu taj\u0101 pa\u0161\u0101 dien\u0101.<\/p>","protected":false},"excerpt":{"rendered":"<p>B\u013coda \u016bdensp\u012bpei BIGMAKS Edge Glaze Black Gloss \u0160\u012b ir unik\u0101la BigMaks b\u013coda, kas ir piln\u012bb\u0101 glaz\u0113ta un maksim\u0101li sp\u012bd\u012bga. \u0160\u012b kr\u016bze ir unik\u0101la ar to, ka ir veidota no picas veidnes, kura ir paaugstin\u0101ta un sienas t\u0101d\u0101 veid\u0101 tiek atdal\u012btas viena no otras, lai \u016bdensp\u012bpes mais\u012bjuma s\u012brups iepl\u016bst barotn\u0113. T\u0101d\u0101 veid\u0101 s\u012brups paliek \u016bdensp\u012bpes kaus\u0101 un neietilpst kolb\u0101. \u0160is kauss ir paredz\u0113ts [\u2026]<\/p>","protected":false},"featured_media":30348,"comment_status":"open","ping_status":"closed","template":"","meta":[],"_links":{"self":[{"href":"https:\/\/hookahshop.lt\/lv\/wp-json\/wp\/v2\/product\/30347"}],"collection":[{"href":"https:\/\/hookahshop.lt\/lv\/wp-json\/wp\/v2\/product"}],"about":[{"href":"https:\/\/hookahshop.lt\/lv\/wp-json\/wp\/v2\/types\/product"}],"replies":[{"embeddable":true,"href":"https:\/\/hookahshop.lt\/lv\/wp-json\/wp\/v2\/comments?post=30347"}],"version-history":[{"count":4,"href":"https:\/\/hookahshop.lt\/lv\/wp-json\/wp\/v2\/product\/30347\/revisions"}],"predecessor-version":[{"id":30391,"href":"https:\/\/hookahshop.lt\/lv\/wp-json\/wp\/v2\/product\/30347\/revisions\/30391"}],"wp:featuredmedia":[{"embeddable":true,"href":"https:\/\/hookahshop.lt\/lv\/wp-json\/wp\/v2\/media\/30348"}],"wp:attachment":[{"href":"https:\/\/hookahshop.lt\/lv\/wp-json\/wp\/v2\/media?parent=30347"}],"curies":[{"name":"wp","href":"https:\/\/api.w.org\/{rel}","templated":true}]}}