{"id":30356,"date":"2021-12-22T07:44:05","date_gmt":"2021-12-22T05:44:05","guid":{"rendered":"https:\/\/hookahshop.lt\/?post_type=product&#038;p=30356"},"modified":"2026-05-12T23:29:44","modified_gmt":"2026-05-12T20:29:44","slug":"taurele-kaljanui-njn-hookah-turkish-new","status":"publish","type":"product","link":"https:\/\/hookahshop.lt\/lv\/produkt\/kauss-udenspipe-njn-udenspipe-turku-jauns\/","title":{"rendered":"Kauss \u016bdensp\u012bpei NJN HOOKAH turku Jaunums"},"content":{"rendered":"<h2>Kauss \u016bdensp\u012bpei NJN HOOKAH turku Jaunums<\/h2>\n<p>Izgatavots no sarkan\u0101 m\u0101la. Piem\u0113rots visu veidu tabakas izstr\u0101d\u0101jumiem un to pagatavo\u0161anai gan ar foliju, gan ar siltuma kameru. Ra\u017eot\u0101js NJN Hookah cen\u0161as ikvienam \u016bdensp\u012bpes cien\u012bt\u0101jam sniegt iesp\u0113ju tikt pie labas un kvalitat\u012bvas kr\u016bzes! Kr\u016bz\u012btes ietilp\u012bba ir 14-18 g.<\/p>\n<p><strong>Specifik\u0101cijas:<\/strong><br \/>\nAugstums: 81mm<br \/>\nDiametrs (\u0101r\u0113jais): 76 mm<br \/>\nDiametrs (iek\u0161\u0113jais): 66 mm<br \/>\nDzi\u013cums: 17 mm<br \/>\nCauruma diametrs: 9 mm<br \/>\nCaurumu skaits: 6 gab<br \/>\nSvars: apm\u0113ram 210 g.<\/p>\n<p>Vai jums ir k\u0101di jaut\u0101jumi? Sazinies ar mums\u00a0<a href=\"https:\/\/hookahshop.lt\/lv\/kontaktiem\/\">kontaktu lapa<\/a>\u00a0vai rakstiet mums pa e-pastu\u00a0<a href=\"https:\/\/facebook.com\/HookahShop.lt\/\" target=\"_blank\" rel=\"noopener noreferrer\">Facebook konts<\/a>\u00a0un m\u0113s atbild\u0113sim uz j\u016bsu piepras\u012bjumu taj\u0101 pa\u0161\u0101 dien\u0101.<\/p>\n<p>&nbsp;<\/p>","protected":false},"excerpt":{"rendered":"<p>\u016adensp\u012bpes kauss NJN HOOKAH Turkish New Izgatavots no sarkan\u0101 m\u0101la. Piem\u0113rots vis\u0101m tabak\u0101m un to pagatavo\u0161anas metod\u0113m, gan ar foliju, gan ar siltuma kameru. Ra\u017eot\u0101js &quot;NJN Hookah&quot; katram \u016bdensp\u012bpes cien\u012bt\u0101jam cen\u0161as dot iesp\u0113ju tikt pie labas un kvalitat\u012bvas kr\u016bz\u012btes! Kr\u016bz\u012btes ietilp\u012bba ir 14-18 g. Specifik\u0101cijas: Augstums: 81mm Diametrs (\u0101r\u0113jais): 76mm Diametrs (iek\u0161\u0113jais): 66mm Dzi\u013cums: [\u2026]<\/p>","protected":false},"featured_media":30360,"comment_status":"open","ping_status":"closed","template":"","meta":[],"_links":{"self":[{"href":"https:\/\/hookahshop.lt\/lv\/wp-json\/wp\/v2\/product\/30356"}],"collection":[{"href":"https:\/\/hookahshop.lt\/lv\/wp-json\/wp\/v2\/product"}],"about":[{"href":"https:\/\/hookahshop.lt\/lv\/wp-json\/wp\/v2\/types\/product"}],"replies":[{"embeddable":true,"href":"https:\/\/hookahshop.lt\/lv\/wp-json\/wp\/v2\/comments?post=30356"}],"version-history":[{"count":2,"href":"https:\/\/hookahshop.lt\/lv\/wp-json\/wp\/v2\/product\/30356\/revisions"}],"predecessor-version":[{"id":30393,"href":"https:\/\/hookahshop.lt\/lv\/wp-json\/wp\/v2\/product\/30356\/revisions\/30393"}],"wp:featuredmedia":[{"embeddable":true,"href":"https:\/\/hookahshop.lt\/lv\/wp-json\/wp\/v2\/media\/30360"}],"wp:attachment":[{"href":"https:\/\/hookahshop.lt\/lv\/wp-json\/wp\/v2\/media?parent=30356"}],"curies":[{"name":"wp","href":"https:\/\/api.w.org\/{rel}","templated":true}]}}