{"id":30367,"date":"2021-12-22T08:32:32","date_gmt":"2021-12-22T06:32:32","guid":{"rendered":"https:\/\/hookahshop.lt\/?post_type=product&#038;p=30367"},"modified":"2026-04-16T10:21:24","modified_gmt":"2026-04-16T07:21:24","slug":"taurele-kaljanui-havona-uff-stone-face","status":"publish","type":"product","link":"https:\/\/hookahshop.lt\/lv\/produkt\/kauss-udenspipe-havona-uff-stone-face\/","title":{"rendered":"Kr\u016bz\u012bte \u016bdensp\u012bpei HAVONA Uff Stone Face"},"content":{"rendered":"<h2>Kr\u016bz\u012bte \u016bdensp\u012bpei HAVONA Uff Stone Face<\/h2>\n<p>\u0160\u012b ir augstas kvalit\u0101tes, roku darbs, ierobe\u017eota tir\u0101\u017ea, balt\u0101 m\u0101la kr\u016bze. Pateicoties ekskluz\u012bvai apstr\u0101dei, \u0161\u012b mode\u013ca kr\u016bze k\u016bpin\u0101\u0161anas proces\u0101 ir stipr\u0101ka. Kr\u016bzes veids - turku. Katras kr\u016bz\u012btes dizains ir jautrs un individu\u0101ls, ja ieg\u0101d\u0101jaties \u0161o kr\u016bz\u012bti, varat b\u016bt p\u0101rliecin\u0101ti, ka j\u016bsu kr\u016bz\u012btei ir unik\u0101la kr\u0101sa.<br \/>\nTabakas tase satur 18\u201322 g.<\/p>\n<p><strong>Specifik\u0101cijas:<\/strong><br \/>\nAugstums: 69 mm<br \/>\nDiametrs (\u0101r\u0113jais): 73 mm<br \/>\nDiametrs (iek\u0161\u0113jais): 61 mm<br \/>\nDzi\u013cums: 21 mm<br \/>\nCauruma diametrs: 9 mm<br \/>\nCaurumu skaits: 5 gab<br \/>\nSvars: apm\u0113ram 276 g.<\/p>\n<p>Vai jums ir k\u0101di jaut\u0101jumi? Sazinies ar mums\u00a0<a href=\"https:\/\/hookahshop.lt\/lv\/kontaktiem\/\">kontaktu lapa<\/a>\u00a0vai rakstiet mums pa e-pastu\u00a0<a href=\"https:\/\/facebook.com\/HookahShop.lt\/\" target=\"_blank\" rel=\"noopener noreferrer\">Facebook konts<\/a>\u00a0un m\u0113s atbild\u0113sim uz j\u016bsu piepras\u012bjumu taj\u0101 pa\u0161\u0101 dien\u0101.<\/p>\n<p>&nbsp;<\/p>","protected":false},"excerpt":{"rendered":"<p>\u016adensp\u012bpes kr\u016bze HAVONA Uff Stone Face \u0160\u012b ir augstas kvalit\u0101tes, rok\u0101m darin\u0101ta, ierobe\u017eota tir\u0101\u017ea, balt\u0101 m\u0101la kr\u016bze. Pateicoties izcilajai apstr\u0101dei, \u0161\u012b mode\u013ca kr\u016bze k\u016bpin\u0101\u0161anas proces\u0101 ir stipr\u0101ka. Kr\u016bzes veids - turku. Katras kr\u016bz\u012btes dizains ir interesants un individu\u0101ls, ieg\u0101d\u0101joties \u0161o kr\u016bz\u012bti, varat b\u016bt dro\u0161s, ka j\u016bsu kr\u016bz\u012btei ir unik\u0101la kr\u0101sa. Tabakas tase satur 18-22 g. Specifik\u0101cijas: [\u2026]<\/p>","protected":false},"featured_media":30372,"comment_status":"open","ping_status":"closed","template":"","meta":[],"_links":{"self":[{"href":"https:\/\/hookahshop.lt\/lv\/wp-json\/wp\/v2\/product\/30367"}],"collection":[{"href":"https:\/\/hookahshop.lt\/lv\/wp-json\/wp\/v2\/product"}],"about":[{"href":"https:\/\/hookahshop.lt\/lv\/wp-json\/wp\/v2\/types\/product"}],"replies":[{"embeddable":true,"href":"https:\/\/hookahshop.lt\/lv\/wp-json\/wp\/v2\/comments?post=30367"}],"version-history":[{"count":4,"href":"https:\/\/hookahshop.lt\/lv\/wp-json\/wp\/v2\/product\/30367\/revisions"}],"predecessor-version":[{"id":30386,"href":"https:\/\/hookahshop.lt\/lv\/wp-json\/wp\/v2\/product\/30367\/revisions\/30386"}],"wp:featuredmedia":[{"embeddable":true,"href":"https:\/\/hookahshop.lt\/lv\/wp-json\/wp\/v2\/media\/30372"}],"wp:attachment":[{"href":"https:\/\/hookahshop.lt\/lv\/wp-json\/wp\/v2\/media?parent=30367"}],"curies":[{"name":"wp","href":"https:\/\/api.w.org\/{rel}","templated":true}]}}