{"id":30374,"date":"2021-12-22T08:55:03","date_gmt":"2021-12-22T06:55:03","guid":{"rendered":"https:\/\/hookahshop.lt\/?post_type=product&#038;p=30374"},"modified":"2026-04-17T23:29:44","modified_gmt":"2026-04-17T20:29:44","slug":"taurele-kaljanui-havona-gay-fawkes","status":"publish","type":"product","link":"https:\/\/hookahshop.lt\/lv\/produkt\/hookah-cup-havona-gey-fawkes\/","title":{"rendered":"Kauss \u016bdensp\u012bpei HAVONA Gay Fawkes"},"content":{"rendered":"<h2>Kauss \u016bdensp\u012bpei HAVONA Gay Fawkes<\/h2>\n<p>T\u0101 ir augstas kvalit\u0101tes, roku darbs, ierobe\u017eota tir\u0101\u017ea, balt\u0101 m\u0101la kr\u016bze, kas p\u0101rkl\u0101ta ar glaz\u016bru. Maskas formas kr\u016bzi izgatavojis slavenais Gajs Fokss, kura maska izmantota daudz\u0101s slaven\u0101s film\u0101s. Kr\u016bzes veids - turku. Katras kr\u016bz\u012btes dizains ir jautrs un individu\u0101ls, ja ieg\u0101d\u0101jaties \u0161o kr\u016bz\u012bti, varat b\u016bt p\u0101rliecin\u0101ti, ka j\u016bsu kr\u016bz\u012btei ir unik\u0101la kr\u0101sa.<br \/>\nTabakas tase satur 17\u201322 g.<\/p>\n<p><strong>Specifik\u0101cijas:<\/strong><br \/>\nAugstums: 95 mm<br \/>\nDiametrs (\u0101r\u0113jais): 74 mm<br \/>\nDiametrs (iek\u0161\u0113jais): 63 mm<br \/>\nDzi\u013cums: 23 mm<br \/>\nCauruma diametrs: 8 mm<br \/>\nCaurumu skaits: 6 gab<br \/>\nSvars: apm\u0113ram 385 g.<\/p>\n<p>Vai jums ir k\u0101di jaut\u0101jumi? Sazinies ar mums\u00a0<a href=\"https:\/\/hookahshop.lt\/lv\/kontaktiem\/\">kontaktu lapa<\/a>\u00a0vai rakstiet mums pa e-pastu\u00a0<a href=\"https:\/\/facebook.com\/HookahShop.lt\/\" target=\"_blank\" rel=\"noopener noreferrer\">Facebook konts<\/a>\u00a0un m\u0113s atbild\u0113sim uz j\u016bsu piepras\u012bjumu taj\u0101 pa\u0161\u0101 dien\u0101.<\/p>","protected":false},"excerpt":{"rendered":"<p>\u016adensp\u012bpes kr\u016bze HAVONA Gay Fawkes \u0160\u012b ir augstas kvalit\u0101tes, rok\u0101m darin\u0101ta ierobe\u017eota tir\u0101\u017ea balt\u0101 m\u0101la kr\u016bze, kas p\u0101rkl\u0101ta ar glaz\u016bru. Tiek izgatavota slaven\u0101 Gaja Foksa maskas formas kr\u016bze, kura maska tiek izmantota daudz\u0101s paz\u012bstam\u0101s film\u0101s. Kr\u016bzes veids - turku. Katras kr\u016bz\u012btes dizains ir interesants un individu\u0101ls, ieg\u0101d\u0101joties \u0161o kr\u016bz\u012bti, varat b\u016bt dro\u0161s, ka j\u016bsu kr\u016bz\u012btei ir unik\u0101ls [\u2026]<\/p>","protected":false},"featured_media":30378,"comment_status":"open","ping_status":"closed","template":"","meta":[],"_links":{"self":[{"href":"https:\/\/hookahshop.lt\/lv\/wp-json\/wp\/v2\/product\/30374"}],"collection":[{"href":"https:\/\/hookahshop.lt\/lv\/wp-json\/wp\/v2\/product"}],"about":[{"href":"https:\/\/hookahshop.lt\/lv\/wp-json\/wp\/v2\/types\/product"}],"replies":[{"embeddable":true,"href":"https:\/\/hookahshop.lt\/lv\/wp-json\/wp\/v2\/comments?post=30374"}],"version-history":[{"count":4,"href":"https:\/\/hookahshop.lt\/lv\/wp-json\/wp\/v2\/product\/30374\/revisions"}],"predecessor-version":[{"id":30385,"href":"https:\/\/hookahshop.lt\/lv\/wp-json\/wp\/v2\/product\/30374\/revisions\/30385"}],"wp:featuredmedia":[{"embeddable":true,"href":"https:\/\/hookahshop.lt\/lv\/wp-json\/wp\/v2\/media\/30378"}],"wp:attachment":[{"href":"https:\/\/hookahshop.lt\/lv\/wp-json\/wp\/v2\/media?parent=30374"}],"curies":[{"name":"wp","href":"https:\/\/api.w.org\/{rel}","templated":true}]}}