{"id":30379,"date":"2021-12-22T09:09:31","date_gmt":"2021-12-22T07:09:31","guid":{"rendered":"https:\/\/hookahshop.lt\/?post_type=product&#038;p=30379"},"modified":"2026-04-14T23:29:24","modified_gmt":"2026-04-14T20:29:24","slug":"taurele-kaljanui-conceptic-cd2-black-v2","status":"publish","type":"product","link":"https:\/\/hookahshop.lt\/lv\/produkt\/cup-hookah-conceptic-cd2-black-v2\/","title":{"rendered":"Kr\u016bz\u012bte \u016bdensp\u012bpei CONCEPTIC CD2 Black V2"},"content":{"rendered":"<h2>Kr\u016bz\u012bte \u016bdensp\u012bpei CONCEPTIC CD2 Black V2<\/h2>\n<p>Tas ir klasisks kinder killer kauss, ta\u010du t\u0101 iek\u0161puse ir noapa\u013cota, bez taisn\u0101m sien\u0101m. Kr\u016bzes apak\u0161\u0101 ir se\u0161i caurumi, kas izk\u0101rtoti apl\u012b, bez cauruma centr\u0101. \u0160is caurumu izvietojums nodro\u0161ina vienm\u0113r\u012bg\u0101ku tabakas sm\u0113\u0137\u0113\u0161anas procesu. \u0160is \u016bdensp\u012bpes kauss ir izgatavots no balt\u0101 m\u0101la, kam pievienots \u0161amots un tum\u0161s pigments. Kr\u016bz\u012bte nokr\u0101sota ar kr\u0101sainu \u0161pakteli, pievienojot baltus plankumus. Kr\u016bze ir piem\u0113rota lieto\u0161anai gan ar foliju, gan siltuma kameru.<br \/>\n\u016adensp\u012bpes mais\u012bjuma ietilp\u012bba: apm\u0113ram 17 g.<\/p>\n<p>Specifik\u0101cijas:<br \/>\nAugstums: 94 mm<br \/>\nDiametrs (\u0101r\u0113jais): 75 mm<br \/>\nDiametrs (iek\u0161\u0113jais): 67 mm<br \/>\nDzi\u013cums: 15 mm<br \/>\nCauruma diametrs: 8 mm<br \/>\nCaurumu skaits: 6 gab.<br \/>\nSvars: apm\u0113ram 220 g.<\/p>\n<p>Vai jums ir k\u0101di jaut\u0101jumi? Sazinies ar mums\u00a0<a href=\"https:\/\/hookahshop.lt\/lv\/kontaktiem\/\">kontaktu lapa<\/a>\u00a0vai rakstiet mums pa e-pastu\u00a0<a href=\"https:\/\/facebook.com\/HookahShop.lt\/\" target=\"_blank\" rel=\"noopener noreferrer\">Facebook konts<\/a>\u00a0un m\u0113s atbild\u0113sim uz j\u016bsu piepras\u012bjumu taj\u0101 pa\u0161\u0101 dien\u0101.<\/p>\n<p>&nbsp;<\/p>\n<p>&nbsp;<\/p>","protected":false},"excerpt":{"rendered":"<p>B\u013coda \u016bdensp\u012bpei CONCEPTIC CD2 Black V2 Tas ir klasiska tipa killer b\u013coda, bet t\u0101s iek\u0161puse ir noapa\u013cota, bez taisn\u0101m sien\u0101m. Kausi\u0146a apak\u0161\u0101 ir se\u0161i caurumi, kas izvietoti apl\u012b, bez cauruma centr\u0101. Pateicoties \u0161im caurumu izvietojumam, tabakas sm\u0113\u0137\u0113\u0161anas process ir vienm\u0113r\u012bg\u0101ks. \u0160\u012b \u016bdensp\u012bpes b\u013coda ir izgatavota no balt\u0101 m\u0101la, kam pievienots \u0161amots un tum\u0161s pigments. Kr\u016bz\u012bte nokr\u0101sota ar kr\u0101sainu \u0161pakteli, pievienojot baltu [...]<\/p>","protected":false},"featured_media":30383,"comment_status":"open","ping_status":"closed","template":"","meta":[],"_links":{"self":[{"href":"https:\/\/hookahshop.lt\/lv\/wp-json\/wp\/v2\/product\/30379"}],"collection":[{"href":"https:\/\/hookahshop.lt\/lv\/wp-json\/wp\/v2\/product"}],"about":[{"href":"https:\/\/hookahshop.lt\/lv\/wp-json\/wp\/v2\/types\/product"}],"replies":[{"embeddable":true,"href":"https:\/\/hookahshop.lt\/lv\/wp-json\/wp\/v2\/comments?post=30379"}],"version-history":[{"count":2,"href":"https:\/\/hookahshop.lt\/lv\/wp-json\/wp\/v2\/product\/30379\/revisions"}],"predecessor-version":[{"id":30384,"href":"https:\/\/hookahshop.lt\/lv\/wp-json\/wp\/v2\/product\/30379\/revisions\/30384"}],"wp:featuredmedia":[{"embeddable":true,"href":"https:\/\/hookahshop.lt\/lv\/wp-json\/wp\/v2\/media\/30383"}],"wp:attachment":[{"href":"https:\/\/hookahshop.lt\/lv\/wp-json\/wp\/v2\/media?parent=30379"}],"curies":[{"name":"wp","href":"https:\/\/api.w.org\/{rel}","templated":true}]}}