{"id":30411,"date":"2021-12-22T12:09:02","date_gmt":"2021-12-22T10:09:02","guid":{"rendered":"https:\/\/hookahshop.lt\/?post_type=product&#038;p=30411"},"modified":"2026-04-14T23:29:25","modified_gmt":"2026-04-14T20:29:25","slug":"kaljanas-shadows-magnet","status":"publish","type":"product","link":"https:\/\/hookahshop.lt\/lv\/produkt\/udenspipe-enas-magnets\/","title":{"rendered":"\u016adensp\u012bpes \u0112NU magn\u0113ts"},"content":{"rendered":"<h2>\u016adensp\u012bpes \u0112NU magn\u0113ts<\/h2>\n<p>Shadows \u016bdensp\u012bpe ar minim\u0101listisku dizainu ir laba cenas un kvalit\u0101tes attiec\u012bba! Ekskluz\u012bvs vertik\u0101ls d\u016bmvads no ner\u016bs\u0113jo\u0161\u0101 t\u0113rauda. \u0160\u013c\u016btenes savienot\u0101js ir magn\u0113tisks.<\/p>\n<p><strong>Specifik\u0101cija:<\/strong><br \/>\n\u016adensp\u012bpes augstums (bez kolbas): 50,5 cm<br \/>\nPl\u0101ksnes diametrs: 20 cm<br \/>\nMutes garums: 32 cm<\/p>\n<p><strong>Apr\u012bkojums:<\/strong><br \/>\nKaste, v\u0101rpsta, pl\u0101ksne, iemuti, \u0161\u013c\u016btenes savienojums, \u0161\u013c\u016btene, bl\u012bves, plastmasas v\u0101rsti, difuzors.<\/p>\n<p>&nbsp;<\/p>\n<p>Vai jums ir k\u0101di jaut\u0101jumi? Sazinies ar mums\u00a0<a href=\"https:\/\/hookahshop.lt\/lv\/kontaktiem\/\">kontaktu lapa<\/a>\u00a0vai rakstiet mums pa e-pastu\u00a0<a href=\"https:\/\/facebook.com\/HookahShop.lt\/\" target=\"_blank\" rel=\"noopener noreferrer\">Facebook konts<\/a>\u00a0un m\u0113s atbild\u0113sim uz j\u016bsu piepras\u012bjumu taj\u0101 pa\u0161\u0101 dien\u0101.<\/p>","protected":false},"excerpt":{"rendered":"<p>\u016adensp\u012bpe SHADOWS Magn\u0113ts Minim\u0101listiska dizaina \u016bdensp\u012bpe Shadows. Laba cenas un kvalit\u0101tes attiec\u012bba! Ekskluz\u012bva vertik\u0101la d\u016bmu p\u016b\u0161ana, izgatavota no ner\u016bs\u0113jo\u0161\u0101 t\u0113rauda. Magn\u0113tiskais \u0161\u013c\u016btenes savienot\u0101js. Specifik\u0101cija: \u016adensp\u012bpes augstums (bez kolbas): 50,5 cm Pl\u0101ksnes diametrs: 20 cm Iemut\u0146a garums: 32 cm Komplekt\u0101: Kaste, k\u0101ts, pl\u0101ksne, iemutnis, \u0161\u013c\u016btenes savienot\u0101js, \u0161\u013c\u016btene, bl\u012bves, plastmasas v\u0101rsti, difuzors. Vai jums ir k\u0101di jaut\u0101jumi? Sazinieties ar mums kontaktu lap\u0101 vai rakstiet [\u2026]<\/p>","protected":false},"featured_media":30414,"comment_status":"open","ping_status":"closed","template":"","meta":[],"_links":{"self":[{"href":"https:\/\/hookahshop.lt\/lv\/wp-json\/wp\/v2\/product\/30411"}],"collection":[{"href":"https:\/\/hookahshop.lt\/lv\/wp-json\/wp\/v2\/product"}],"about":[{"href":"https:\/\/hookahshop.lt\/lv\/wp-json\/wp\/v2\/types\/product"}],"replies":[{"embeddable":true,"href":"https:\/\/hookahshop.lt\/lv\/wp-json\/wp\/v2\/comments?post=30411"}],"version-history":[{"count":4,"href":"https:\/\/hookahshop.lt\/lv\/wp-json\/wp\/v2\/product\/30411\/revisions"}],"predecessor-version":[{"id":31977,"href":"https:\/\/hookahshop.lt\/lv\/wp-json\/wp\/v2\/product\/30411\/revisions\/31977"}],"wp:featuredmedia":[{"embeddable":true,"href":"https:\/\/hookahshop.lt\/lv\/wp-json\/wp\/v2\/media\/30414"}],"wp:attachment":[{"href":"https:\/\/hookahshop.lt\/lv\/wp-json\/wp\/v2\/media?parent=30411"}],"curies":[{"name":"wp","href":"https:\/\/api.w.org\/{rel}","templated":true}]}}