{"id":30418,"date":"2021-12-22T12:39:09","date_gmt":"2021-12-22T10:39:09","guid":{"rendered":"https:\/\/hookahshop.lt\/?post_type=product&#038;p=30418"},"modified":"2026-04-14T23:29:25","modified_gmt":"2026-04-14T20:29:25","slug":"kaljanas-shadows-agera-white","status":"publish","type":"product","link":"https:\/\/hookahshop.lt\/lv\/produkt\/udenspipe-enas-agera-balta\/","title":{"rendered":"\u016adensp\u012bpes \u0112NAS Agera White"},"content":{"rendered":"<h2>\u016adensp\u012bpes \u0112NAS Agera White<\/h2>\n<p>\u0160is ir jauns ra\u017eot\u0101ja produkts. Agera ir kvalitat\u012bva \u016bdensp\u012bpe, kas izgatavota tikai no ner\u016bs\u0113jo\u0161\u0101 t\u0113rauda. Ori\u0123inalit\u0101ti par\u0101da ornamenti pie pamatnes, ar dekorat\u012bvu pl\u0101ksni un stil\u012bgu met\u0101la gredzenu vid\u016b.<br \/>\nGofr\u0113t\u0101 pl\u0101ksne ne\u013cauj ogl\u0113m iziet k\u016bpin\u0101\u0161anas laik\u0101, vienlaikus saglab\u0101jot pareizo temperat\u016bru visa procesa laik\u0101. \u016adensp\u012bpes \u0161\u013c\u016btenes savienojums un iztuk\u0161o\u0161anas v\u0101rsts ar magn\u0113tiem. \u0160\u012bs \u016bdensp\u012bpes magn\u0113ti ir augstas kvalit\u0101tes, t\u0101p\u0113c nav j\u0101uztraucas par to funkcionalit\u0101ti. Lieliska \u016bdensp\u012bpe ar difuzoru, kas nodro\u0161ina vieglu sa\u0137eri<\/p>\n<p>\u016adensp\u012bpes augstums: 51 cm.<br \/>\nRa\u017eot\u0101js: Krievija<\/p>\n<p>Vai jums ir k\u0101di jaut\u0101jumi? Sazinies ar mums\u00a0<a href=\"https:\/\/hookahshop.lt\/lv\/kontaktiem\/\">kontaktu lapa<\/a>\u00a0vai rakstiet mums pa e-pastu\u00a0<a href=\"https:\/\/facebook.com\/HookahShop.lt\/\" target=\"_blank\" rel=\"noopener noreferrer\">Facebook konts<\/a>\u00a0un m\u0113s atbild\u0113sim uz j\u016bsu piepras\u012bjumu taj\u0101 pa\u0161\u0101 dien\u0101.<\/p>","protected":false},"excerpt":{"rendered":"<p>\u016adensp\u012bpes \u0112NAS Agera White \u0160is ir ra\u017eot\u0101ja jauns produkts. Agera ir kvalitat\u012bva \u016bdensp\u012bpe, kas izgatavota tikai no ner\u016bs\u0113jo\u0161\u0101 t\u0113rauda. Ori\u0123inalit\u0101ti par\u0101da ornamenti pie pamatnes, ar dekorat\u012bvu pl\u0101ksni un stil\u012bgu met\u0101la gredzenu vid\u016b. Gofr\u0113t\u0101 pl\u0101ksne ne\u013cauj ogl\u0113m iziet k\u016bpin\u0101\u0161anas laik\u0101, saglab\u0101jot pareizo temperat\u016bru visa procesa laik\u0101. \u016adensp\u012bpes \u0161\u013c\u016btenes savienot\u0101js un iztuk\u0161o\u0161anas v\u0101rsts ar magn\u0113tiem. Uz \u0161\u012bs \u016bdensp\u012bpes [\u2026]<\/p>","protected":false},"featured_media":30419,"comment_status":"open","ping_status":"closed","template":"","meta":[],"_links":{"self":[{"href":"https:\/\/hookahshop.lt\/lv\/wp-json\/wp\/v2\/product\/30418"}],"collection":[{"href":"https:\/\/hookahshop.lt\/lv\/wp-json\/wp\/v2\/product"}],"about":[{"href":"https:\/\/hookahshop.lt\/lv\/wp-json\/wp\/v2\/types\/product"}],"replies":[{"embeddable":true,"href":"https:\/\/hookahshop.lt\/lv\/wp-json\/wp\/v2\/comments?post=30418"}],"version-history":[{"count":3,"href":"https:\/\/hookahshop.lt\/lv\/wp-json\/wp\/v2\/product\/30418\/revisions"}],"predecessor-version":[{"id":30425,"href":"https:\/\/hookahshop.lt\/lv\/wp-json\/wp\/v2\/product\/30418\/revisions\/30425"}],"wp:featuredmedia":[{"embeddable":true,"href":"https:\/\/hookahshop.lt\/lv\/wp-json\/wp\/v2\/media\/30419"}],"wp:attachment":[{"href":"https:\/\/hookahshop.lt\/lv\/wp-json\/wp\/v2\/media?parent=30418"}],"curies":[{"name":"wp","href":"https:\/\/api.w.org\/{rel}","templated":true}]}}