{"id":30438,"date":"2021-12-22T17:18:27","date_gmt":"2021-12-22T15:18:27","guid":{"rendered":"https:\/\/hookahshop.lt\/?post_type=product&#038;p=30438"},"modified":"2026-04-19T23:29:29","modified_gmt":"2026-04-19T20:29:29","slug":"individualus-kaljano-kandiklis-mun-yellow","status":"publish","type":"product","link":"https:\/\/hookahshop.lt\/lv\/produkt\/individualais-udenspipes-iemutnis-mun-dzeltens\/","title":{"rendered":"Piel\u0101gots \u016bdensp\u012bpes iemutnis MUN Yellow"},"content":{"rendered":"<h2>Piel\u0101gots \u016bdensp\u012bpes iemutnis MUN Yellow<\/h2>\n<p>\u016adensp\u012bpes iemutnis, kas izstaro grezn\u012bbu un est\u0113tiku, ir izgatavots no dab\u012bg\u0101 koka. Komplekt\u0101 ir lente uz kakla ar z\u012bmola logotipu un kast\u012bte.<\/p>\n<p>Vai jums ir k\u0101di jaut\u0101jumi? Sazinies ar mums\u00a0<a href=\"https:\/\/hookahshop.lt\/lv\/kontaktiem\/\">kontaktu lapa<\/a>\u00a0vai rakstiet mums pa e-pastu\u00a0<a href=\"https:\/\/facebook.com\/HookahShop.lt\/\" target=\"_blank\" rel=\"noopener noreferrer\">Facebook konts<\/a>\u00a0un m\u0113s atbild\u0113sim uz j\u016bsu piepras\u012bjumu taj\u0101 pa\u0161\u0101 dien\u0101.<\/p>","protected":false},"excerpt":{"rendered":"<p>Individu\u0101ls \u016bdensp\u012bpes iemuts MUN Yellow Grezns un est\u0113tisks \u016bdensp\u012bpes iemutis ir izgatavots no dab\u012bga koka. Komplekt\u0101 ar firmas kakla siksnu un kast\u012bti. Vai jums ir k\u0101di jaut\u0101jumi? Sazinieties ar mums kontaktu lap\u0101 vai rakstiet mums uz m\u016bsu Facebook kontu un m\u0113s atbild\u0113sim uz j\u016bsu piepras\u012bjumu taj\u0101 pa\u0161\u0101 dien\u0101.<\/p>","protected":false},"featured_media":30444,"comment_status":"open","ping_status":"closed","template":"","meta":[],"_links":{"self":[{"href":"https:\/\/hookahshop.lt\/lv\/wp-json\/wp\/v2\/product\/30438"}],"collection":[{"href":"https:\/\/hookahshop.lt\/lv\/wp-json\/wp\/v2\/product"}],"about":[{"href":"https:\/\/hookahshop.lt\/lv\/wp-json\/wp\/v2\/types\/product"}],"replies":[{"embeddable":true,"href":"https:\/\/hookahshop.lt\/lv\/wp-json\/wp\/v2\/comments?post=30438"}],"version-history":[{"count":2,"href":"https:\/\/hookahshop.lt\/lv\/wp-json\/wp\/v2\/product\/30438\/revisions"}],"predecessor-version":[{"id":30446,"href":"https:\/\/hookahshop.lt\/lv\/wp-json\/wp\/v2\/product\/30438\/revisions\/30446"}],"wp:featuredmedia":[{"embeddable":true,"href":"https:\/\/hookahshop.lt\/lv\/wp-json\/wp\/v2\/media\/30444"}],"wp:attachment":[{"href":"https:\/\/hookahshop.lt\/lv\/wp-json\/wp\/v2\/media?parent=30438"}],"curies":[{"name":"wp","href":"https:\/\/api.w.org\/{rel}","templated":true}]}}