{"id":30447,"date":"2021-12-22T18:06:31","date_gmt":"2021-12-22T16:06:31","guid":{"rendered":"https:\/\/hookahshop.lt\/?post_type=product&#038;p=30447"},"modified":"2026-04-19T23:29:29","modified_gmt":"2026-04-19T20:29:29","slug":"individualus-kaljano-kandiklis-mun-pink","status":"publish","type":"product","link":"https:\/\/hookahshop.lt\/lv\/produkt\/pasutijuma-udenspipe-iemuti-mun-roza\/","title":{"rendered":"Piel\u0101gots \u016bdensp\u012bpes iemutnis MUN Pink"},"content":{"rendered":"<h2>Piel\u0101gots \u016bdensp\u012bpes iemutnis MUN Pink<\/h2>\n<p>\u016adensp\u012bpes iemutnis, kas izstaro grezn\u012bbu un est\u0113tiku, ir izgatavots no dab\u012bg\u0101 koka. Komplekt\u0101 ir lente uz kakla ar z\u012bmola logotipu un kast\u012bte.<\/p>\n<p>Vai jums ir k\u0101di jaut\u0101jumi? Sazinies ar mums\u00a0<a href=\"https:\/\/hookahshop.lt\/lv\/kontaktiem\/\">kontaktu lapa<\/a>\u00a0vai rakstiet mums pa e-pastu\u00a0<a href=\"https:\/\/facebook.com\/HookahShop.lt\/\" target=\"_blank\" rel=\"noopener noreferrer\">Facebook konts<\/a>\u00a0un m\u0113s atbild\u0113sim uz j\u016bsu piepras\u012bjumu taj\u0101 pa\u0161\u0101 dien\u0101.<\/p>","protected":false},"excerpt":{"rendered":"<p>Individu\u0101ls \u016bdensp\u012bpes iemutis MUN Pink Grezns un est\u0113tisks \u016bdensp\u012bpes iemutis ir izgatavots no dab\u012bga koka. Komplekt\u0101 ietilpst kakla siksni\u0146a ar firmas logotipu un kast\u012bte. Vai jums ir k\u0101di jaut\u0101jumi? Sazinieties ar mums kontaktlap\u0101 vai rakstiet mums Facebook, un m\u0113s atbild\u0113sim uz j\u016bsu piepras\u012bjumu taj\u0101 pa\u0161\u0101 dien\u0101.<\/p>","protected":false},"featured_media":30449,"comment_status":"open","ping_status":"closed","template":"","meta":[],"_links":{"self":[{"href":"https:\/\/hookahshop.lt\/lv\/wp-json\/wp\/v2\/product\/30447"}],"collection":[{"href":"https:\/\/hookahshop.lt\/lv\/wp-json\/wp\/v2\/product"}],"about":[{"href":"https:\/\/hookahshop.lt\/lv\/wp-json\/wp\/v2\/types\/product"}],"replies":[{"embeddable":true,"href":"https:\/\/hookahshop.lt\/lv\/wp-json\/wp\/v2\/comments?post=30447"}],"version-history":[{"count":3,"href":"https:\/\/hookahshop.lt\/lv\/wp-json\/wp\/v2\/product\/30447\/revisions"}],"predecessor-version":[{"id":33078,"href":"https:\/\/hookahshop.lt\/lv\/wp-json\/wp\/v2\/product\/30447\/revisions\/33078"}],"wp:featuredmedia":[{"embeddable":true,"href":"https:\/\/hookahshop.lt\/lv\/wp-json\/wp\/v2\/media\/30449"}],"wp:attachment":[{"href":"https:\/\/hookahshop.lt\/lv\/wp-json\/wp\/v2\/media?parent=30447"}],"curies":[{"name":"wp","href":"https:\/\/api.w.org\/{rel}","templated":true}]}}