{"id":30479,"date":"2021-12-26T13:35:09","date_gmt":"2021-12-26T11:35:09","guid":{"rendered":"https:\/\/hookahshop.lt\/?post_type=product&#038;p=30479"},"modified":"2025-11-06T21:01:45","modified_gmt":"2025-11-06T19:01:45","slug":"dovanu-dezute-hookahshop-mystery-box","status":"publish","type":"product","link":"https:\/\/hookahshop.lt\/lv\/produkt\/davanu-kastite-udenspipes-veikals-noslepumu-kaste\/","title":{"rendered":"D\u0101vanu kast\u012bte HOOKAHSHOP Mystery Box"},"content":{"rendered":"<h2>D\u0101vanu kast\u012bte HOOKAHSHOP Mystery Box<\/h2>\n<p>Vai nevarat izv\u0113l\u0113ties d\u0101vanu? Risk\u0113jiet un pas\u016btiet HOOKAHSHOP MYSTERY BOX!<strong><br \/>\n<\/strong>Aizmirstiet garlaic\u012bgos v\u0113lmju sarakstus. Iepriecini sevi vai m\u012b\u013coto cilv\u0113ku. Uzd\u0101viniet sev vai k\u0101dam citam kaut ko nenov\u0113rt\u0113jamu: emocijas, p\u0101rsteigumu un jaunu lietu atkl\u0101\u0161anas prieku!<\/p>\n<p><strong>Ko j\u016bs atrad\u012bsiet iek\u0161\u0101?<br \/>\n<\/strong><\/p>\n<ul>\n<li>Gar\u0161\u012bg\u0101k\u0101 t\u0113ja, kas j\u0101nogar\u0161o ikvienam.<\/li>\n<li>\u016adensp\u012bpes aksesu\u0101rs vai aksesu\u0101rs piest\u0101v\u0113s ikvienam \u016bdensp\u012bpes entuziastam.<\/li>\n<li>Da\u017e\u0101das deta\u013cas, par kur\u0101m pat neiedom\u0101tos!<\/li>\n<\/ul>\n<p><strong>K\u0101da ir at\u0161\u0137ir\u012bba starp <span class=\"woocommerce-Price-currencySymbol\">\u20ac<\/span>20.00 ir\u00a0<span class=\"woocommerce-Price-currencySymbol\">\u20ac<\/span>60.00<\/strong><span class=\"woocommerce-Price-currencySymbol\"><strong>\u00a0Nosl\u0113pumu kastes?<\/strong> Piederumu daudzums un z\u012bmols.<\/span><\/p>\n<p>Vai jums ir k\u0101di jaut\u0101jumi? Sazinies ar mums<span style=\"color: #800000;\">\u00a0<\/span><span style=\"color: #0000ff;\"><a style=\"color: #0000ff;\" href=\"https:\/\/hookahshop.lt\/lv\/kontaktiem\/\"><span style=\"color: #800000;\">kontaktu lapa<\/span><\/a><\/span>\u00a0vai rakstiet mums pa e-pastu\u00a0<span style=\"color: #800000;\"><a style=\"color: #800000;\" href=\"https:\/\/facebook.com\/HookahShop.lt\/\" target=\"_blank\" rel=\"noopener noreferrer\">Facebook konts<\/a><\/span>\u00a0un m\u0113s atbild\u0113sim uz j\u016bsu piepras\u012bjumu taj\u0101 pa\u0161\u0101 dien\u0101.<\/p>","protected":false},"excerpt":{"rendered":"<p>D\u0101vanu kast\u012bte HOOKAHSHOP Mystery Box Nevari izv\u0113l\u0113ties d\u0101vanu? Risk\u0113jiet un pas\u016btiet HOOKAHSHOP MYSTERY BOX! Aizmirstiet garlaic\u012bgos v\u0113lmju sarakstus. Iepriecini sevi vai m\u012b\u013coto cilv\u0113ku. Uzd\u0101viniet sev vai k\u0101dam citam kaut ko nenov\u0113rt\u0113jamu: emocijas, p\u0101rsteigumu un jaunu lietu atkl\u0101\u0161anas prieku! Ko j\u016bs atrad\u012bsiet iek\u0161\u0101? Visgar\u0161\u012bg\u0101k\u0101 t\u0113ja, kas j\u0101izm\u0113\u0123ina ikvienam. \u016adensp\u012bpes aksesu\u0101rs vai aksesu\u0101rs piest\u0101v\u0113s ikvienam \u016bdensp\u012bpes entuziastam. Da\u017e\u0101di s\u012bkumi [\u2026]<\/p>","protected":false},"featured_media":30480,"comment_status":"open","ping_status":"closed","template":"","meta":[],"_links":{"self":[{"href":"https:\/\/hookahshop.lt\/lv\/wp-json\/wp\/v2\/product\/30479"}],"collection":[{"href":"https:\/\/hookahshop.lt\/lv\/wp-json\/wp\/v2\/product"}],"about":[{"href":"https:\/\/hookahshop.lt\/lv\/wp-json\/wp\/v2\/types\/product"}],"replies":[{"embeddable":true,"href":"https:\/\/hookahshop.lt\/lv\/wp-json\/wp\/v2\/comments?post=30479"}],"version-history":[{"count":14,"href":"https:\/\/hookahshop.lt\/lv\/wp-json\/wp\/v2\/product\/30479\/revisions"}],"predecessor-version":[{"id":34836,"href":"https:\/\/hookahshop.lt\/lv\/wp-json\/wp\/v2\/product\/30479\/revisions\/34836"}],"wp:featuredmedia":[{"embeddable":true,"href":"https:\/\/hookahshop.lt\/lv\/wp-json\/wp\/v2\/media\/30480"}],"wp:attachment":[{"href":"https:\/\/hookahshop.lt\/lv\/wp-json\/wp\/v2\/media?parent=30479"}],"curies":[{"name":"wp","href":"https:\/\/api.w.org\/{rel}","templated":true}]}}