{"id":30713,"date":"2022-01-16T21:40:05","date_gmt":"2022-01-16T19:40:05","guid":{"rendered":"https:\/\/hookahshop.lt\/?post_type=product&#038;p=30713"},"modified":"2026-04-06T23:29:20","modified_gmt":"2026-04-06T20:29:20","slug":"karscio-kamera-zepelin-replika","status":"publish","type":"product","link":"https:\/\/hookahshop.lt\/lv\/produkt\/siltuma-kamera-cepelina-replika\/","title":{"rendered":"Siltuma kameras ZEPELIN replika"},"content":{"rendered":"<h2 dir=\"ltr\" data-placeholder=\"Vertimas\">Siltuma kameras ZEPELIN replika<\/h2>\n<p dir=\"ltr\" data-placeholder=\"Vertimas\">To izmanto, lai uzsild\u012btu \u016bdensp\u012bpes kr\u016bzi ar kokosriekstu ogl\u0113m. \u0160\u012b ir Zepel\u012bna kopija.<\/p>\n<p><strong>Specifik\u0101cija:<\/strong><br \/>\nDiametrs: 7,5 cm<br \/>\nAugstums: 5 cm<\/p>\n<p id=\"tw-target-text\" class=\"tw-data-text tw-text-large tw-ta\" dir=\"ltr\" data-placeholder=\"Vertimas\"><strong><span lang=\"lt\">Siltuma kameras galven\u0101s priek\u0161roc\u012bbas:<\/span><\/strong><\/p>\n<ul>\n<li class=\"tw-data-text tw-text-large tw-ta\" data-placeholder=\"Vertimas\"><span lang=\"lt\">Atk\u0101rtoti lietojams;<\/span><\/li>\n<li class=\"tw-data-text tw-text-large tw-ta\" data-placeholder=\"Vertimas\"><span lang=\"lt\">Vairs nav folijas;<\/span><\/li>\n<li class=\"tw-data-text tw-text-large tw-ta\" data-placeholder=\"Vertimas\"><span lang=\"lt\">Akme\u0146ogles paliek viet\u0101 \u0113rt\u0101s formas d\u0113\u013c;<\/span><\/li>\n<li class=\"tw-data-text tw-text-large tw-ta\" data-placeholder=\"Vertimas\">Uzlabo gaisa cirkul\u0101ciju;<\/li>\n<li class=\"tw-data-text tw-text-large tw-ta\" data-placeholder=\"Vertimas\"><span lang=\"lt\">Tas \u012bs\u0101 laik\u0101 uzsilst un uztur stabilu siltumu.<\/span><\/li>\n<\/ul>\n<p>Vai jums ir k\u0101di jaut\u0101jumi? Sazinies ar mums\u00a0<a href=\"https:\/\/hookahshop.lt\/lv\/kontaktiem\/\">kontaktu lapa<\/a>\u00a0vai rakstiet mums pa e-pastu\u00a0<a href=\"https:\/\/facebook.com\/HookahShop.lt\/\" target=\"_blank\" rel=\"noopener noreferrer\">Facebook konts<\/a>\u00a0un m\u0113s atbild\u0113sim uz j\u016bsu piepras\u012bjumu taj\u0101 pa\u0161\u0101 dien\u0101.<\/p>","protected":false},"excerpt":{"rendered":"<p>Sildkamera ZEPELIN Replica T\u0101 ir paredz\u0113ta \u016bdensp\u012bpes kr\u016bz\u012btes sild\u012b\u0161anai ar kokosriekstu ogl\u0113m. \u0160\u012b ir Zepelin replika. Specifik\u0101cija: Diametrs: 7,5 cm Augstums: 5 cm Sildkameras galven\u0101s priek\u0161roc\u012bbas: Atk\u0101rtoti lietojams; Nav nepiecie\u0161ama folija; Ogles paliek sav\u0101 viet\u0101, pateicoties to \u0113rtajai formai; Uzlabota gaisa cirkul\u0101cija; Uzsilst \u012bs\u0101 laik\u0101 un uztur siltumu stabilu. Vai jums ir k\u0101di jaut\u0101jumi? Sazinieties ar mums, izmantojot kontaktinform\u0101ciju [\u2026]<\/p>","protected":false},"featured_media":30714,"comment_status":"open","ping_status":"closed","template":"","meta":[],"_links":{"self":[{"href":"https:\/\/hookahshop.lt\/lv\/wp-json\/wp\/v2\/product\/30713"}],"collection":[{"href":"https:\/\/hookahshop.lt\/lv\/wp-json\/wp\/v2\/product"}],"about":[{"href":"https:\/\/hookahshop.lt\/lv\/wp-json\/wp\/v2\/types\/product"}],"replies":[{"embeddable":true,"href":"https:\/\/hookahshop.lt\/lv\/wp-json\/wp\/v2\/comments?post=30713"}],"version-history":[{"count":3,"href":"https:\/\/hookahshop.lt\/lv\/wp-json\/wp\/v2\/product\/30713\/revisions"}],"predecessor-version":[{"id":30717,"href":"https:\/\/hookahshop.lt\/lv\/wp-json\/wp\/v2\/product\/30713\/revisions\/30717"}],"wp:featuredmedia":[{"embeddable":true,"href":"https:\/\/hookahshop.lt\/lv\/wp-json\/wp\/v2\/media\/30714"}],"wp:attachment":[{"href":"https:\/\/hookahshop.lt\/lv\/wp-json\/wp\/v2\/media?parent=30713"}],"curies":[{"name":"wp","href":"https:\/\/api.w.org\/{rel}","templated":true}]}}