{"id":30722,"date":"2022-01-16T22:48:30","date_gmt":"2022-01-16T20:48:30","guid":{"rendered":"https:\/\/hookahshop.lt\/?post_type=product&#038;p=30722"},"modified":"2026-04-06T23:29:21","modified_gmt":"2026-04-06T20:29:21","slug":"karscio-kamera-kalaud-replika-v2","status":"publish","type":"product","link":"https:\/\/hookahshop.lt\/lv\/produkt\/heat-camera-kalaud-replica-v2\/","title":{"rendered":"Karst\u0101 kamera KALAUD Replica V2"},"content":{"rendered":"<h2 dir=\"ltr\" data-placeholder=\"Vertimas\">Karst\u0101 kamera KALAUD Replica V2<\/h2>\n<p dir=\"ltr\" data-placeholder=\"Vertimas\">To izmanto, lai uzsild\u012btu \u016bdensp\u012bpes kr\u016bzi ar kokosriekstu ogl\u0113m. \u0160\u012b ir viltota lotosa kopija ar 2 rokturiem.<\/p>\n<p><strong>Specifik\u0101cija:<\/strong><br \/>\nDiametrs: 7,5 cm<br \/>\nAugstums: 5 cm<\/p>\n<p id=\"tw-target-text\" class=\"tw-data-text tw-text-large tw-ta\" dir=\"ltr\" data-placeholder=\"Vertimas\"><strong><span lang=\"lt\">Siltuma kameras galven\u0101s priek\u0161roc\u012bbas:<\/span><\/strong><\/p>\n<ul>\n<li class=\"tw-data-text tw-text-large tw-ta\" data-placeholder=\"Vertimas\"><span lang=\"lt\">Atk\u0101rtoti lietojams;<\/span><\/li>\n<li class=\"tw-data-text tw-text-large tw-ta\" data-placeholder=\"Vertimas\"><span lang=\"lt\">Vairs nav folijas;<\/span><\/li>\n<li class=\"tw-data-text tw-text-large tw-ta\" data-placeholder=\"Vertimas\"><span lang=\"lt\">Akme\u0146ogles paliek viet\u0101 \u0113rt\u0101s formas d\u0113\u013c;<\/span><\/li>\n<li class=\"tw-data-text tw-text-large tw-ta\" data-placeholder=\"Vertimas\">Uzlabo gaisa cirkul\u0101ciju;<\/li>\n<li class=\"tw-data-text tw-text-large tw-ta\" data-placeholder=\"Vertimas\"><span lang=\"lt\">Tas \u012bs\u0101 laik\u0101 uzsilst un uztur stabilu siltumu.<\/span><\/li>\n<\/ul>\n<p>Vai jums ir k\u0101di jaut\u0101jumi? Sazinies ar mums\u00a0<a href=\"https:\/\/hookahshop.lt\/lv\/kontaktiem\/\">kontaktu lapa<\/a>\u00a0vai rakstiet mums pa e-pastu\u00a0<a href=\"https:\/\/facebook.com\/HookahShop.lt\/\" target=\"_blank\" rel=\"noopener noreferrer\">Facebook konts<\/a>\u00a0un m\u0113s atbild\u0113sim uz j\u016bsu piepras\u012bjumu taj\u0101 pa\u0161\u0101 dien\u0101.<\/p>","protected":false},"excerpt":{"rendered":"<p>Siltuma kamera KALAUD Replika V2 Paredz\u0113ta \u016bdensp\u012bpes kr\u016bzes uzsild\u012b\u0161anai ar kokosriekstu ogl\u0113m. \u0160\u012b ir kalaud lotosa kopija ar 2 rokturiem. Specifik\u0101cija: Diametrs: 7,5 cm Augstums: 5 cm Galven\u0101s siltuma kameras priek\u0161roc\u012bbas: Daudzk\u0101rt\u0113ja lieto\u0161ana; Vairs nav nepiecie\u0161ama folija; Ogleklis paliek viet\u0101, pateicoties \u0113rtai formai; uzlabojas gaisa cirkul\u0101cija; Tas uzsilst \u012bs\u0101 laik\u0101 un saglab\u0101 siltumu stabili. [\u2026]<\/p>","protected":false},"featured_media":30723,"comment_status":"open","ping_status":"closed","template":"","meta":[],"_links":{"self":[{"href":"https:\/\/hookahshop.lt\/lv\/wp-json\/wp\/v2\/product\/30722"}],"collection":[{"href":"https:\/\/hookahshop.lt\/lv\/wp-json\/wp\/v2\/product"}],"about":[{"href":"https:\/\/hookahshop.lt\/lv\/wp-json\/wp\/v2\/types\/product"}],"replies":[{"embeddable":true,"href":"https:\/\/hookahshop.lt\/lv\/wp-json\/wp\/v2\/comments?post=30722"}],"version-history":[{"count":4,"href":"https:\/\/hookahshop.lt\/lv\/wp-json\/wp\/v2\/product\/30722\/revisions"}],"predecessor-version":[{"id":35620,"href":"https:\/\/hookahshop.lt\/lv\/wp-json\/wp\/v2\/product\/30722\/revisions\/35620"}],"wp:featuredmedia":[{"embeddable":true,"href":"https:\/\/hookahshop.lt\/lv\/wp-json\/wp\/v2\/media\/30723"}],"wp:attachment":[{"href":"https:\/\/hookahshop.lt\/lv\/wp-json\/wp\/v2\/media?parent=30722"}],"curies":[{"name":"wp","href":"https:\/\/api.w.org\/{rel}","templated":true}]}}