{"id":30727,"date":"2022-01-16T23:15:48","date_gmt":"2022-01-16T21:15:48","guid":{"rendered":"https:\/\/hookahshop.lt\/?post_type=product&#038;p=30727"},"modified":"2026-04-14T23:29:26","modified_gmt":"2026-04-14T20:29:26","slug":"karscio-kamera-lotus-plus-replika","status":"publish","type":"product","link":"https:\/\/hookahshop.lt\/lv\/produkt\/heat-camera-lotus-plus-replica\/","title":{"rendered":"Karsta kameras LOTUS Plus kopija"},"content":{"rendered":"<h2 data-placeholder=\"Vertimas\">Karsta kameras LOTUS Plus kopija<\/h2>\n<p dir=\"ltr\" data-placeholder=\"Vertimas\">To izmanto, lai uzsild\u012btu \u016bdensp\u012bpes kr\u016bzi ar kokosriekstu ogl\u0113m. \u0160is ir viltots lotoss un t\u0101 kopija.<\/p>\n<p><strong>Specifik\u0101cija:<\/strong><br \/>\nDiametrs: 7,5 cm<br \/>\nAugstums: 5 cm<\/p>\n<p id=\"tw-target-text\" class=\"tw-data-text tw-text-large tw-ta\" dir=\"ltr\" data-placeholder=\"Vertimas\"><strong><span lang=\"lt\">Siltuma kameras galven\u0101s priek\u0161roc\u012bbas:<\/span><\/strong><\/p>\n<ul>\n<li class=\"tw-data-text tw-text-large tw-ta\" data-placeholder=\"Vertimas\"><span lang=\"lt\">Atk\u0101rtoti lietojams;<\/span><\/li>\n<li class=\"tw-data-text tw-text-large tw-ta\" data-placeholder=\"Vertimas\"><span lang=\"lt\">Vairs nav folijas;<\/span><\/li>\n<li class=\"tw-data-text tw-text-large tw-ta\" data-placeholder=\"Vertimas\"><span lang=\"lt\">Akme\u0146ogles paliek viet\u0101 \u0113rt\u0101s formas d\u0113\u013c;<\/span><\/li>\n<li class=\"tw-data-text tw-text-large tw-ta\" data-placeholder=\"Vertimas\">Uzlabo gaisa cirkul\u0101ciju;<\/li>\n<li class=\"tw-data-text tw-text-large tw-ta\" data-placeholder=\"Vertimas\"><span lang=\"lt\">Tas \u012bs\u0101 laik\u0101 uzsilst un uztur stabilu siltumu.<\/span><\/li>\n<\/ul>\n<p>Vai jums ir k\u0101di jaut\u0101jumi? Sazinies ar mums\u00a0<a href=\"https:\/\/hookahshop.lt\/lv\/kontaktiem\/\">kontaktu lapa<\/a>\u00a0vai rakstiet mums pa e-pastu\u00a0<a href=\"https:\/\/facebook.com\/HookahShop.lt\/\" target=\"_blank\" rel=\"noopener noreferrer\">Facebook konts<\/a>\u00a0un m\u0113s atbild\u0113sim uz j\u016bsu piepras\u012bjumu taj\u0101 pa\u0161\u0101 dien\u0101.<\/p>","protected":false},"excerpt":{"rendered":"<p>Siltuma kamera LOTUS Plus Replika Paredz\u0113ts izmantot \u016bdensp\u012bpes gl\u0101zes uzsild\u012b\u0161anai ar kokosriekstu ogl\u0113m. \u0160\u012b ir kalaud lotus plus kopija. Specifik\u0101cija: Diametrs: 7,5 cm Augstums: 5 cm Galven\u0101s siltuma kameras priek\u0161roc\u012bbas: Daudzk\u0101rt\u0113ja lieto\u0161ana; Vairs nav nepiecie\u0161ama folija; Ogleklis paliek viet\u0101, pateicoties \u0113rtai formai; uzlabojas gaisa cirkul\u0101cija; Tas uzsilst \u012bs\u0101 laik\u0101 un saglab\u0101 siltumu stabili. Vai jums ir k\u0101di jaut\u0101jumi? [\u2026]<\/p>","protected":false},"featured_media":30728,"comment_status":"open","ping_status":"closed","template":"","meta":[],"_links":{"self":[{"href":"https:\/\/hookahshop.lt\/lv\/wp-json\/wp\/v2\/product\/30727"}],"collection":[{"href":"https:\/\/hookahshop.lt\/lv\/wp-json\/wp\/v2\/product"}],"about":[{"href":"https:\/\/hookahshop.lt\/lv\/wp-json\/wp\/v2\/types\/product"}],"replies":[{"embeddable":true,"href":"https:\/\/hookahshop.lt\/lv\/wp-json\/wp\/v2\/comments?post=30727"}],"version-history":[{"count":6,"href":"https:\/\/hookahshop.lt\/lv\/wp-json\/wp\/v2\/product\/30727\/revisions"}],"predecessor-version":[{"id":45185,"href":"https:\/\/hookahshop.lt\/lv\/wp-json\/wp\/v2\/product\/30727\/revisions\/45185"}],"wp:featuredmedia":[{"embeddable":true,"href":"https:\/\/hookahshop.lt\/lv\/wp-json\/wp\/v2\/media\/30728"}],"wp:attachment":[{"href":"https:\/\/hookahshop.lt\/lv\/wp-json\/wp\/v2\/media?parent=30727"}],"curies":[{"name":"wp","href":"https:\/\/api.w.org\/{rel}","templated":true}]}}