{"id":30780,"date":"2022-01-21T13:54:06","date_gmt":"2022-01-21T11:54:06","guid":{"rendered":"https:\/\/hookahshop.lt\/?post_type=product&#038;p=30780"},"modified":"2025-11-06T21:01:42","modified_gmt":"2025-11-06T19:01:42","slug":"stikline-vandens-pypke-bullet-20cm","status":"publish","type":"product","link":"https:\/\/hookahshop.lt\/lv\/produkt\/stikls-udens-caurule-lode-20cm\/","title":{"rendered":"Stikla \u016bdens caurule BULLET 20cm"},"content":{"rendered":"<h2>Stikla \u016bdens caurule BULLET 20cm<\/h2>\n<p>Stikla ietilp\u012bga \u016bdensvada b\u013coda ar platu un cietu pamatni. Liel\u0101 un gar\u0101 b\u013coda izn\u0101k augstu, t\u0101p\u0113c filtr\u0101cijas ce\u013c\u0161 caur \u016bdeni ir gar\u0161, \u013caujot d\u016bmiem atbr\u012bvoties no kait\u012bg\u0101m viel\u0101m.<\/p>\n<p><strong>Specifik\u0101cijas:<\/strong><br \/>\nMateri\u0101ls: stikls<br \/>\nAugstums: 20cm<br \/>\nGalvas diametrs: 14,5 mm<\/p>\n<p>Vai interes\u0113 citi bongi? Vair\u0101k da\u017e\u0101du bongo vari atrast sada\u013c\u0101 - Bongai.<\/p>\n<p>Vai jums ir k\u0101di jaut\u0101jumi? Sazinies ar mums\u00a0<a href=\"https:\/\/hookahshop.lt\/lv\/kontaktiem\/\">kontaktu lapa<\/a>\u00a0vai rakstiet mums pa e-pastu\u00a0<a href=\"https:\/\/facebook.com\/HookahShop.lt\/\" target=\"_blank\" rel=\"noopener noreferrer\">Facebook konts<\/a>\u00a0un m\u0113s atbild\u0113sim uz j\u016bsu piepras\u012bjumu taj\u0101 pa\u0161\u0101 dien\u0101.<\/p>","protected":false},"excerpt":{"rendered":"<p>Stikla \u016bdensp\u012bpes BULLET 20cm Stikla ietilp\u012bga \u016bdensp\u012bpes b\u013coda ar platu un cietu pamatni. Liel\u0101 un gar\u0101 b\u013coda izn\u0101k augstu, t\u0101p\u0113c filtr\u0113\u0161anas ce\u013c\u0161 caur \u016bdeni ir gar\u0161, \u013caujot d\u016bmiem atbr\u012bvoties no kait\u012bg\u0101m viel\u0101m. Specifik\u0101cijas: Materi\u0101ls: stikls Augstums: 20cm Galvas diametrs: 14.5mm Vai interes\u0113 citi bongi? Vair\u0101k da\u017e\u0101du bongu veidu varat atrast sada\u013c\u0101 - Bongi. Vai jums ir k\u0101di jaut\u0101jumi? Sazinieties ar [\u2026]<\/p>","protected":false},"featured_media":30782,"comment_status":"open","ping_status":"closed","template":"","meta":[],"_links":{"self":[{"href":"https:\/\/hookahshop.lt\/lv\/wp-json\/wp\/v2\/product\/30780"}],"collection":[{"href":"https:\/\/hookahshop.lt\/lv\/wp-json\/wp\/v2\/product"}],"about":[{"href":"https:\/\/hookahshop.lt\/lv\/wp-json\/wp\/v2\/types\/product"}],"replies":[{"embeddable":true,"href":"https:\/\/hookahshop.lt\/lv\/wp-json\/wp\/v2\/comments?post=30780"}],"version-history":[{"count":4,"href":"https:\/\/hookahshop.lt\/lv\/wp-json\/wp\/v2\/product\/30780\/revisions"}],"predecessor-version":[{"id":30790,"href":"https:\/\/hookahshop.lt\/lv\/wp-json\/wp\/v2\/product\/30780\/revisions\/30790"}],"wp:featuredmedia":[{"embeddable":true,"href":"https:\/\/hookahshop.lt\/lv\/wp-json\/wp\/v2\/media\/30782"}],"wp:attachment":[{"href":"https:\/\/hookahshop.lt\/lv\/wp-json\/wp\/v2\/media?parent=30780"}],"curies":[{"name":"wp","href":"https:\/\/api.w.org\/{rel}","templated":true}]}}