{"id":30802,"date":"2022-01-21T15:08:07","date_gmt":"2022-01-21T13:08:07","guid":{"rendered":"https:\/\/hookahshop.lt\/?post_type=product&#038;p=30802"},"modified":"2025-11-06T21:01:42","modified_gmt":"2025-11-06T19:01:42","slug":"akriline-vandens-pypke-coney-15cm","status":"publish","type":"product","link":"https:\/\/hookahshop.lt\/lv\/produkt\/akrils-udens-caurule-konuss-15cm\/","title":{"rendered":"Akrila \u016bdens caurule CONEY 15cm"},"content":{"rendered":"<h2>Akrila \u016bdens caurule CONEY 15cm<\/h2>\n<p>Lielisks mini \u016bdens bongs, kas izgatavots no augst\u0101k\u0101s kvalit\u0101tes akrila, t\u0101p\u0113c varam b\u016bt dro\u0161i, ka caurule nepl\u012bs\u012bs. Komplekt\u0101 ietilpst vid\u0113ja izm\u0113ra met\u0101la b\u013coda.<\/p>\n<p><strong>Specifik\u0101cijas:<\/strong><br \/>\nMateri\u0101ls: akrils<br \/>\nAugstums: 15cm<\/p>\n<p>Vai interes\u0113 citi bongi? Vair\u0101k da\u017e\u0101du bongo vari atrast sada\u013c\u0101 - Bongai.<\/p>\n<p>Vai jums ir k\u0101di jaut\u0101jumi? Sazinies ar mums\u00a0<a href=\"https:\/\/hookahshop.lt\/lv\/kontaktiem\/\">kontaktu lapa<\/a>\u00a0vai rakstiet mums pa e-pastu\u00a0<a href=\"https:\/\/facebook.com\/HookahShop.lt\/\" target=\"_blank\" rel=\"noopener noreferrer\">Facebook konts<\/a>\u00a0un m\u0113s atbild\u0113sim uz j\u016bsu piepras\u012bjumu taj\u0101 pa\u0161\u0101 dien\u0101.<\/p>","protected":false},"excerpt":{"rendered":"<p>Akrila \u016bdens caurule CONEY 15cm Lielisks mini \u016bdens bongs, kas izgatavots no augst\u0101k\u0101s kvalit\u0101tes akrila, t\u0101p\u0113c varam b\u016bt dro\u0161i, ka caurule nepl\u012bs\u012bs. Komplekt\u0101 ietilpst vid\u0113ja izm\u0113ra met\u0101la b\u013coda. Specifik\u0101cijas: Materi\u0101ls: akrils Augstums: 15cm Vai interes\u0113 citi bongi? Vair\u0101k da\u017e\u0101du bongu veidu varat atrast sada\u013c\u0101 - Bongi. Vai jums ir k\u0101di jaut\u0101jumi? Sazinieties ar mums kontaktu lap\u0101 vai rakstiet mums uz m\u016bsu Facebook kontu un m\u0113s atbild\u0113sim uz j\u016bsu [...]<\/p>","protected":false},"featured_media":30805,"comment_status":"open","ping_status":"closed","template":"","meta":[],"_links":{"self":[{"href":"https:\/\/hookahshop.lt\/lv\/wp-json\/wp\/v2\/product\/30802"}],"collection":[{"href":"https:\/\/hookahshop.lt\/lv\/wp-json\/wp\/v2\/product"}],"about":[{"href":"https:\/\/hookahshop.lt\/lv\/wp-json\/wp\/v2\/types\/product"}],"replies":[{"embeddable":true,"href":"https:\/\/hookahshop.lt\/lv\/wp-json\/wp\/v2\/comments?post=30802"}],"version-history":[{"count":2,"href":"https:\/\/hookahshop.lt\/lv\/wp-json\/wp\/v2\/product\/30802\/revisions"}],"predecessor-version":[{"id":36450,"href":"https:\/\/hookahshop.lt\/lv\/wp-json\/wp\/v2\/product\/30802\/revisions\/36450"}],"wp:featuredmedia":[{"embeddable":true,"href":"https:\/\/hookahshop.lt\/lv\/wp-json\/wp\/v2\/media\/30805"}],"wp:attachment":[{"href":"https:\/\/hookahshop.lt\/lv\/wp-json\/wp\/v2\/media?parent=30802"}],"curies":[{"name":"wp","href":"https:\/\/api.w.org\/{rel}","templated":true}]}}