{"id":30814,"date":"2022-01-21T15:18:11","date_gmt":"2022-01-21T13:18:11","guid":{"rendered":"https:\/\/hookahshop.lt\/?post_type=product&#038;p=30814"},"modified":"2026-04-14T23:29:28","modified_gmt":"2026-04-14T20:29:28","slug":"akriline-vandens-pypke-long-45cm","status":"publish","type":"product","link":"https:\/\/hookahshop.lt\/lv\/produkt\/akrils-udens-caurule-garums-45cm\/","title":{"rendered":"Akrila \u016bdensvads GARA 45cm"},"content":{"rendered":"<h2>Akrila \u016bdensvads GARA 45cm<\/h2>\n<p><strong>Specifik\u0101cijas:<\/strong><br \/>\nMateri\u0101ls: akrils<br \/>\nAugstums: 45 cm<\/p>\n<p>Vai interes\u0113 citi bongi? Vair\u0101k da\u017e\u0101du bongo vari atrast sada\u013c\u0101 - Bongai.<\/p>\n<p>Vai jums ir k\u0101di jaut\u0101jumi? Sazinies ar mums\u00a0<a href=\"https:\/\/hookahshop.lt\/lv\/kontaktiem\/\">kontaktu lapa<\/a>\u00a0vai rakstiet mums pa e-pastu\u00a0<a href=\"https:\/\/facebook.com\/HookahShop.lt\/\" target=\"_blank\" rel=\"noopener noreferrer\">Facebook konts<\/a>\u00a0un m\u0113s atbild\u0113sim uz j\u016bsu piepras\u012bjumu taj\u0101 pa\u0161\u0101 dien\u0101.<\/p>","protected":false},"excerpt":{"rendered":"<p>Akrila \u016bdens caurule GARA 45cm Specifik\u0101cijas: Materi\u0101ls: akrils Augstums: 45cm Interes\u0113 citi bongi? Vair\u0101k da\u017e\u0101du bongu veidu varat atrast sada\u013c\u0101 - Bongi. Vai jums ir k\u0101di jaut\u0101jumi? Sazinieties ar mums kontaktu lap\u0101 vai rakstiet mums uz m\u016bsu Facebook kontu un m\u0113s atbild\u0113sim uz j\u016bsu piepras\u012bjumu taj\u0101 pa\u0161\u0101 dien\u0101.<\/p>","protected":false},"featured_media":30803,"comment_status":"open","ping_status":"closed","template":"","meta":[],"_links":{"self":[{"href":"https:\/\/hookahshop.lt\/lv\/wp-json\/wp\/v2\/product\/30814"}],"collection":[{"href":"https:\/\/hookahshop.lt\/lv\/wp-json\/wp\/v2\/product"}],"about":[{"href":"https:\/\/hookahshop.lt\/lv\/wp-json\/wp\/v2\/types\/product"}],"replies":[{"embeddable":true,"href":"https:\/\/hookahshop.lt\/lv\/wp-json\/wp\/v2\/comments?post=30814"}],"version-history":[{"count":3,"href":"https:\/\/hookahshop.lt\/lv\/wp-json\/wp\/v2\/product\/30814\/revisions"}],"predecessor-version":[{"id":31866,"href":"https:\/\/hookahshop.lt\/lv\/wp-json\/wp\/v2\/product\/30814\/revisions\/31866"}],"wp:featuredmedia":[{"embeddable":true,"href":"https:\/\/hookahshop.lt\/lv\/wp-json\/wp\/v2\/media\/30803"}],"wp:attachment":[{"href":"https:\/\/hookahshop.lt\/lv\/wp-json\/wp\/v2\/media?parent=30814"}],"curies":[{"name":"wp","href":"https:\/\/api.w.org\/{rel}","templated":true}]}}