{"id":30882,"date":"2022-01-25T21:56:44","date_gmt":"2022-01-25T19:56:44","guid":{"rendered":"https:\/\/hookahshop.lt\/?post_type=product&#038;p=30882"},"modified":"2026-04-14T23:29:26","modified_gmt":"2026-04-14T20:29:26","slug":"arbata-gulfstream-avieciu-50g","status":"publish","type":"product","link":"https:\/\/hookahshop.lt\/lv\/produkt\/teja-gulfstream-avenes-50g\/","title":{"rendered":"T\u0113ja GULFSTREAM ave\u0146u 50g"},"content":{"rendered":"<h2>T\u0113ja GULFSTREAM ave\u0146u 50g<\/h2>\n<p>Salds un arom\u0101tisks gatavu ave\u0146u un ingvera savienojums, kas atg\u0101dina b\u0113rn\u012bbas atmi\u0146as. \u0160is t\u0113jas mais\u012bjums ir gatavots no bieze\u0146a b\u0101zes.<\/p>\n<p><strong>Sast\u0101vda\u013cas: avenes, medus, ingvers, kan\u0113lis.<\/strong><br \/>\n<em>(Sald\u0113tas avenes 39%, cukurs, sald\u0113tas upenes 9%, dab\u012bgais medus 8%, ingvera sakne 5%, bez \u0122MO maltais kan\u0113lis.)<\/em><\/p>\n<p>Vai jums ir k\u0101di jaut\u0101jumi? Sazinies ar mums\u00a0<a href=\"https:\/\/hookahshop.lt\/lv\/kontaktiem\/\">kontaktu lapa<\/a>\u00a0vai rakstiet mums pa e-pastu\u00a0<a href=\"https:\/\/facebook.com\/HookahShop.lt\/\" target=\"_blank\" rel=\"noopener noreferrer\">Facebook konts<\/a>\u00a0un m\u0113s atbild\u0113sim uz j\u016bsu piepras\u012bjumu taj\u0101 pa\u0161\u0101 dien\u0101.<\/p>","protected":false},"excerpt":{"rendered":"<p>T\u0113ja GULFSTREAM ave\u0146u 50g Salds un arom\u0101tisks gatavu ave\u0146u un ingvera savienojums, kas atg\u0101dina b\u0113rn\u012bbas atmi\u0146as. \u0160is t\u0113jas mais\u012bjums ir gatavots no bieze\u0146a b\u0101zes. Sast\u0101vda\u013cas: avenes, medus, ingvers, kan\u0113lis. (sald\u0113tas avenes 39%, cukurs, sald\u0113tas upenes 9%, dab\u012bgais medus 8%, ingvera sakne 5%, malts kan\u0113lis. Ne-\u0122MO.) Jaut\u0101jumi? Sazinieties ar mums kontaktu lap\u0101 vai rakstiet mums m\u016bsu Facebook kont\u0101 un m\u0113s atbild\u0113sim [\u2026]<\/p>","protected":false},"featured_media":30885,"comment_status":"open","ping_status":"closed","template":"","meta":[],"_links":{"self":[{"href":"https:\/\/hookahshop.lt\/lv\/wp-json\/wp\/v2\/product\/30882"}],"collection":[{"href":"https:\/\/hookahshop.lt\/lv\/wp-json\/wp\/v2\/product"}],"about":[{"href":"https:\/\/hookahshop.lt\/lv\/wp-json\/wp\/v2\/types\/product"}],"replies":[{"embeddable":true,"href":"https:\/\/hookahshop.lt\/lv\/wp-json\/wp\/v2\/comments?post=30882"}],"version-history":[{"count":8,"href":"https:\/\/hookahshop.lt\/lv\/wp-json\/wp\/v2\/product\/30882\/revisions"}],"predecessor-version":[{"id":34431,"href":"https:\/\/hookahshop.lt\/lv\/wp-json\/wp\/v2\/product\/30882\/revisions\/34431"}],"wp:featuredmedia":[{"embeddable":true,"href":"https:\/\/hookahshop.lt\/lv\/wp-json\/wp\/v2\/media\/30885"}],"wp:attachment":[{"href":"https:\/\/hookahshop.lt\/lv\/wp-json\/wp\/v2\/media?parent=30882"}],"curies":[{"name":"wp","href":"https:\/\/api.w.org\/{rel}","templated":true}]}}