{"id":30893,"date":"2022-01-25T22:12:21","date_gmt":"2022-01-25T20:12:21","guid":{"rendered":"https:\/\/hookahshop.lt\/?post_type=product&#038;p=30893"},"modified":"2026-04-14T23:29:26","modified_gmt":"2026-04-14T20:29:26","slug":"arbata-gulfstream-vysniu-50g","status":"publish","type":"product","link":"https:\/\/hookahshop.lt\/lv\/produkt\/teja-gulfstream-kirsis-50g\/","title":{"rendered":"T\u0113ja GULFSTREAM \u0137irsis 50g"},"content":{"rendered":"<h2>T\u0113ja GULFSTREAM \u0137irsis 50g<\/h2>\n<p>\u0136ir\u0161u t\u0113ja ir s\u0101t\u012bgs, bag\u0101t\u012bgas gar\u0161as dz\u0113riens, ko papildina kan\u0113\u013ca un citrusaug\u013cu notis. \u0160is t\u0113jas mais\u012bjums ir pagatavots ar bieze\u0146a b\u0101zi.<\/p>\n<p><strong>Sast\u0101vda\u013cas: \u0137ir\u0161i, apels\u012bni, kan\u0113lis.<\/strong><br \/>\n<em>(cukurs, sald\u0113ti \u0137ir\u0161i bez kauli\u0146iem 32%, dab\u012bgais medus 12%, apels\u012bni 11%, sald\u0113tas upenes 10%, Jamaikas ro\u017eu ziedlapi\u0146as, malts kan\u0113lis, malti sarkanie pipari, muskatrieksts, krustnagli\u0146as.) \u0122MO.<\/em><\/p>\n<p>Vai jums ir k\u0101di jaut\u0101jumi? Sazinies ar mums\u00a0<a href=\"https:\/\/hookahshop.lt\/lv\/kontaktiem\/\">kontaktu lapa<\/a>\u00a0vai rakstiet mums pa e-pastu\u00a0<a href=\"https:\/\/facebook.com\/HookahShop.lt\/\" target=\"_blank\" rel=\"noopener noreferrer\">Facebook konts<\/a>\u00a0un m\u0113s atbild\u0113sim uz j\u016bsu piepras\u012bjumu taj\u0101 pa\u0161\u0101 dien\u0101.<\/p>","protected":false},"excerpt":{"rendered":"<p>T\u0113ja GULFSTREAM \u0137irsis 50g \u0136ir\u0161u t\u0113ja ir dz\u0113riens ar bag\u0101t\u012bgu, bag\u0101t\u012bgu gar\u0161u, kas papildin\u0101ts ar kan\u0113\u013ca un citrusaug\u013cu not\u012bm. \u0160is t\u0113jas mais\u012bjums ir gatavots no bieze\u0146a b\u0101zes. Sast\u0101vda\u013cas: \u0137ir\u0161i, apels\u012bni, kan\u0113lis. (cukurs, sald\u0113ti \u0137ir\u0161i bez kauli\u0146iem 32%, dab\u012bgais medus 12%, apels\u012bni 11%, sald\u0113tas upenes 10%, Jamaikas ro\u017eu ziedlapi\u0146as, malts kan\u0113lis, malti sarkanie pipari, muskatrieksts, krustnagli\u0146as. [\u2026]<\/p>","protected":false},"featured_media":30887,"comment_status":"open","ping_status":"closed","template":"","meta":[],"_links":{"self":[{"href":"https:\/\/hookahshop.lt\/lv\/wp-json\/wp\/v2\/product\/30893"}],"collection":[{"href":"https:\/\/hookahshop.lt\/lv\/wp-json\/wp\/v2\/product"}],"about":[{"href":"https:\/\/hookahshop.lt\/lv\/wp-json\/wp\/v2\/types\/product"}],"replies":[{"embeddable":true,"href":"https:\/\/hookahshop.lt\/lv\/wp-json\/wp\/v2\/comments?post=30893"}],"version-history":[{"count":7,"href":"https:\/\/hookahshop.lt\/lv\/wp-json\/wp\/v2\/product\/30893\/revisions"}],"predecessor-version":[{"id":34098,"href":"https:\/\/hookahshop.lt\/lv\/wp-json\/wp\/v2\/product\/30893\/revisions\/34098"}],"wp:featuredmedia":[{"embeddable":true,"href":"https:\/\/hookahshop.lt\/lv\/wp-json\/wp\/v2\/media\/30887"}],"wp:attachment":[{"href":"https:\/\/hookahshop.lt\/lv\/wp-json\/wp\/v2\/media?parent=30893"}],"curies":[{"name":"wp","href":"https:\/\/api.w.org\/{rel}","templated":true}]}}