{"id":30902,"date":"2022-01-25T22:25:03","date_gmt":"2022-01-25T20:25:03","guid":{"rendered":"https:\/\/hookahshop.lt\/?post_type=product&#038;p=30902"},"modified":"2026-04-14T23:29:26","modified_gmt":"2026-04-14T20:29:26","slug":"arbata-gulfstream-imbierine-50g","status":"publish","type":"product","link":"https:\/\/hookahshop.lt\/lv\/produkt\/teja-gulfstream-ingvers-50g\/","title":{"rendered":"GULFSTREAM ingvera t\u0113ja 50g"},"content":{"rendered":"<h2>GULFSTREAM ingvera t\u0113ja 50g<\/h2>\n<p>T\u0113ja ar bag\u0101t\u012bgu ingvera gar\u0161u, bag\u0101tin\u0101ta ar dab\u012bgo medu un pikantaj\u0101m laima aug\u013cu gar\u0161as not\u012bm. \u0160is t\u0113jas mais\u012bjums ir gatavots no bieze\u0146a b\u0101zes.<\/p>\n<p><strong>Sast\u0101vda\u013cas: medus, ingvers, laima aug\u013ci.\u00a0<\/strong><\/p>\n<p>Vai jums ir k\u0101di jaut\u0101jumi? Sazinies ar mums\u00a0<a href=\"https:\/\/hookahshop.lt\/lv\/kontaktiem\/\">kontaktu lapa<\/a>\u00a0vai rakstiet mums pa e-pastu\u00a0<a href=\"https:\/\/facebook.com\/HookahShop.lt\/\" target=\"_blank\" rel=\"noopener noreferrer\">Facebook konts<\/a>\u00a0un m\u0113s atbild\u0113sim uz j\u016bsu piepras\u012bjumu taj\u0101 pa\u0161\u0101 dien\u0101.<\/p>","protected":false},"excerpt":{"rendered":"<p>T\u0113ja GULFSTREAM ingvera 50g Bag\u0101t\u012bga t\u0113ja ar ingvera gar\u0161u, bag\u0101tin\u0101ta ar dab\u012bgo medu un pikantaj\u0101m laima aug\u013cu gar\u0161as not\u012bm. \u0160is t\u0113jas mais\u012bjums ir pagatavots ar bieze\u0146a b\u0101zi. Sast\u0101vda\u013cas: medus, ingvers, laima aug\u013ci. Vai jums ir k\u0101di jaut\u0101jumi? Sazinieties ar mums kontaktu lap\u0101 vai rakstiet mums uz m\u016bsu Facebook kontu un m\u0113s atbild\u0113sim uz j\u016bsu piepras\u012bjumu taj\u0101 pa\u0161\u0101 dien\u0101.<\/p>","protected":false},"featured_media":40889,"comment_status":"open","ping_status":"closed","template":"","meta":[],"_links":{"self":[{"href":"https:\/\/hookahshop.lt\/lv\/wp-json\/wp\/v2\/product\/30902"}],"collection":[{"href":"https:\/\/hookahshop.lt\/lv\/wp-json\/wp\/v2\/product"}],"about":[{"href":"https:\/\/hookahshop.lt\/lv\/wp-json\/wp\/v2\/types\/product"}],"replies":[{"embeddable":true,"href":"https:\/\/hookahshop.lt\/lv\/wp-json\/wp\/v2\/comments?post=30902"}],"version-history":[{"count":6,"href":"https:\/\/hookahshop.lt\/lv\/wp-json\/wp\/v2\/product\/30902\/revisions"}],"predecessor-version":[{"id":30920,"href":"https:\/\/hookahshop.lt\/lv\/wp-json\/wp\/v2\/product\/30902\/revisions\/30920"}],"wp:featuredmedia":[{"embeddable":true,"href":"https:\/\/hookahshop.lt\/lv\/wp-json\/wp\/v2\/media\/40889"}],"wp:attachment":[{"href":"https:\/\/hookahshop.lt\/lv\/wp-json\/wp\/v2\/media?parent=30902"}],"curies":[{"name":"wp","href":"https:\/\/api.w.org\/{rel}","templated":true}]}}