{"id":30910,"date":"2022-01-25T22:41:43","date_gmt":"2022-01-25T20:41:43","guid":{"rendered":"https:\/\/hookahshop.lt\/?post_type=product&#038;p=30910"},"modified":"2026-04-14T23:29:26","modified_gmt":"2026-04-14T20:29:26","slug":"arbata-gulfstream-saltalankiu-50g","status":"publish","type":"product","link":"https:\/\/hookahshop.lt\/lv\/produkt\/teja-gulfstream-saltalankiu-50g\/","title":{"rendered":"T\u0113ja GULFSTREAM smilts\u0113rk\u0161\u0137u 50g"},"content":{"rendered":"<h2>T\u0113ja GULFSTREAM smilts\u0113rk\u0161\u0137u 50g<\/h2>\n<p>Bag\u0101t\u012bg\u0101 smilts\u0113rk\u0161\u0137u, ingvera, kan\u0113\u013ca un medus kombin\u0101cija p\u0101rsteigs ar savu unik\u0101lo gar\u0161u. J\u016bs nekav\u0113joties sajut\u012bsiet dz\u0113riena unik\u0101lo gar\u0161u un priek\u0161roc\u012bbas. Auksts dz\u0113riens atsvaidzin\u0101s karst\u0101 vasaras dien\u0101, bet karsta t\u0113ja sasild\u012bs v\u0113s\u0101 ziem\u0101. \u0160is t\u0113jas mais\u012bjums ir gatavots no bieze\u0146a b\u0101zes.<\/p>\n<p><strong>Sast\u0101vda\u013cas: smilts\u0113rk\u0161\u0137i, ingvers, laima aug\u013ci, an\u012bss.<\/strong><br \/>\n(sald\u0113ti smilts\u0113rk\u0161\u0137u cukurs 48%, dab\u012bgais medus 15%, ingvers, laima aug\u013ci, maltais kan\u0113lis, an\u012bss.)<\/p>\n<p>Vai jums ir k\u0101di jaut\u0101jumi? Sazinies ar mums\u00a0<a href=\"https:\/\/hookahshop.lt\/lv\/kontaktiem\/\">kontaktu lapa<\/a>\u00a0vai rakstiet mums pa e-pastu\u00a0<a href=\"https:\/\/facebook.com\/HookahShop.lt\/\" target=\"_blank\" rel=\"noopener noreferrer\">Facebook konts<\/a>\u00a0un m\u0113s atbild\u0113sim uz j\u016bsu piepras\u012bjumu taj\u0101 pa\u0161\u0101 dien\u0101.<\/p>\n<p>&nbsp;<\/p>","protected":false},"excerpt":{"rendered":"<p>GULFSTREAM smilts\u0113rk\u0161\u0137u t\u0113ja 50g Bag\u0101t\u012bg\u0101 smilts\u0113rk\u0161\u0137u, ingvera, kan\u0113\u013ca un medus kombin\u0101cija p\u0101rsteigs ar savu unik\u0101lo gar\u0161u. J\u016bs nekav\u0113joties sajut\u012bsiet dz\u0113riena unik\u0101lo gar\u0161u un priek\u0161roc\u012bbas. Auksts dz\u0113riens atsvaidzin\u0101s karst\u0101 vasaras dien\u0101, bet karsta t\u0113ja sasild\u012bs v\u0113s\u0101 ziem\u0101. \u0160is t\u0113jas mais\u012bjums ir pagatavots no bieze\u0146a b\u0101zes. Sast\u0101vda\u013cas: smilts\u0113rk\u0161\u0137i, ingvers, laima aug\u013ci, an\u012bss. (sald\u0113ti smilts\u0113rk\u0161\u0137u cukurs 48%, dab\u012bgais medus 15%, ingvers, laima aug\u013ci, [...]<\/p>","protected":false},"featured_media":40887,"comment_status":"open","ping_status":"closed","template":"","meta":[],"_links":{"self":[{"href":"https:\/\/hookahshop.lt\/lv\/wp-json\/wp\/v2\/product\/30910"}],"collection":[{"href":"https:\/\/hookahshop.lt\/lv\/wp-json\/wp\/v2\/product"}],"about":[{"href":"https:\/\/hookahshop.lt\/lv\/wp-json\/wp\/v2\/types\/product"}],"replies":[{"embeddable":true,"href":"https:\/\/hookahshop.lt\/lv\/wp-json\/wp\/v2\/comments?post=30910"}],"version-history":[{"count":9,"href":"https:\/\/hookahshop.lt\/lv\/wp-json\/wp\/v2\/product\/30910\/revisions"}],"predecessor-version":[{"id":44597,"href":"https:\/\/hookahshop.lt\/lv\/wp-json\/wp\/v2\/product\/30910\/revisions\/44597"}],"wp:featuredmedia":[{"embeddable":true,"href":"https:\/\/hookahshop.lt\/lv\/wp-json\/wp\/v2\/media\/40887"}],"wp:attachment":[{"href":"https:\/\/hookahshop.lt\/lv\/wp-json\/wp\/v2\/media?parent=30910"}],"curies":[{"name":"wp","href":"https:\/\/api.w.org\/{rel}","templated":true}]}}